{"id":7035,"date":"2024-11-15T06:33:33","date_gmt":"2024-11-15T06:33:33","guid":{"rendered":"https:\/\/www.izahobotanicals.com\/?post_type=product&#038;p=7035"},"modified":"2026-04-02T14:27:28","modified_gmt":"2026-04-02T14:27:28","slug":"duo-vitalite","status":"publish","type":"product","link":"https:\/\/www.izahobotanicals.com\/en\/product\/duo-vitalite\/","title":{"rendered":"Duo Vitalit\u00e9"},"content":{"rendered":"<div data-elementor-type=\"wp-post\" data-elementor-id=\"7035\" class=\"elementor elementor-7035\" data-elementor-post-type=\"product\">\n\t\t\t\t\t\t\t\t\t<section class=\"elementor-section elementor-top-section elementor-element elementor-element-47176d6 elementor-section-boxed elementor-section-height-default elementor-section-height-default\" data-id=\"47176d6\" data-element_type=\"section\">\n\t\t\t\t\t\t<div class=\"elementor-container elementor-column-gap-default\">\n\t\t\t\t\t<div class=\"elementor-column elementor-col-50 elementor-top-column elementor-element elementor-element-73e4f18b\" data-id=\"73e4f18b\" data-element_type=\"column\">\n\t\t\t<div class=\"elementor-widget-wrap\">\n\t\t\t\t\t\t\t\t\t<\/div>\n\t\t<\/div>\n\t\t\t\t<div class=\"elementor-column elementor-col-50 elementor-top-column elementor-element elementor-element-7c47de6\" data-id=\"7c47de6\" data-element_type=\"column\">\n\t\t\t<div class=\"elementor-widget-wrap elementor-element-populated\">\n\t\t\t\t\t\t\t\t<div class=\"elementor-element elementor-element-7897b83f elementor-widget elementor-widget-htmega-accordion-addons\" data-id=\"7897b83f\" data-element_type=\"widget\" id=\"reviews\" data-widget_type=\"htmega-accordion-addons.default\">\n\t\t\t\t<div class=\"elementor-widget-container\">\n\t\t\t<div class=\"accordion\" id=\"accordionExample7897b83f\">                            <div class=\"single_accourdion htmega-icon-align-right\">\n\n                                <div class=\"htmega-accourdion-title\">\n                                    <h2 data-toggle=\"htbcollapse\" data-target=\"#htmega-collapse17897b83f\" class=\"htmega-items-hedding\">AVIS D'UTILISATEURS <span class=\"accourdion-icon close-accourdion\"><i class=\"fas fa-minus\"><\/i><\/span><span class=\"accourdion-icon open-accourdion\"><i class=\"fas fa-plus\"><\/i><\/span><\/h2>                                <\/div>\n\n                                <div id=\"htmega-collapse17897b83f\" class=\"htb-collapse htb-show\" data-parent=\"#accordionExample7897b83f\" >\n                                    <div class=\"accordion-content\">\n                                        <p><\/p>                                    <\/div>\n                                <\/div>\n\n                            <\/div>\n\n                        <\/div>\t\t<\/div>\n\t\t\t\t<\/div>\n\t\t\t\t\t<\/div>\n\t\t<\/div>\n\t\t\t\t\t\t\t<\/div>\n\t\t<\/section>\n\t\t\t\t<section class=\"elementor-section elementor-top-section elementor-element elementor-element-5f4a5004 elementor-section-boxed elementor-section-height-default elementor-section-height-default\" data-id=\"5f4a5004\" data-element_type=\"section\">\n\t\t\t\t\t\t<div class=\"elementor-container elementor-column-gap-default\">\n\t\t\t\t\t<div class=\"elementor-column elementor-col-100 elementor-top-column elementor-element elementor-element-39514892\" data-id=\"39514892\" data-element_type=\"column\">\n\t\t\t<div class=\"elementor-widget-wrap elementor-element-populated\">\n\t\t\t\t\t\t\t\t<div class=\"elementor-element elementor-element-a37df58 elementor-widget elementor-widget-video\" data-id=\"a37df58\" data-element_type=\"widget\" data-settings=\"{&quot;video_type&quot;:&quot;hosted&quot;,&quot;controls&quot;:&quot;yes&quot;}\" data-widget_type=\"video.default\">\n\t\t\t\t<div class=\"elementor-widget-container\">\n\t\t\t<style>\/*! elementor - v3.18.0 - 08-12-2023 *\/\n.elementor-widget-video .elementor-widget-container{overflow:hidden;transform:translateZ(0)}.elementor-widget-video .elementor-wrapper{aspect-ratio:var(--video-aspect-ratio)}.elementor-widget-video .elementor-wrapper iframe,.elementor-widget-video .elementor-wrapper video{height:100%;width:100%;display:flex;border:none;background-color:#000}@supports not (aspect-ratio:1\/1){.elementor-widget-video .elementor-wrapper{position:relative;overflow:hidden;height:0;padding-bottom:calc(100% \/ var(--video-aspect-ratio))}.elementor-widget-video .elementor-wrapper iframe,.elementor-widget-video .elementor-wrapper video{position:absolute;top:0;right:0;bottom:0;left:0}}.elementor-widget-video .elementor-open-inline .elementor-custom-embed-image-overlay{position:absolute;top:0;right:0;bottom:0;left:0;background-size:cover;background-position:50%}.elementor-widget-video .elementor-custom-embed-image-overlay{cursor:pointer;text-align:center}.elementor-widget-video .elementor-custom-embed-image-overlay:hover .elementor-custom-embed-play i{opacity:1}.elementor-widget-video .elementor-custom-embed-image-overlay img{display:block;width:100%;aspect-ratio:var(--video-aspect-ratio);-o-object-fit:cover;object-fit:cover;-o-object-position:center center;object-position:center center}@supports not (aspect-ratio:1\/1){.elementor-widget-video .elementor-custom-embed-image-overlay{position:relative;overflow:hidden;height:0;padding-bottom:calc(100% \/ var(--video-aspect-ratio))}.elementor-widget-video .elementor-custom-embed-image-overlay img{position:absolute;top:0;right:0;bottom:0;left:0}}.elementor-widget-video .e-hosted-video .elementor-video{-o-object-fit:cover;object-fit:cover}.e-con-inner>.elementor-widget-video,.e-con>.elementor-widget-video{width:var(--container-widget-width);--flex-grow:var(--container-widget-flex-grow)}<\/style>\t\t<div class=\"e-hosted-video elementor-wrapper elementor-open-inline\">\n\t\t\t\t\t<video class=\"elementor-video\" src=\"http:\/\/www.izahobotanicals.com\/wp-content\/uploads\/vitalite.mp4\" controls=\"\" preload=\"metadata\" controlslist=\"nodownload\"><\/video>\n\t\t\t\t<\/div>\n\t\t\t\t<\/div>\n\t\t\t\t<\/div>\n\t\t\t\t<div class=\"elementor-element elementor-element-488cd944 align-center elementor-widget elementor-widget-tbay-heading\" data-id=\"488cd944\" data-element_type=\"widget\" data-widget_type=\"tbay-heading.default\">\n\t\t\t\t<div class=\"elementor-widget-container\">\n\t\t\t\n<div class=\"tbay-element tbay-element-heading\">\n\t            <h3 class=\"heading-tbay-title style-1\">\n                <span class=\"title\">Vous aimerez aussi<\/span>            <\/h3>\n        <\/div>\t\t<\/div>\n\t\t\t\t<\/div>\n\t\t\t\t<div class=\"elementor-element elementor-element-5644d1a7 align-center elementor-product-inner elementor-widget elementor-widget-tbay-products\" data-id=\"5644d1a7\" data-element_type=\"widget\" data-widget_type=\"tbay-products.default\">\n\t\t\t\t<div class=\"elementor-widget-container\">\n\t\t\t\n<div class=\"tbay-element tbay-element-products\">\n\n    \n    <div class=\"products row grid products\" data-xlgdesktop=\"3\" data-desktop=\"3\" data-desktopsmall=\"1\" data-tablet=\"2\" data-landscape=\"1\" data-mobile=\"1\">\n\n    \n        <div class=\"item\">\n\t\t\t<div class=\"products-grid product type-product post-7030 status-publish first instock product_cat-infusions has-post-thumbnail shipping-taxable purchasable product-type-simple\">\n\t\t\t<div class=\"product-block grid product v1\" data-product-id=\"7030\">\n\t\t<div class=\"product-content\">\n\t\t\n\t\t<div class=\"block-inner\">\n\t\t\t<figure class=\"image\">\n\t\t\t\t<a title=\"Blend Vitalit\u00e9\" href=\"https:\/\/www.izahobotanicals.com\/en\/product\/blend-vitalite\/\" class=\"product-image\">\n\t\t\t\t\t<img fetchpriority=\"high\" decoding=\"async\" width=\"440\" height=\"586\" src=\"https:\/\/www.izahobotanicals.com\/wp-content\/uploads\/2024\/11\/Blend-Vitalite-440x586.jpg\" class=\"attachment-woocommerce_thumbnail size-woocommerce_thumbnail\" alt=\"Boite d&#039;infusion vitalit\u00e9 avec une mise en sc\u00e8ne sur un fond de nature\" data-xoowscfly=\"fly\" \/>\t\t\t\t<\/a>\n\t\t\t\t\n\t\t\t\t\t\t\t\n\t\t\t\t\t\t<\/figure>\n\n                        \n            <div class=\"group-quick-view\">\n                            <\/div>\n            \n\t\t\t\n\n\t\t<\/div>\n\t\t\n\t\t\t\t\n\t\t\n\t\t<div class=\"caption\">\n            \t\t\t\n                    <h3 class=\"name\"><a href=\"https:\/\/www.izahobotanicals.com\/en\/product\/blend-vitalite\/\">Blend Vitalit\u00e9<\/a><\/h3>\n        \n                        \n\t\t\t\n\n\t\t\t\n\t\t\t<div class=\"group-content\">\n                \t<div class=\"rating\">\n\t\t\t\t\t<div class=\"star-rating\" role=\"img\" aria-label=\"Rated 4.50 out of 5\" data-no-translation-aria-label=\"\"><span style=\"width:90%\" data-no-translation=\"\" data-trp-gettext=\"\">Rated <strong class=\"rating\">4.50<\/strong> out of 5<\/span><\/div>\t\t\t<div class=\"count\"><span>(10 Avis)<\/span><\/div>\n\t\t\t<\/div>\n\t\n\t\t\t\t\n\t\t\t\t\n            <\/div>\n\t\t\t\n\t\t\t\n            \t\n\n            \t\t\t\n\t\t\t\t\t<\/div>\n\n\t\t<div class=\"group-buttons\">\t\n\t\t\t\t<div class=\"add-cart\" title=\"Add to cart\" data-no-translation-title=\"\" ><a href=\"?add-to-cart=7030\" data-quantity=\"1\" class=\"button product_type_simple add_to_cart_button ajax_add_to_cart\" data-product_id=\"7030\" data-product_sku=\"FLOR09.INF.VTL.65G\" aria-label=\"Add \u201cBlend Vitalit\u00e9\u201d to your cart\" aria-describedby=\"\" rel=\"nofollow\" data-no-translation-aria-label=\"\"><span class=\"title-cart\" data-no-translation=\"\" data-trp-gettext=\"\">Add to cart<\/span><\/a><\/div>\t\t    <\/div>\n\t\t\n\t\t    <\/div>\n    \n\t<\/div>\n\t\t\t<\/div>\n        <\/div>\n\n    \n        <div class=\"item\">\n\t\t\t<div class=\"products-grid product type-product post-7031 status-publish instock product_cat-infusions has-post-thumbnail shipping-taxable purchasable product-type-simple\">\n\t\t\t<div class=\"product-block grid product v1\" data-product-id=\"7031\">\n\t\t<div class=\"product-content\">\n\t\t\n\t\t<div class=\"block-inner\">\n\t\t\t<figure class=\"image\">\n\t\t\t\t<a title=\"Blend D\u00e9tox\" href=\"https:\/\/www.izahobotanicals.com\/en\/product\/blend-detox\/\" class=\"product-image\">\n\t\t\t\t\t<img decoding=\"async\" width=\"440\" height=\"586\" src=\"https:\/\/www.izahobotanicals.com\/wp-content\/uploads\/2024\/11\/Blend-Detox-1-440x586.jpg\" class=\"attachment-woocommerce_thumbnail size-woocommerce_thumbnail\" alt=\"Boite d&#039;une Infusion blend d\u00e9tox\" data-xoowscfly=\"fly\" \/>\t\t\t\t<\/a>\n\t\t\t\t\n\t\t\t\t\t\t\t\n\t\t\t\t\t\t<\/figure>\n\n                        \n            <div class=\"group-quick-view\">\n                            <\/div>\n            \n\t\t\t\n\n\t\t<\/div>\n\t\t\n\t\t\t\t\n\t\t\n\t\t<div class=\"caption\">\n            \t\t\t\n                    <h3 class=\"name\"><a href=\"https:\/\/www.izahobotanicals.com\/en\/product\/blend-detox\/\">Blend D\u00e9tox<\/a><\/h3>\n        \n                        \n\t\t\t\n\n\t\t\t\n\t\t\t<div class=\"group-content\">\n                \t<div class=\"rating\">\n\t\t\t\t\t<div class=\"star-rating\" role=\"img\" aria-label=\"Rated 4.82 out of 5\" data-no-translation-aria-label=\"\"><span style=\"width:96.4%\" data-no-translation=\"\" data-trp-gettext=\"\">Rated <strong class=\"rating\">4.82<\/strong> out of 5<\/span><\/div>\t\t\t<div class=\"count\"><span>(11 Avis)<\/span><\/div>\n\t\t\t<\/div>\n\t\n\t\t\t\t\n\t\t\t\t\n            <\/div>\n\t\t\t\n\t\t\t\n            \t\n\n            \t\t\t\n\t\t\t\t\t<\/div>\n\n\t\t<div class=\"group-buttons\">\t\n\t\t\t\t<div class=\"add-cart\" title=\"Add to cart\" data-no-translation-title=\"\" ><a href=\"?add-to-cart=7031\" data-quantity=\"1\" class=\"button product_type_simple add_to_cart_button ajax_add_to_cart\" data-product_id=\"7031\" data-product_sku=\"FLOR09.INF.DTX.40G\" aria-label=\"Add \u201cBlend D\u00e9tox\u201d to your cart\" aria-describedby=\"\" rel=\"nofollow\" data-no-translation-aria-label=\"\"><span class=\"title-cart\" data-no-translation=\"\" data-trp-gettext=\"\">Add to cart<\/span><\/a><\/div>\t\t    <\/div>\n\t\t\n\t\t    <\/div>\n    \n\t<\/div>\n\t\t\t<\/div>\n        <\/div>\n\n    \n        <div class=\"item\">\n\t\t\t<div class=\"products-grid product type-product post-7029 status-publish last instock product_cat-infusions has-post-thumbnail featured shipping-taxable purchasable product-type-simple\">\n\t\t\t<div class=\"product-block grid product v1\" data-product-id=\"7029\">\n\t\t<div class=\"product-content\">\n\t\t\n\t\t<div class=\"block-inner\">\n\t\t\t<figure class=\"image\">\n\t\t\t\t<a title=\"Blend \u00c9quilibre\" href=\"https:\/\/www.izahobotanicals.com\/en\/product\/blend-equilibre\/\" class=\"product-image\">\n\t\t\t\t\t<img decoding=\"async\" width=\"440\" height=\"586\" src=\"https:\/\/www.izahobotanicals.com\/wp-content\/uploads\/2024\/11\/Blend-Equilibre-1-440x586.jpg\" class=\"attachment-woocommerce_thumbnail size-woocommerce_thumbnail\" alt=\"Boite d&#039;une Infusion blend \u00e9quilibre\" data-xoowscfly=\"fly\" \/>\t\t\t\t<\/a>\n\t\t\t\t\n\t\t\t\t\t\t\t\n\t\t\t\t\t\t<\/figure>\n\n                        \n            <div class=\"group-quick-view\">\n                            <\/div>\n            \n\t\t\t\n\n\t\t<\/div>\n\t\t\n\t\t<span class=\"only-featured onsale\"><span class=\"featured\">Featured<\/span><\/span>\t\t\n\t\t\n\t\t<div class=\"caption\">\n            \t\t\t\n                    <h3 class=\"name\"><a href=\"https:\/\/www.izahobotanicals.com\/en\/product\/blend-equilibre\/\">Blend \u00c9quilibre<\/a><\/h3>\n        \n                        \n\t\t\t\n\n\t\t\t\n\t\t\t<div class=\"group-content\">\n                \t<div class=\"rating\">\n\t\t\t\t\t<div class=\"star-rating\" role=\"img\" aria-label=\"Rated 4.20 out of 5\" data-no-translation-aria-label=\"\"><span style=\"width:84%\" data-no-translation=\"\" data-trp-gettext=\"\">Rated <strong class=\"rating\">4.20<\/strong> out of 5<\/span><\/div>\t\t\t<div class=\"count\"><span>(10 Avis)<\/span><\/div>\n\t\t\t<\/div>\n\t\n\t\t\t\t\n\t\t\t\t\n            <\/div>\n\t\t\t\n\t\t\t\n            \t\n\n            \t\t\t\n\t\t\t\t\t<\/div>\n\n\t\t<div class=\"group-buttons\">\t\n\t\t\t\t<div class=\"add-cart\" title=\"Add to cart\" data-no-translation-title=\"\" ><a href=\"?add-to-cart=7029\" data-quantity=\"1\" class=\"button product_type_simple add_to_cart_button ajax_add_to_cart\" data-product_id=\"7029\" data-product_sku=\"FLOR09.INF.EQL.50G\" aria-label=\"Add \u201cBlend \u00c9quilibre\u201d to your cart\" aria-describedby=\"\" rel=\"nofollow\" data-no-translation-aria-label=\"\"><span class=\"title-cart\" data-no-translation=\"\" data-trp-gettext=\"\">Add to cart<\/span><\/a><\/div>\t\t    <\/div>\n\t\t\n\t\t    <\/div>\n    \n\t<\/div>\n\t\t\t<\/div>\n        <\/div>\n\n     \n\n    <\/div>        \n<\/div>\t\t<\/div>\n\t\t\t\t<\/div>\n\t\t\t\t\t<\/div>\n\t\t<\/div>\n\t\t\t\t\t\t\t<\/div>\n\t\t<\/section>\n\t\t\t\t\t\t\t<\/div>","protected":false},"excerpt":{"rendered":"<p>Le Rituel Vitalit\u00e9 agit aussi bien de l\u2019int\u00e9rieur que de l\u2019ext\u00e9rieur et propose un rituel de soin complet, \u00ab in and out \u00bb pour raffermir la peau et tonifier l\u2019organisme.<\/p>\n<ul>\n<li>BLEND\u202fVITALITE\u202f INFUSION BIO<\/li>\n<\/ul>\n<p>M\u00e9lange d\u2019extraits d\u2019\u00e9pices, fruits et plantes aux vertus stimulantes et tonifiantes. Palette de saveurs rafra\u00eechissantes et p\u00e9tillantes. Inspir\u00e9e des rituels bien-\u00eatre traditionnels de Madagascar.<\/p>\n<ul>\n<li>BLEND\u202fFERMET\u00c9 ET FRA\u00ceCHEUR\u202f LOTION TONIQUE POUR LE CORPS<\/li>\n<\/ul>\n<p>Lotion biphase biomim\u00e9tique enrichie en actifs v\u00e9g\u00e9taux nourrissants et protecteurs. Am\u00e9liore la souplesse et la tonicit\u00e9 de la peau. L\u2019hydratation cutan\u00e9e est maintenue, sublim\u00e9e de notes fra\u00eeches et bois\u00e9es.<\/p>","protected":false},"featured_media":6988,"comment_status":"open","ping_status":"closed","template":"","meta":{"inline_featured_image":false},"product_cat":[98],"product_tag":[],"class_list":["post-7035","product","type-product","status-publish","has-post-thumbnail","hentry","product_cat-routine-complete"],"_links":{"self":[{"href":"https:\/\/www.izahobotanicals.com\/en\/wp-json\/wp\/v2\/product\/7035","targetHints":{"allow":["GET"]}}],"collection":[{"href":"https:\/\/www.izahobotanicals.com\/en\/wp-json\/wp\/v2\/product"}],"about":[{"href":"https:\/\/www.izahobotanicals.com\/en\/wp-json\/wp\/v2\/types\/product"}],"replies":[{"embeddable":true,"href":"https:\/\/www.izahobotanicals.com\/en\/wp-json\/wp\/v2\/comments?post=7035"}],"version-history":[{"count":7,"href":"https:\/\/www.izahobotanicals.com\/en\/wp-json\/wp\/v2\/product\/7035\/revisions"}],"predecessor-version":[{"id":7120,"href":"https:\/\/www.izahobotanicals.com\/en\/wp-json\/wp\/v2\/product\/7035\/revisions\/7120"}],"wp:featuredmedia":[{"embeddable":true,"href":"https:\/\/www.izahobotanicals.com\/en\/wp-json\/wp\/v2\/media\/6988"}],"wp:attachment":[{"href":"https:\/\/www.izahobotanicals.com\/en\/wp-json\/wp\/v2\/media?parent=7035"}],"wp:term":[{"taxonomy":"product_cat","embeddable":true,"href":"https:\/\/www.izahobotanicals.com\/en\/wp-json\/wp\/v2\/product_cat?post=7035"},{"taxonomy":"product_tag","embeddable":true,"href":"https:\/\/www.izahobotanicals.com\/en\/wp-json\/wp\/v2\/product_tag?post=7035"}],"curies":[{"name":"wp","href":"https:\/\/api.w.org\/{rel}","templated":true}]}}