{"id":7032,"date":"2024-11-15T06:33:33","date_gmt":"2024-11-15T06:33:33","guid":{"rendered":"https:\/\/www.izahobotanicals.com\/?post_type=product&#038;p=7032"},"modified":"2026-04-21T14:18:47","modified_gmt":"2026-04-21T14:18:47","slug":"blend-soin-reparateur","status":"publish","type":"product","link":"https:\/\/www.izahobotanicals.com\/en\/product\/blend-soin-reparateur\/","title":{"rendered":"Blend Soin R\u00e9parateur"},"content":{"rendered":"<div data-elementor-type=\"wp-post\" data-elementor-id=\"7032\" class=\"elementor elementor-7032\" data-elementor-post-type=\"product\">\n\t\t\t\t\t\t\t\t\t<section class=\"elementor-section elementor-top-section elementor-element elementor-element-efd7a8c elementor-section-boxed elementor-section-height-default elementor-section-height-default\" data-id=\"efd7a8c\" data-element_type=\"section\">\n\t\t\t\t\t\t<div class=\"elementor-container elementor-column-gap-default\">\n\t\t\t\t\t<div class=\"elementor-column elementor-col-50 elementor-top-column elementor-element elementor-element-fd460c9\" data-id=\"fd460c9\" data-element_type=\"column\">\n\t\t\t<div class=\"elementor-widget-wrap\">\n\t\t\t\t\t\t\t\t\t<\/div>\n\t\t<\/div>\n\t\t\t\t<div class=\"elementor-column elementor-col-50 elementor-top-column elementor-element elementor-element-7241b237\" data-id=\"7241b237\" data-element_type=\"column\">\n\t\t\t<div class=\"elementor-widget-wrap elementor-element-populated\">\n\t\t\t\t\t\t\t\t<div class=\"elementor-element elementor-element-6003fa10 elementor-widget elementor-widget-htmega-accordion-addons\" data-id=\"6003fa10\" data-element_type=\"widget\" id=\"reviews\" data-widget_type=\"htmega-accordion-addons.default\">\n\t\t\t\t<div class=\"elementor-widget-container\">\n\t\t\t<div class=\"accordion\" id=\"accordionExample6003fa10\">                            <div class=\"single_accourdion htmega-icon-align-right\">\n\n                                <div class=\"htmega-accourdion-title\">\n                                    <h2 data-toggle=\"htbcollapse\" data-target=\"#htmega-collapse16003fa10\" class=\"htmega-items-hedding\">CONSEILS D\u2019UTILISATION  <span class=\"accourdion-icon close-accourdion\"><i class=\"fas fa-minus\"><\/i><\/span><span class=\"accourdion-icon open-accourdion\"><i class=\"fas fa-plus\"><\/i><\/span><\/h2>                                <\/div>\n\n                                <div id=\"htmega-collapse16003fa10\" class=\"htb-collapse htb-show\" data-parent=\"#accordionExample6003fa10\" >\n                                    <div class=\"accordion-content\">\n                                        <p><span style=\"font-weight: 400\">Appliquer matin et soir en massages circulaires.<br \/><\/span><span style=\"font-weight: 400\">Non recommand\u00e9 pour les femmes enceintes\/allaitantes et les enfants de moins de 7 ans.<\/span><\/p><p><span style=\"font-weight: 400\">Pour des r\u00e9sultats visibles, appliquez cette huile s\u00e8che deux fois par jour pendant 8 semaines.<\/span><\/p>                                    <\/div>\n                                <\/div>\n\n                            <\/div>\n\n                                                    <div class=\"single_accourdion htmega-icon-align-right\">\n\n                                <div class=\"htmega-accourdion-title\">\n                                    <h2 data-toggle=\"htbcollapse\" data-target=\"#htmega-collapse26003fa10\" class=\"htb-collapsed htmega-items-hedding\">INGREDIENTS  <span class=\"accourdion-icon close-accourdion\"><i class=\"fas fa-minus\"><\/i><\/span><span class=\"accourdion-icon open-accourdion\"><i class=\"fas fa-plus\"><\/i><\/span><\/h2>                                <\/div>\n\n                                <div id=\"htmega-collapse26003fa10\" class=\"htb-collapse\" data-parent=\"#accordionExample6003fa10\" >\n                                    <div class=\"accordion-content\">\n                                        <p><span style=\"font-weight: 400\">Nos ingr\u00e9dients, s\u00e9lectionn\u00e9s avec soin, sont tra\u00e7ables \u00e0 chaque \u00e9tape, du champ au flacon, pour garantir leur origine et qualit\u00e9.<\/span><\/p><ul><li><b>Sigesbeckia orientalis (\u00ab Gu\u00e9rit-vite \u00bb), Centella asiatica, Acmella oleracea (\u00ab Br\u00e8de Mafane \u00bb) et Aframomum angustifolium (\u00ab Longoza \u00bb<\/b><span style=\"font-weight: 400\">) : extraits v\u00e9g\u00e9taux aux vertus r\u00e9g\u00e9n\u00e9ratrices et r\u00e9paratrices.<\/span><\/li><li><b>Cedrelopsis grevei (ou \u00ab Katrafay \u00bb, end\u00e9mique de Madagascar), Cymbopogon martinii (\u00ab Palmarosa \u00bb), Hedychium coronarium (\u00ab Gingembre papillon \u00bb)<\/b><span style=\"font-weight: 400\"> :\u00a0 huiles essentielles aux propri\u00e9t\u00e9s antioxydantes et activatrices cellulaires.<\/span><\/li><li><b>Moringa drouhardii (end\u00e9mique de Madagascar), Simmondsia chinensis (\u00ab Jojoba \u00bb), Opuntia stricta (\u00ab Figue de Barbarie \u00bb) et Aleurites moluccanus (\u00ab Kukui \u00bb<\/b><span style=\"font-weight: 400\">) : huiles v\u00e9g\u00e9tales riches en om\u00e9gas 3, 6 et 9, ultra-nourrissantes et revitalisantes.<\/span><\/li><\/ul><p>INGREDIENTS : COCONUT ALKANES**, SIMMONDSIA CHINENSIS SEED OIL*, MORINGA DROUHARDII SEED OIL*, ALEURITES MOLUCCANUS SEED OIL*, OPUNTIA STRICTA SEED OIL*, COCO-CAPRYLATE\/CAPRATE**, AFRAMOMUM ANGUSTIFOLIUM LEAF EXTRACT, PARFUM\/FRAGRANCE**, HEDYCHIUM CORONARIUM FLOWER\/LEAF\/STEM EXTRACT*, ACMELLA OLERACEA EXTRACT, CEDRELOPSIS GREVEI BARK EXTRACT*, CENTELLA ASIATICA LEAF EXTRACT, CYMBOPOGON MARTINI OIL*, SIGESBECKIA ORIENTALIS EXTRACT, TOCOPHEROL, GERANIOL, CITRAL, LINALOOL, LIMONENE, FARNESOL, ISOEUGENOL<\/p><p>100 % des ingr\u00e9dients sont d\u2019origine naturelle.<\/p>                                    <\/div>\n                                <\/div>\n\n                            <\/div>\n\n                                                    <div class=\"single_accourdion htmega-icon-align-right\">\n\n                                <div class=\"htmega-accourdion-title\">\n                                    <h2 data-toggle=\"htbcollapse\" data-target=\"#htmega-collapse36003fa10\" class=\"htb-collapsed htmega-items-hedding\">OBSERVATIONS CLINIQUES  <span class=\"accourdion-icon close-accourdion\"><i class=\"fas fa-minus\"><\/i><\/span><span class=\"accourdion-icon open-accourdion\"><i class=\"fas fa-plus\"><\/i><\/span><\/h2>                                <\/div>\n\n                                <div id=\"htmega-collapse36003fa10\" class=\"htb-collapse\" data-parent=\"#accordionExample6003fa10\" >\n                                    <div class=\"accordion-content\">\n                                        <p>Test\u00e9 sous contr\u00f4le m\u00e9dical.<\/p><p>86% am\u00e9lioration visible de l\u2019apparence en g\u00e9n\u00e9rale de la peau (1)<\/p><p>100% peau hydrat\u00e9e et nourrie (1), + 46% d\u2019hydratation (2)<\/p><p>86% peau plus souple (1), +18% d\u2019\u00e9lasticit\u00e9 (2)<\/p><p>100% La couleur blanche des vergetures install\u00e9es est att\u00e9nu\u00e9e (1)<\/p><p>71% att\u00e9nuation des traces cicatricielles (1)<\/p><p><i>(1)Tests de satisfaction, n=22 (82% de femmes et 18% d\u2019hommes), dur\u00e9e 28 jours, application biquotidienne<\/i><\/p><p><i>(2)Mesure instrumentale d\u2019hydratation et \u00e9lasticit\u00e9, apr\u00e8s 28 jours, application biquotidienne<\/i><\/p>                                    <\/div>\n                                <\/div>\n\n                            <\/div>\n\n                                                    <div class=\"single_accourdion htmega-icon-align-right\">\n\n                                <div class=\"htmega-accourdion-title\">\n                                    <h2 data-toggle=\"htbcollapse\" data-target=\"#htmega-collapse46003fa10\" class=\"htb-collapsed htmega-items-hedding\">AVIS D'UTILISATEURS <span class=\"accourdion-icon close-accourdion\"><i class=\"fas fa-minus\"><\/i><\/span><span class=\"accourdion-icon open-accourdion\"><i class=\"fas fa-plus\"><\/i><\/span><\/h2>                                <\/div>\n\n                                <div id=\"htmega-collapse46003fa10\" class=\"htb-collapse\" data-parent=\"#accordionExample6003fa10\" >\n                                    <div class=\"accordion-content\">\n                                        <p><\/p>                                    <\/div>\n                                <\/div>\n\n                            <\/div>\n\n                        <\/div>\t\t<\/div>\n\t\t\t\t<\/div>\n\t\t\t\t\t<\/div>\n\t\t<\/div>\n\t\t\t\t\t\t\t<\/div>\n\t\t<\/section>\n\t\t\t\t<section class=\"elementor-section elementor-top-section elementor-element elementor-element-7fd6892f elementor-section-boxed elementor-section-height-default elementor-section-height-default\" data-id=\"7fd6892f\" data-element_type=\"section\">\n\t\t\t\t\t\t<div class=\"elementor-container elementor-column-gap-default\">\n\t\t\t\t\t<div class=\"elementor-column elementor-col-100 elementor-top-column elementor-element elementor-element-1db72d05\" data-id=\"1db72d05\" data-element_type=\"column\">\n\t\t\t<div class=\"elementor-widget-wrap elementor-element-populated\">\n\t\t\t\t\t\t\t\t<div class=\"elementor-element elementor-element-1fa0bf8c align-center elementor-widget elementor-widget-tbay-heading\" data-id=\"1fa0bf8c\" data-element_type=\"widget\" data-widget_type=\"tbay-heading.default\">\n\t\t\t\t<div class=\"elementor-widget-container\">\n\t\t\t\n<div class=\"tbay-element tbay-element-heading\">\n\t            <h3 class=\"heading-tbay-title style-1\">\n                <span class=\"title\">Vous aimerez aussi<\/span>            <\/h3>\n        <\/div>\t\t<\/div>\n\t\t\t\t<\/div>\n\t\t\t\t<div class=\"elementor-element elementor-element-4cbdee11 align-center elementor-product-inner elementor-widget elementor-widget-tbay-products\" data-id=\"4cbdee11\" data-element_type=\"widget\" data-widget_type=\"tbay-products.default\">\n\t\t\t\t<div class=\"elementor-widget-container\">\n\t\t\t\n<div class=\"tbay-element tbay-element-products\">\n\n    \n    <div class=\"products row grid products\" data-xlgdesktop=\"3\" data-desktop=\"3\" data-desktopsmall=\"1\" data-tablet=\"2\" data-landscape=\"1\" data-mobile=\"1\">\n\n    \n        <div class=\"item\">\n\t\t\t<div class=\"products-grid product type-product post-7031 status-publish first instock product_cat-infusions has-post-thumbnail shipping-taxable purchasable product-type-simple\">\n\t\t\t<div class=\"product-block grid product v1\" data-product-id=\"7031\">\n\t\t<div class=\"product-content\">\n\t\t\n\t\t<div class=\"block-inner\">\n\t\t\t<figure class=\"image\">\n\t\t\t\t<a title=\"Blend D\u00e9tox\" href=\"https:\/\/www.izahobotanicals.com\/en\/product\/blend-detox\/\" class=\"product-image\">\n\t\t\t\t\t<img fetchpriority=\"high\" decoding=\"async\" width=\"440\" height=\"586\" src=\"https:\/\/www.izahobotanicals.com\/wp-content\/uploads\/2024\/11\/Blend-Detox-1-440x586.jpg\" class=\"attachment-woocommerce_thumbnail size-woocommerce_thumbnail\" alt=\"Boite d&#039;une Infusion blend d\u00e9tox\" data-xoowscfly=\"fly\" \/>\t\t\t\t<\/a>\n\t\t\t\t\n\t\t\t\t\t\t\t\n\t\t\t\t\t\t<\/figure>\n\n                        \n            <div class=\"group-quick-view\">\n                            <\/div>\n            \n\t\t\t\n\n\t\t<\/div>\n\t\t\n\t\t\t\t\n\t\t\n\t\t<div class=\"caption\">\n            \t\t\t\n                    <h3 class=\"name\"><a href=\"https:\/\/www.izahobotanicals.com\/en\/product\/blend-detox\/\">Blend D\u00e9tox<\/a><\/h3>\n        \n                        \n\t\t\t\n\n\t\t\t\n\t\t\t<div class=\"group-content\">\n                \t<div class=\"rating\">\n\t\t\t\t\t<div class=\"star-rating\" role=\"img\" aria-label=\"Rated 4.82 out of 5\" data-no-translation-aria-label=\"\"><span style=\"width:96.4%\" data-no-translation=\"\" data-trp-gettext=\"\">Rated <strong class=\"rating\">4.82<\/strong> out of 5<\/span><\/div>\t\t\t<div class=\"count\"><span>(11 Avis)<\/span><\/div>\n\t\t\t<\/div>\n\t\n\t\t\t\t\n\t\t\t\t\n            <\/div>\n\t\t\t\n\t\t\t\n            \t\n\n            \t\t\t\n\t\t\t\t\t<\/div>\n\n\t\t<div class=\"group-buttons\">\t\n\t\t\t\t<div class=\"add-cart\" title=\"Add to cart\" data-no-translation-title=\"\" ><a href=\"?add-to-cart=7031\" data-quantity=\"1\" class=\"button product_type_simple add_to_cart_button ajax_add_to_cart\" data-product_id=\"7031\" data-product_sku=\"FLOR09.INF.DTX.40G\" aria-label=\"Add \u201cBlend D\u00e9tox\u201d to your cart\" aria-describedby=\"\" rel=\"nofollow\" data-no-translation-aria-label=\"\"><span class=\"title-cart\" data-no-translation=\"\" data-trp-gettext=\"\">Add to cart<\/span><\/a><\/div>\t\t    <\/div>\n\t\t\n\t\t    <\/div>\n    \n\t<\/div>\n\t\t\t<\/div>\n        <\/div>\n\n    \n        <div class=\"item\">\n\t\t\t<div class=\"products-grid product type-product post-7030 status-publish instock product_cat-infusions has-post-thumbnail shipping-taxable purchasable product-type-simple\">\n\t\t\t<div class=\"product-block grid product v1\" data-product-id=\"7030\">\n\t\t<div class=\"product-content\">\n\t\t\n\t\t<div class=\"block-inner\">\n\t\t\t<figure class=\"image\">\n\t\t\t\t<a title=\"Blend Vitalit\u00e9\" href=\"https:\/\/www.izahobotanicals.com\/en\/product\/blend-vitalite\/\" class=\"product-image\">\n\t\t\t\t\t<img decoding=\"async\" width=\"440\" height=\"586\" src=\"https:\/\/www.izahobotanicals.com\/wp-content\/uploads\/2024\/11\/Blend-Vitalite-440x586.jpg\" class=\"attachment-woocommerce_thumbnail size-woocommerce_thumbnail\" alt=\"Boite d&#039;infusion vitalit\u00e9 avec une mise en sc\u00e8ne sur un fond de nature\" data-xoowscfly=\"fly\" \/>\t\t\t\t<\/a>\n\t\t\t\t\n\t\t\t\t\t\t\t\n\t\t\t\t\t\t<\/figure>\n\n                        \n            <div class=\"group-quick-view\">\n                            <\/div>\n            \n\t\t\t\n\n\t\t<\/div>\n\t\t\n\t\t\t\t\n\t\t\n\t\t<div class=\"caption\">\n            \t\t\t\n                    <h3 class=\"name\"><a href=\"https:\/\/www.izahobotanicals.com\/en\/product\/blend-vitalite\/\">Blend Vitalit\u00e9<\/a><\/h3>\n        \n                        \n\t\t\t\n\n\t\t\t\n\t\t\t<div class=\"group-content\">\n                \t<div class=\"rating\">\n\t\t\t\t\t<div class=\"star-rating\" role=\"img\" aria-label=\"Rated 4.50 out of 5\" data-no-translation-aria-label=\"\"><span style=\"width:90%\" data-no-translation=\"\" data-trp-gettext=\"\">Rated <strong class=\"rating\">4.50<\/strong> out of 5<\/span><\/div>\t\t\t<div class=\"count\"><span>(10 Avis)<\/span><\/div>\n\t\t\t<\/div>\n\t\n\t\t\t\t\n\t\t\t\t\n            <\/div>\n\t\t\t\n\t\t\t\n            \t\n\n            \t\t\t\n\t\t\t\t\t<\/div>\n\n\t\t<div class=\"group-buttons\">\t\n\t\t\t\t<div class=\"add-cart\" title=\"Add to cart\" data-no-translation-title=\"\" ><a href=\"?add-to-cart=7030\" data-quantity=\"1\" class=\"button product_type_simple add_to_cart_button ajax_add_to_cart\" data-product_id=\"7030\" data-product_sku=\"FLOR09.INF.VTL.65G\" aria-label=\"Add \u201cBlend Vitalit\u00e9\u201d to your cart\" aria-describedby=\"\" rel=\"nofollow\" data-no-translation-aria-label=\"\"><span class=\"title-cart\" data-no-translation=\"\" data-trp-gettext=\"\">Add to cart<\/span><\/a><\/div>\t\t    <\/div>\n\t\t\n\t\t    <\/div>\n    \n\t<\/div>\n\t\t\t<\/div>\n        <\/div>\n\n    \n        <div class=\"item\">\n\t\t\t<div class=\"products-grid product type-product post-7029 status-publish last instock product_cat-infusions has-post-thumbnail featured shipping-taxable purchasable product-type-simple\">\n\t\t\t<div class=\"product-block grid product v1\" data-product-id=\"7029\">\n\t\t<div class=\"product-content\">\n\t\t\n\t\t<div class=\"block-inner\">\n\t\t\t<figure class=\"image\">\n\t\t\t\t<a title=\"Blend \u00c9quilibre\" href=\"https:\/\/www.izahobotanicals.com\/en\/product\/blend-equilibre\/\" class=\"product-image\">\n\t\t\t\t\t<img decoding=\"async\" width=\"440\" height=\"586\" src=\"https:\/\/www.izahobotanicals.com\/wp-content\/uploads\/2024\/11\/Blend-Equilibre-1-440x586.jpg\" class=\"attachment-woocommerce_thumbnail size-woocommerce_thumbnail\" alt=\"Boite d&#039;une Infusion blend \u00e9quilibre\" data-xoowscfly=\"fly\" \/>\t\t\t\t<\/a>\n\t\t\t\t\n\t\t\t\t\t\t\t\n\t\t\t\t\t\t<\/figure>\n\n                        \n            <div class=\"group-quick-view\">\n                            <\/div>\n            \n\t\t\t\n\n\t\t<\/div>\n\t\t\n\t\t<span class=\"only-featured onsale\"><span class=\"featured\">Featured<\/span><\/span>\t\t\n\t\t\n\t\t<div class=\"caption\">\n            \t\t\t\n                    <h3 class=\"name\"><a href=\"https:\/\/www.izahobotanicals.com\/en\/product\/blend-equilibre\/\">Blend \u00c9quilibre<\/a><\/h3>\n        \n                        \n\t\t\t\n\n\t\t\t\n\t\t\t<div class=\"group-content\">\n                \t<div class=\"rating\">\n\t\t\t\t\t<div class=\"star-rating\" role=\"img\" aria-label=\"Rated 4.20 out of 5\" data-no-translation-aria-label=\"\"><span style=\"width:84%\" data-no-translation=\"\" data-trp-gettext=\"\">Rated <strong class=\"rating\">4.20<\/strong> out of 5<\/span><\/div>\t\t\t<div class=\"count\"><span>(10 Avis)<\/span><\/div>\n\t\t\t<\/div>\n\t\n\t\t\t\t\n\t\t\t\t\n            <\/div>\n\t\t\t\n\t\t\t\n            \t\n\n            \t\t\t\n\t\t\t\t\t<\/div>\n\n\t\t<div class=\"group-buttons\">\t\n\t\t\t\t<div class=\"add-cart\" title=\"Add to cart\" data-no-translation-title=\"\" ><a href=\"?add-to-cart=7029\" data-quantity=\"1\" class=\"button product_type_simple add_to_cart_button ajax_add_to_cart\" data-product_id=\"7029\" data-product_sku=\"FLOR09.INF.EQL.50G\" aria-label=\"Add \u201cBlend \u00c9quilibre\u201d to your cart\" aria-describedby=\"\" rel=\"nofollow\" data-no-translation-aria-label=\"\"><span class=\"title-cart\" data-no-translation=\"\" data-trp-gettext=\"\">Add to cart<\/span><\/a><\/div>\t\t    <\/div>\n\t\t\n\t\t    <\/div>\n    \n\t<\/div>\n\t\t\t<\/div>\n        <\/div>\n\n     \n\n    <\/div>        \n<\/div>\t\t<\/div>\n\t\t\t\t<\/div>\n\t\t\t\t\t<\/div>\n\t\t<\/div>\n\t\t\t\t\t\t\t<\/div>\n\t\t<\/section>\n\t\t\t\t\t\t\t<\/div>","protected":false},"excerpt":{"rendered":"<p><strong>Spray 50ml<\/strong><\/p>\n<p><strong>R\u00e9pare la peau en stimulant la synth\u00e8se de collag\u00e8ne pour am\u00e9liorer son aspect.<\/strong><\/p>\n<p><em>Efficacit\u00e9 cliniquement prouv\u00e9e : 71 % de r\u00e9duction des traces cicatricielles d\u00e8s 28 jours.*<\/em><\/p>\n<p><span style=\"font-weight: 400;\">Formul\u00e9e avec un complexe d&#8217;ac<\/span><span style=\"font-weight: 400;\">tifs issus des plantes de Madagascar, cette huile s\u00e8che r\u00e9g\u00e9n\u00e9rante est sp\u00e9cialement con\u00e7ue pour <\/span><b>r\u00e9parer<\/b><span style=\"font-weight: 400;\"> et am\u00e9liorer l\u2019apparence de la peau. Elle cible efficacement <\/span><b>cicatrices, vergetures<\/b><span style=\"font-weight: 400;\"> et zones s\u00e8ches, en stimulant <strong>l&#8217;<\/strong><\/span><strong>h<\/strong><b>ydratation<\/b><span style=\"font-weight: 400;\"> et la<\/span><b> r\u00e9g\u00e9n\u00e9ration cellulaire<\/b><span style=\"font-weight: 400;\">.<\/span><\/p>\n<p style=\"text-align: center;\">\u00a0\u00a0<strong>+ \u00a0 Collag\u00e8ne\u00a0 \u00a0 \u00a0 + \u00a0 Hydratation \u00a0 \u00a0 + \u00a0 \u00c9lasticit\u00e9<\/strong><\/p>\n<p><img loading=\"lazy\" decoding=\"async\" class=\"wp-image-328 alignnone\" src=\"http:\/\/www.izahobotanicals.com\/wp-content\/uploads\/2024\/03\/bio.png\" alt=\"\" width=\"60\" height=\"57\" \/><img loading=\"lazy\" decoding=\"async\" class=\"wp-image-328 alignnone\" src=\"http:\/\/www.izahobotanicals.com\/wp-content\/uploads\/2021\/06\/logo-bio.png\" alt=\"\" width=\"48\" height=\"57\" \/><img loading=\"lazy\" decoding=\"async\" class=\"wp-image-329 alignnone\" src=\"http:\/\/www.izahobotanicals.com\/wp-content\/uploads\/2021\/10\/logo-vegan.png\" alt=\"\" width=\"128\" height=\"31\" \/><\/p>","protected":false},"featured_media":7017,"comment_status":"open","ping_status":"closed","template":"","meta":{"inline_featured_image":false},"product_cat":[101],"product_tag":[],"class_list":["post-7032","product","type-product","status-publish","has-post-thumbnail","hentry","product_cat-soins-corps"],"_links":{"self":[{"href":"https:\/\/www.izahobotanicals.com\/en\/wp-json\/wp\/v2\/product\/7032","targetHints":{"allow":["GET"]}}],"collection":[{"href":"https:\/\/www.izahobotanicals.com\/en\/wp-json\/wp\/v2\/product"}],"about":[{"href":"https:\/\/www.izahobotanicals.com\/en\/wp-json\/wp\/v2\/types\/product"}],"replies":[{"embeddable":true,"href":"https:\/\/www.izahobotanicals.com\/en\/wp-json\/wp\/v2\/comments?post=7032"}],"version-history":[{"count":43,"href":"https:\/\/www.izahobotanicals.com\/en\/wp-json\/wp\/v2\/product\/7032\/revisions"}],"predecessor-version":[{"id":7658,"href":"https:\/\/www.izahobotanicals.com\/en\/wp-json\/wp\/v2\/product\/7032\/revisions\/7658"}],"wp:featuredmedia":[{"embeddable":true,"href":"https:\/\/www.izahobotanicals.com\/en\/wp-json\/wp\/v2\/media\/7017"}],"wp:attachment":[{"href":"https:\/\/www.izahobotanicals.com\/en\/wp-json\/wp\/v2\/media?parent=7032"}],"wp:term":[{"taxonomy":"product_cat","embeddable":true,"href":"https:\/\/www.izahobotanicals.com\/en\/wp-json\/wp\/v2\/product_cat?post=7032"},{"taxonomy":"product_tag","embeddable":true,"href":"https:\/\/www.izahobotanicals.com\/en\/wp-json\/wp\/v2\/product_tag?post=7032"}],"curies":[{"name":"wp","href":"https:\/\/api.w.org\/{rel}","templated":true}]}}