{"id":7030,"date":"2024-11-15T06:33:33","date_gmt":"2024-11-15T06:33:33","guid":{"rendered":"https:\/\/www.izahobotanicals.com\/?post_type=product&#038;p=7030"},"modified":"2025-10-11T01:12:15","modified_gmt":"2025-10-11T01:12:15","slug":"blend-vitalite","status":"publish","type":"product","link":"https:\/\/www.izahobotanicals.com\/en\/product\/blend-vitalite\/","title":{"rendered":"Blend Vitalit\u00e9"},"content":{"rendered":"<div data-elementor-type=\"wp-post\" data-elementor-id=\"7030\" class=\"elementor elementor-7030\" data-elementor-post-type=\"product\">\n\t\t\t\t\t\t\t\t\t<section class=\"elementor-section elementor-top-section elementor-element elementor-element-5420de24 elementor-section-boxed elementor-section-height-default elementor-section-height-default\" data-id=\"5420de24\" data-element_type=\"section\">\n\t\t\t\t\t\t<div class=\"elementor-container elementor-column-gap-default\">\n\t\t\t\t\t<div class=\"elementor-column elementor-col-50 elementor-top-column elementor-element elementor-element-44f5c021\" data-id=\"44f5c021\" data-element_type=\"column\">\n\t\t\t<div class=\"elementor-widget-wrap\">\n\t\t\t\t\t\t\t\t\t<\/div>\n\t\t<\/div>\n\t\t\t\t<div class=\"elementor-column elementor-col-50 elementor-top-column elementor-element elementor-element-ac05747\" data-id=\"ac05747\" data-element_type=\"column\">\n\t\t\t<div class=\"elementor-widget-wrap elementor-element-populated\">\n\t\t\t\t\t\t\t\t<div class=\"elementor-element elementor-element-1ce49a57 elementor-widget elementor-widget-htmega-accordion-addons\" data-id=\"1ce49a57\" data-element_type=\"widget\" id=\"reviews\" data-widget_type=\"htmega-accordion-addons.default\">\n\t\t\t\t<div class=\"elementor-widget-container\">\n\t\t\t<div class=\"accordion\" id=\"accordionExample1ce49a57\">                            <div class=\"single_accourdion htmega-icon-align-right\">\n\n                                <div class=\"htmega-accourdion-title\">\n                                    <h2 data-toggle=\"htbcollapse\" data-target=\"#htmega-collapse11ce49a57\" class=\"htmega-items-hedding\">CONSEILS D\u2019UTILISATION  <span class=\"accourdion-icon close-accourdion\"><i class=\"fas fa-minus\"><\/i><\/span><span class=\"accourdion-icon open-accourdion\"><i class=\"fas fa-plus\"><\/i><\/span><\/h2>                                <\/div>\n\n                                <div id=\"htmega-collapse11ce49a57\" class=\"htb-collapse htb-show\" data-parent=\"#accordionExample1ce49a57\" >\n                                    <div class=\"accordion-content\">\n                                        <p>Mettez 2 \u00e0 3 g dans une tasse ou une petite th\u00e9i\u00e8re de 20 cl, puis ajoutez votre eau chaude id\u00e9alement \u00e0 100\u00b0C.<\/p><p>Laissez infuser entre 5 \u00e0 7 min selon le go\u00fbt d\u00e9sir\u00e9.<\/p><p>Pour la version froide, laissez refroidir avant de placer au frais.<\/p><p>Un spa \u00e0 la maison ? L\u2019Infusion Vitalit\u00e9 se d\u00e9guste en compl\u00e9ment de l\u2019application de l\u2019huile Fermet\u00e9 et Fra\u00eecheur-Lotion corps.<\/p>                                    <\/div>\n                                <\/div>\n\n                            <\/div>\n\n                                                    <div class=\"single_accourdion htmega-icon-align-right\">\n\n                                <div class=\"htmega-accourdion-title\">\n                                    <h2 data-toggle=\"htbcollapse\" data-target=\"#htmega-collapse21ce49a57\" class=\"htb-collapsed htmega-items-hedding\">INGREDIENTS  <span class=\"accourdion-icon close-accourdion\"><i class=\"fas fa-minus\"><\/i><\/span><span class=\"accourdion-icon open-accourdion\"><i class=\"fas fa-plus\"><\/i><\/span><\/h2>                                <\/div>\n\n                                <div id=\"htmega-collapse21ce49a57\" class=\"htb-collapse\" data-parent=\"#accordionExample1ce49a57\" >\n                                    <div class=\"accordion-content\">\n                                        <ul><li>Goyave\u00a0: Apport d\u2019\u00e9nergie et protection antioxydante.<\/li><li>Zeste de Mandarine\u00a0: d\u00e9stressant et d\u00e9fatigant.<\/li><li>Zeste de citron\u00a0: Tonifie et diminue la fatigue.<\/li><li>Gingembre\u00a0: Anti-inflammatoire et stimulant c\u00e9r\u00e9bral.<\/li><li>Curcuma\u00a0: Antioxydant et fortifiant immunitaire.<\/li><li>Papaye\u00a0: Riche en vitamine C et fibres, apporte de l\u2019\u00e9nergie.<\/li><li>Ecorce de cannelle\u00a0: Tonifiant.<\/li><\/ul>                                    <\/div>\n                                <\/div>\n\n                            <\/div>\n\n                                                    <div class=\"single_accourdion htmega-icon-align-right\">\n\n                                <div class=\"htmega-accourdion-title\">\n                                    <h2 data-toggle=\"htbcollapse\" data-target=\"#htmega-collapse31ce49a57\" class=\"htb-collapsed htmega-items-hedding\">AVIS D'UTILISATEURS <span class=\"accourdion-icon close-accourdion\"><i class=\"fas fa-minus\"><\/i><\/span><span class=\"accourdion-icon open-accourdion\"><i class=\"fas fa-plus\"><\/i><\/span><\/h2>                                <\/div>\n\n                                <div id=\"htmega-collapse31ce49a57\" class=\"htb-collapse\" data-parent=\"#accordionExample1ce49a57\" >\n                                    <div class=\"accordion-content\">\n                                        <p><\/p>                                    <\/div>\n                                <\/div>\n\n                            <\/div>\n\n                        <\/div>\t\t<\/div>\n\t\t\t\t<\/div>\n\t\t\t\t\t<\/div>\n\t\t<\/div>\n\t\t\t\t\t\t\t<\/div>\n\t\t<\/section>\n\t\t\t\t<section class=\"elementor-section elementor-top-section elementor-element elementor-element-51fd8ebb elementor-section-boxed elementor-section-height-default elementor-section-height-default\" data-id=\"51fd8ebb\" data-element_type=\"section\">\n\t\t\t\t\t\t<div class=\"elementor-container elementor-column-gap-default\">\n\t\t\t\t\t<div class=\"elementor-column elementor-col-100 elementor-top-column elementor-element elementor-element-7ef279b2\" data-id=\"7ef279b2\" data-element_type=\"column\">\n\t\t\t<div class=\"elementor-widget-wrap elementor-element-populated\">\n\t\t\t\t\t\t\t\t<div class=\"elementor-element elementor-element-5944ddc7 align-center elementor-widget elementor-widget-tbay-heading\" data-id=\"5944ddc7\" data-element_type=\"widget\" data-widget_type=\"tbay-heading.default\">\n\t\t\t\t<div class=\"elementor-widget-container\">\n\t\t\t\n<div class=\"tbay-element tbay-element-heading\">\n\t            <h3 class=\"heading-tbay-title style-1\">\n                <span class=\"title\">Vous aimerez aussi<\/span>            <\/h3>\n        <\/div>\t\t<\/div>\n\t\t\t\t<\/div>\n\t\t\t\t<div class=\"elementor-element elementor-element-34d2ef03 align-center elementor-product-inner elementor-widget elementor-widget-tbay-products\" data-id=\"34d2ef03\" data-element_type=\"widget\" data-widget_type=\"tbay-products.default\">\n\t\t\t\t<div class=\"elementor-widget-container\">\n\t\t\t\n<div class=\"tbay-element tbay-element-products\">\n\n    \n    <div class=\"products row grid products\" data-xlgdesktop=\"3\" data-desktop=\"3\" data-desktopsmall=\"1\" data-tablet=\"2\" data-landscape=\"1\" data-mobile=\"1\">\n\n    \n        <div class=\"item\">\n\t\t\t<div class=\"products-grid product type-product post-7026 status-publish first instock product_cat-soins-corps has-post-thumbnail shipping-taxable purchasable product-type-simple\">\n\t\t\t<div class=\"product-block grid product v1\" data-product-id=\"7026\">\n\t\t<div class=\"product-content\">\n\t\t\n\t\t<div class=\"block-inner\">\n\t\t\t<figure class=\"image\">\n\t\t\t\t<a title=\"Blend Fermet\u00e9 &amp; Fra\u00eecheur\" href=\"https:\/\/www.izahobotanicals.com\/en\/product\/blend-fermete-fraicheur\/\" class=\"product-image\">\n\t\t\t\t\t<img fetchpriority=\"high\" decoding=\"async\" width=\"440\" height=\"586\" src=\"https:\/\/www.izahobotanicals.com\/wp-content\/uploads\/2024\/11\/Blend-Fermete-Fraicheur-440x586.jpg\" class=\"attachment-woocommerce_thumbnail size-woocommerce_thumbnail\" alt=\"Flacon d&#039;huile de soin fermet\u00e9 et fraicheur pour peaux en manque de fermet\u00e9 - mise en sc\u00e8ne sur fond neutre \u2013 soin tonifiant\" data-xoowscfly=\"fly\" \/>\t\t\t\t<\/a>\n\t\t\t\t\n\t\t\t\t\t\t\t\n\t\t\t\t\t\t<\/figure>\n\n                        \n            <div class=\"group-quick-view\">\n                            <\/div>\n            \n\t\t\t\n\n\t\t<\/div>\n\t\t\n\t\t\t\t\n\t\t\n\t\t<div class=\"caption\">\n            \t\t\t\n                    <h3 class=\"name\"><a href=\"https:\/\/www.izahobotanicals.com\/en\/product\/blend-fermete-fraicheur\/\">Blend Fermet\u00e9 &amp; Fra\u00eecheur<\/a><\/h3>\n        \n                        \n\t\t\t\n\n\t\t\t\n\t\t\t<div class=\"group-content\">\n                \t<div class=\"rating\">\n\t\t\t\t\t<div class=\"star-rating\" role=\"img\" aria-label=\"Rated 4.84 out of 5\" data-no-translation-aria-label=\"\"><span style=\"width:96.8%\" data-no-translation=\"\" data-trp-gettext=\"\">Rated <strong class=\"rating\">4.84<\/strong> out of 5<\/span><\/div>\t\t\t<div class=\"count\"><span>(50 Avis)<\/span><\/div>\n\t\t\t<\/div>\n\t\n\t\t\t\t\n\t\t\t\t\n            <\/div>\n\t\t\t\n\t\t\t\n            \t\n\n            \t\t\t\n\t\t\t\t\t<\/div>\n\n\t\t<div class=\"group-buttons\">\t\n\t\t\t\t<div class=\"add-cart\" title=\"Add to cart\" data-no-translation-title=\"\" ><a href=\"?add-to-cart=7026\" data-quantity=\"1\" class=\"button product_type_simple add_to_cart_button ajax_add_to_cart\" data-product_id=\"7026\" data-product_sku=\"FLO09.BL.FF.100M\" aria-label=\"Add \u201cBlend Fermet\u00e9 &amp; Fra\u00eecheur\u201d to your cart\" aria-describedby=\"\" rel=\"nofollow\" data-no-translation-aria-label=\"\"><span class=\"title-cart\" data-no-translation=\"\" data-trp-gettext=\"\">Add to cart<\/span><\/a><\/div>\t\t    <\/div>\n\t\t\n\t\t    <\/div>\n    \n\t<\/div>\n\t\t\t<\/div>\n        <\/div>\n\n    \n        <div class=\"item\">\n\t\t\t<div class=\"products-grid product type-product post-7025 status-publish instock product_cat-soins-corps has-post-thumbnail shipping-taxable purchasable product-type-simple\">\n\t\t\t<div class=\"product-block grid product v1\" data-product-id=\"7025\">\n\t\t<div class=\"product-content\">\n\t\t\n\t\t<div class=\"block-inner\">\n\t\t\t<figure class=\"image\">\n\t\t\t\t<a title=\"Blend D\u00e9tox &#038; Relaxation\" href=\"https:\/\/www.izahobotanicals.com\/en\/product\/blend-detox-relaxation\/\" class=\"product-image\">\n\t\t\t\t\t<img decoding=\"async\" width=\"440\" height=\"586\" src=\"https:\/\/www.izahobotanicals.com\/wp-content\/uploads\/2024\/11\/Blend-Detox-Relaxation-440x586.jpg\" class=\"attachment-woocommerce_thumbnail size-woocommerce_thumbnail\" alt=\"Flacon d&#039;huile de soin d\u00e9tox et relaxation - soin d\u00e9toxifiant et relaxant\" data-xoowscfly=\"fly\" \/>\t\t\t\t<\/a>\n\t\t\t\t\n\t\t\t\t\t\t\t\n\t\t\t\t\t\t<\/figure>\n\n                        \n            <div class=\"group-quick-view\">\n                            <\/div>\n            \n\t\t\t\n\n\t\t<\/div>\n\t\t\n\t\t\t\t\n\t\t\n\t\t<div class=\"caption\">\n            \t\t\t\n                    <h3 class=\"name\"><a href=\"https:\/\/www.izahobotanicals.com\/en\/product\/blend-detox-relaxation\/\">Blend D\u00e9tox &#038; Relaxation<\/a><\/h3>\n        \n                        \n\t\t\t\n\n\t\t\t\n\t\t\t<div class=\"group-content\">\n                \t<div class=\"rating\">\n\t\t\t\t\t<div class=\"star-rating\" role=\"img\" aria-label=\"Rated 4.85 out of 5\" data-no-translation-aria-label=\"\"><span style=\"width:97%\" data-no-translation=\"\" data-trp-gettext=\"\">Rated <strong class=\"rating\">4.85<\/strong> out of 5<\/span><\/div>\t\t\t<div class=\"count\"><span>(14 Avis)<\/span><\/div>\n\t\t\t<\/div>\n\t\n\t\t\t\t\n\t\t\t\t\n            <\/div>\n\t\t\t\n\t\t\t\n            \t\n\n            \t\t\t\n\t\t\t\t\t<\/div>\n\n\t\t<div class=\"group-buttons\">\t\n\t\t\t\t<div class=\"add-cart\" title=\"Add to cart\" data-no-translation-title=\"\" ><a href=\"?add-to-cart=7025\" data-quantity=\"1\" class=\"button product_type_simple add_to_cart_button ajax_add_to_cart\" data-product_id=\"7025\" data-product_sku=\"FLO09.BL.DR.100M\" aria-label=\"Add \u201cBlend D\u00e9tox &amp; Relaxation\u201d to your cart\" aria-describedby=\"\" rel=\"nofollow\" data-no-translation-aria-label=\"\"><span class=\"title-cart\" data-no-translation=\"\" data-trp-gettext=\"\">Add to cart<\/span><\/a><\/div>\t\t    <\/div>\n\t\t\n\t\t    <\/div>\n    \n\t<\/div>\n\t\t\t<\/div>\n        <\/div>\n\n    \n        <div class=\"item\">\n\t\t\t<div class=\"products-grid product type-product post-7027 status-publish last instock product_cat-soins-corps has-post-thumbnail featured shipping-taxable purchasable product-type-simple\">\n\t\t\t<div class=\"product-block grid product v1\" data-product-id=\"7027\">\n\t\t<div class=\"product-content\">\n\t\t\n\t\t<div class=\"block-inner\">\n\t\t\t<figure class=\"image\">\n\t\t\t\t<a title=\"Blend Relipidant &#038; Apaisant\" href=\"https:\/\/www.izahobotanicals.com\/en\/product\/blend-relipidant-apaisant\/\" class=\"product-image\">\n\t\t\t\t\t<img decoding=\"async\" width=\"440\" height=\"586\" src=\"https:\/\/www.izahobotanicals.com\/wp-content\/uploads\/2024\/11\/Blend-Relipidant-Apaisant-1-440x586.jpg\" class=\"attachment-woocommerce_thumbnail size-woocommerce_thumbnail\" alt=\"Huile relipidante et apaisante pour peaux sensibles mise en sc\u00e8ne sur fond naturel avec de la vanille \u2013 soin apaisant et hydratant\" data-xoowscfly=\"fly\" \/>\t\t\t\t<\/a>\n\t\t\t\t\n\t\t\t\t\t\t\t\n\t\t\t\t\t\t<\/figure>\n\n                        \n            <div class=\"group-quick-view\">\n                            <\/div>\n            \n\t\t\t\n\n\t\t<\/div>\n\t\t\n\t\t<span class=\"only-featured onsale\"><span class=\"featured\">Featured<\/span><\/span>\t\t\n\t\t\n\t\t<div class=\"caption\">\n            \t\t\t\n                    <h3 class=\"name\"><a href=\"https:\/\/www.izahobotanicals.com\/en\/product\/blend-relipidant-apaisant\/\">Blend Relipidant &#038; Apaisant<\/a><\/h3>\n        \n                        \n\t\t\t\n\n\t\t\t\n\t\t\t<div class=\"group-content\">\n                \t<div class=\"rating\">\n\t\t\t\t\t<div class=\"star-rating\" role=\"img\" aria-label=\"Rated 4.27 out of 5\" data-no-translation-aria-label=\"\"><span style=\"width:85.4%\" data-no-translation=\"\" data-trp-gettext=\"\">Rated <strong class=\"rating\">4.27<\/strong> out of 5<\/span><\/div>\t\t\t<div class=\"count\"><span>(15 Avis)<\/span><\/div>\n\t\t\t<\/div>\n\t\n\t\t\t\t\n\t\t\t\t\n            <\/div>\n\t\t\t\n\t\t\t\n            \t\n\n            \t\t\t\n\t\t\t\t\t<\/div>\n\n\t\t<div class=\"group-buttons\">\t\n\t\t\t\t<div class=\"add-cart\" title=\"Add to cart\" data-no-translation-title=\"\" ><a href=\"?add-to-cart=7027\" data-quantity=\"1\" class=\"button product_type_simple add_to_cart_button ajax_add_to_cart\" data-product_id=\"7027\" data-product_sku=\"FLO09.BL.RA.100M\" aria-label=\"Add \u201cBlend Relipidant &amp; Apaisant\u201d to your cart\" aria-describedby=\"\" rel=\"nofollow\" data-no-translation-aria-label=\"\"><span class=\"title-cart\" data-no-translation=\"\" data-trp-gettext=\"\">Add to cart<\/span><\/a><\/div>\t\t    <\/div>\n\t\t\n\t\t    <\/div>\n    \n\t<\/div>\n\t\t\t<\/div>\n        <\/div>\n\n     \n\n    <\/div>        \n<\/div>\t\t<\/div>\n\t\t\t\t<\/div>\n\t\t\t\t\t<\/div>\n\t\t<\/div>\n\t\t\t\t\t\t\t<\/div>\n\t\t<\/section>\n\t\t\t\t\t\t\t<\/div>","protected":false},"excerpt":{"rendered":"<p><strong>65g<\/strong><br \/>\nL\u2019infusion Blend Vitalit\u00e9 apporte de l\u2019\u00e9nergie et offre une palette de saveurs rafra\u00eechissantes et p\u00e9tillantes. Son m\u00e9lange d\u2019extraits d\u2019\u00e9pices, fruits et plantes est d\u00e9fatigant : on retrouve entre autre la goyave qui apporte \u00e9nergie et protection antioxydante, les zestes de citron et mandarine, d\u00e9fatigants, et le curcuma, fortifiant immunitaire.<br \/>\nInfusion inspir\u00e9e des rituels bien-\u00eatre traditionnels de Madagascar.<\/p>\n<p><img loading=\"lazy\" decoding=\"async\" class=\"alignnone wp-image-419\" src=\"http:\/\/www.izahobotanicals.com\/wp-content\/uploads\/2021\/06\/AB_bio-1.png\" alt=\"\" width=\"41\" height=\"58\" \/><\/p>","protected":false},"featured_media":6965,"comment_status":"open","ping_status":"closed","template":"","meta":{"inline_featured_image":false},"product_cat":[102],"product_tag":[],"class_list":["post-7030","product","type-product","status-publish","has-post-thumbnail","hentry","product_cat-infusions"],"_links":{"self":[{"href":"https:\/\/www.izahobotanicals.com\/en\/wp-json\/wp\/v2\/product\/7030","targetHints":{"allow":["GET"]}}],"collection":[{"href":"https:\/\/www.izahobotanicals.com\/en\/wp-json\/wp\/v2\/product"}],"about":[{"href":"https:\/\/www.izahobotanicals.com\/en\/wp-json\/wp\/v2\/types\/product"}],"replies":[{"embeddable":true,"href":"https:\/\/www.izahobotanicals.com\/en\/wp-json\/wp\/v2\/comments?post=7030"}],"version-history":[{"count":8,"href":"https:\/\/www.izahobotanicals.com\/en\/wp-json\/wp\/v2\/product\/7030\/revisions"}],"predecessor-version":[{"id":7183,"href":"https:\/\/www.izahobotanicals.com\/en\/wp-json\/wp\/v2\/product\/7030\/revisions\/7183"}],"wp:featuredmedia":[{"embeddable":true,"href":"https:\/\/www.izahobotanicals.com\/en\/wp-json\/wp\/v2\/media\/6965"}],"wp:attachment":[{"href":"https:\/\/www.izahobotanicals.com\/en\/wp-json\/wp\/v2\/media?parent=7030"}],"wp:term":[{"taxonomy":"product_cat","embeddable":true,"href":"https:\/\/www.izahobotanicals.com\/en\/wp-json\/wp\/v2\/product_cat?post=7030"},{"taxonomy":"product_tag","embeddable":true,"href":"https:\/\/www.izahobotanicals.com\/en\/wp-json\/wp\/v2\/product_tag?post=7030"}],"curies":[{"name":"wp","href":"https:\/\/api.w.org\/{rel}","templated":true}]}}