{"id":7028,"date":"2024-11-15T06:33:33","date_gmt":"2024-11-15T06:33:33","guid":{"rendered":"https:\/\/www.izahobotanicals.com\/?post_type=product&#038;p=7028"},"modified":"2026-04-02T14:25:58","modified_gmt":"2026-04-02T14:25:58","slug":"blend-soin-recuperation","status":"publish","type":"product","link":"https:\/\/www.izahobotanicals.com\/en\/product\/blend-soin-recuperation\/","title":{"rendered":"Blend Soin R\u00e9cup\u00e9ration"},"content":{"rendered":"<div data-elementor-type=\"wp-post\" data-elementor-id=\"7028\" class=\"elementor elementor-7028\" data-elementor-post-type=\"product\">\n\t\t\t\t\t\t\t\t\t<section class=\"elementor-section elementor-top-section elementor-element elementor-element-356bac3c elementor-section-boxed elementor-section-height-default elementor-section-height-default\" data-id=\"356bac3c\" data-element_type=\"section\">\n\t\t\t\t\t\t<div class=\"elementor-container elementor-column-gap-default\">\n\t\t\t\t\t<div class=\"elementor-column elementor-col-50 elementor-top-column elementor-element elementor-element-725e7440\" data-id=\"725e7440\" data-element_type=\"column\">\n\t\t\t<div class=\"elementor-widget-wrap\">\n\t\t\t\t\t\t\t\t\t<\/div>\n\t\t<\/div>\n\t\t\t\t<div class=\"elementor-column elementor-col-50 elementor-top-column elementor-element elementor-element-63286490\" data-id=\"63286490\" data-element_type=\"column\">\n\t\t\t<div class=\"elementor-widget-wrap elementor-element-populated\">\n\t\t\t\t\t\t\t\t<div class=\"elementor-element elementor-element-14729362 elementor-widget elementor-widget-htmega-accordion-addons\" data-id=\"14729362\" data-element_type=\"widget\" id=\"reviews\" data-widget_type=\"htmega-accordion-addons.default\">\n\t\t\t\t<div class=\"elementor-widget-container\">\n\t\t\t<div class=\"accordion\" id=\"accordionExample14729362\">                            <div class=\"single_accourdion htmega-icon-align-right\">\n\n                                <div class=\"htmega-accourdion-title\">\n                                    <h2 data-toggle=\"htbcollapse\" data-target=\"#htmega-collapse114729362\" class=\"htmega-items-hedding\">SENSORALITE <span class=\"accourdion-icon close-accourdion\"><i class=\"fas fa-minus\"><\/i><\/span><span class=\"accourdion-icon open-accourdion\"><i class=\"fas fa-plus\"><\/i><\/span><\/h2>                                <\/div>\n\n                                <div id=\"htmega-collapse114729362\" class=\"htb-collapse htb-show\" data-parent=\"#accordionExample14729362\" >\n                                    <div class=\"accordion-content\">\n                                        <p>Texture a\u00e9rienne au fini satin\u00e9. <br \/>Fragrance hesp\u00e9rid\u00e9e subtile et r\u00e9confortante.<\/p>                                    <\/div>\n                                <\/div>\n\n                            <\/div>\n\n                                                    <div class=\"single_accourdion htmega-icon-align-right\">\n\n                                <div class=\"htmega-accourdion-title\">\n                                    <h2 data-toggle=\"htbcollapse\" data-target=\"#htmega-collapse214729362\" class=\"htb-collapsed htmega-items-hedding\">CONSEILS D\u2019UTILISATION <span class=\"accourdion-icon close-accourdion\"><i class=\"fas fa-minus\"><\/i><\/span><span class=\"accourdion-icon open-accourdion\"><i class=\"fas fa-plus\"><\/i><\/span><\/h2>                                <\/div>\n\n                                <div id=\"htmega-collapse214729362\" class=\"htb-collapse\" data-parent=\"#accordionExample14729362\" >\n                                    <div class=\"accordion-content\">\n                                        <p><span style=\"font-weight: 400\">Apr\u00e8s l\u2019effort physique, massez les zones cibl\u00e9es avec des mouvements circulaires amples et lents. <br \/>Non recommand\u00e9 pour les femmes enceintes\/allaitantes <\/span>et aux enfants de moins de 7 ans.<\/p>                                    <\/div>\n                                <\/div>\n\n                            <\/div>\n\n                                                    <div class=\"single_accourdion htmega-icon-align-right\">\n\n                                <div class=\"htmega-accourdion-title\">\n                                    <h2 data-toggle=\"htbcollapse\" data-target=\"#htmega-collapse314729362\" class=\"htb-collapsed htmega-items-hedding\">INGREDIENTS  <span class=\"accourdion-icon close-accourdion\"><i class=\"fas fa-minus\"><\/i><\/span><span class=\"accourdion-icon open-accourdion\"><i class=\"fas fa-plus\"><\/i><\/span><\/h2>                                <\/div>\n\n                                <div id=\"htmega-collapse314729362\" class=\"htb-collapse\" data-parent=\"#accordionExample14729362\" >\n                                    <div class=\"accordion-content\">\n                                        <p><span style=\"font-weight: 400\">Nos ingr\u00e9dients, s\u00e9lectionn\u00e9s avec soin, sont tra\u00e7ables \u00e0 chaque \u00e9tape, du champ au flacon, pour garantir leur origine et qualit\u00e9.<\/span><\/p><ul><li><span style=\"font-weight: 400\">\u00a0<\/span><b>Melaleuca quinquenervia (\u00ab Niaouli \u00bb) et Aframomum angustifolium (\u00ab Longoza \u00bb)<\/b><span style=\"font-weight: 400\"> : extraits v\u00e9g\u00e9taux <\/span><span style=\"font-weight: 400\">aux vertus r\u00e9g\u00e9n\u00e9ratrices et tonifiantes.<\/span><\/li><li><b><i>Cedrelopsis grevei<\/i><\/b><b> (ou \u00ab Katrafay \u00bb, end\u00e9mique de Madagascar), <\/b><b><i>Schinus terebinthifolius<\/i><\/b><b> (\u00ab Baie Rose \u00bb), <\/b><b><i>Eucalyptus citriodora<\/i><\/b><b> (\u00ab Eucalyptus citronn\u00e9 \u00bb), <\/b><b><i>Zingiber officinale<\/i><\/b><b> (\u00ab Gingembre \u00bb) et <\/b><b><i>Cananga odorata<\/i><\/b><b> (\u00ab Ylang-Ylang \u00bb)<\/b> :\u00a0 huiles essentielles aux propri\u00e9t\u00e9s d\u00e9contractantes et apaisantes, favorisant le confort musculaire.<\/li><li><b><i>Moringa drouhardii<\/i><\/b><b> (end\u00e9mique de Madagascar), <\/b><b><i>Simmondsia chinensis<\/i><\/b><b> (\u00ab Jojoba \u00bb), <\/b><b><i>Opuntia stricta<\/i><\/b><b> (\u00ab Figue de Barbarie \u00bb), <\/b><b><i>Calophyllum inophyllum<\/i><\/b><b> (\u00ab Tamanu \u00bb) et <\/b><b><i>Aleurites moluccanus<\/i><\/b><b> (\u00ab Kukui \u00bb)<\/b> : huiles v\u00e9g\u00e9tales riches en om\u00e9gas 3, 6 et 9, ultra-nourrissantes et revitalisantes.<\/li><\/ul><p>INGREDIENTS\u00a0: COCONUT ALKANES**, SIMMONDSIA CHINENSIS SEED OIL*, MORINGA DROUHARDII SEED OIL*, ALEURITES MOLUCCANUS SEED OIL*, OPUNTIA STRICTA SEED OIL*, COCO-CAPRYLATE\/CAPRATE**, MELALEUCA QUINQUENERVIA LEAF\u00a0 EXTRACT*,\u00a0 AFRAMOMUM ANGUSTIFOLIUM LEAF EXTRACT, PARFUM\/FRAGRANCE**, CALOPHYLLUM INOPHYLLUM SEED OIL*, CANANGA ODORATA FLOWER OIL*, ZINGIBER OFFICINALE ROOT OIL*, CEDRELOPSIS GREVEI BARK EXTRACT*, EUCALYPTUS CITRIODORA OIL*, SCHINUS TEREBINTHIFOLIUS SEED OIL*, TOCOPHEROL, LIMONENE, CITRAL, CITRONELLOL, LINALOOL, BENZYL BENZOATE, COUMARIN, GERANIOL, FARNESOL, BENZYL SALICYLATE, EUGENOL<\/p><p>100 % des ingr\u00e9dients sont d\u2019origine naturelle.<\/p>                                    <\/div>\n                                <\/div>\n\n                            <\/div>\n\n                                                    <div class=\"single_accourdion htmega-icon-align-right\">\n\n                                <div class=\"htmega-accourdion-title\">\n                                    <h2 data-toggle=\"htbcollapse\" data-target=\"#htmega-collapse414729362\" class=\"htb-collapsed htmega-items-hedding\">AVIS D'UTILISATEURS <span class=\"accourdion-icon close-accourdion\"><i class=\"fas fa-minus\"><\/i><\/span><span class=\"accourdion-icon open-accourdion\"><i class=\"fas fa-plus\"><\/i><\/span><\/h2>                                <\/div>\n\n                                <div id=\"htmega-collapse414729362\" class=\"htb-collapse\" data-parent=\"#accordionExample14729362\" >\n                                    <div class=\"accordion-content\">\n                                        <p><\/p>                                    <\/div>\n                                <\/div>\n\n                            <\/div>\n\n                        <\/div>\t\t<\/div>\n\t\t\t\t<\/div>\n\t\t\t\t\t<\/div>\n\t\t<\/div>\n\t\t\t\t\t\t\t<\/div>\n\t\t<\/section>\n\t\t\t\t<section class=\"elementor-section elementor-top-section elementor-element elementor-element-7a27636e elementor-section-boxed elementor-section-height-default elementor-section-height-default\" data-id=\"7a27636e\" data-element_type=\"section\">\n\t\t\t\t\t\t<div class=\"elementor-container elementor-column-gap-default\">\n\t\t\t\t\t<div class=\"elementor-column elementor-col-100 elementor-top-column elementor-element elementor-element-c54620c\" data-id=\"c54620c\" data-element_type=\"column\">\n\t\t\t<div class=\"elementor-widget-wrap elementor-element-populated\">\n\t\t\t\t\t\t\t\t<div class=\"elementor-element elementor-element-191e3772 align-center elementor-widget elementor-widget-tbay-heading\" data-id=\"191e3772\" data-element_type=\"widget\" data-widget_type=\"tbay-heading.default\">\n\t\t\t\t<div class=\"elementor-widget-container\">\n\t\t\t\n<div class=\"tbay-element tbay-element-heading\">\n\t            <h3 class=\"heading-tbay-title style-1\">\n                <span class=\"title\">Vous aimerez aussi<\/span>            <\/h3>\n        <\/div>\t\t<\/div>\n\t\t\t\t<\/div>\n\t\t\t\t<div class=\"elementor-element elementor-element-3afca78c align-center elementor-product-inner elementor-widget elementor-widget-tbay-products\" data-id=\"3afca78c\" data-element_type=\"widget\" data-widget_type=\"tbay-products.default\">\n\t\t\t\t<div class=\"elementor-widget-container\">\n\t\t\t\n<div class=\"tbay-element tbay-element-products\">\n\n    \n    <div class=\"products row grid products\" data-xlgdesktop=\"3\" data-desktop=\"3\" data-desktopsmall=\"1\" data-tablet=\"2\" data-landscape=\"1\" data-mobile=\"1\">\n\n    \n        <div class=\"item\">\n\t\t\t<div class=\"products-grid product type-product post-7029 status-publish first instock product_cat-infusions has-post-thumbnail featured shipping-taxable purchasable product-type-simple\">\n\t\t\t<div class=\"product-block grid product v1\" data-product-id=\"7029\">\n\t\t<div class=\"product-content\">\n\t\t\n\t\t<div class=\"block-inner\">\n\t\t\t<figure class=\"image\">\n\t\t\t\t<a title=\"Blend \u00c9quilibre\" href=\"https:\/\/www.izahobotanicals.com\/en\/product\/blend-equilibre\/\" class=\"product-image\">\n\t\t\t\t\t<img fetchpriority=\"high\" decoding=\"async\" width=\"440\" height=\"586\" src=\"https:\/\/www.izahobotanicals.com\/wp-content\/uploads\/2024\/11\/Blend-Equilibre-1-440x586.jpg\" class=\"attachment-woocommerce_thumbnail size-woocommerce_thumbnail\" alt=\"Boite d&#039;une Infusion blend \u00e9quilibre\" data-xoowscfly=\"fly\" \/>\t\t\t\t<\/a>\n\t\t\t\t\n\t\t\t\t\t\t\t\n\t\t\t\t\t\t<\/figure>\n\n                        \n            <div class=\"group-quick-view\">\n                            <\/div>\n            \n\t\t\t\n\n\t\t<\/div>\n\t\t\n\t\t<span class=\"only-featured onsale\"><span class=\"featured\">Featured<\/span><\/span>\t\t\n\t\t\n\t\t<div class=\"caption\">\n            \t\t\t\n                    <h3 class=\"name\"><a href=\"https:\/\/www.izahobotanicals.com\/en\/product\/blend-equilibre\/\">Blend \u00c9quilibre<\/a><\/h3>\n        \n                        \n\t\t\t\n\n\t\t\t\n\t\t\t<div class=\"group-content\">\n                \t<div class=\"rating\">\n\t\t\t\t\t<div class=\"star-rating\" role=\"img\" aria-label=\"Rated 4.20 out of 5\" data-no-translation-aria-label=\"\"><span style=\"width:84%\" data-no-translation=\"\" data-trp-gettext=\"\">Rated <strong class=\"rating\">4.20<\/strong> out of 5<\/span><\/div>\t\t\t<div class=\"count\"><span>(10 Avis)<\/span><\/div>\n\t\t\t<\/div>\n\t\n\t\t\t\t\n\t\t\t\t\n            <\/div>\n\t\t\t\n\t\t\t\n            \t\n\n            \t\t\t\n\t\t\t\t\t<\/div>\n\n\t\t<div class=\"group-buttons\">\t\n\t\t\t\t<div class=\"add-cart\" title=\"Add to cart\" data-no-translation-title=\"\" ><a href=\"?add-to-cart=7029\" data-quantity=\"1\" class=\"button product_type_simple add_to_cart_button ajax_add_to_cart\" data-product_id=\"7029\" data-product_sku=\"FLOR09.INF.EQL.50G\" aria-label=\"Add \u201cBlend \u00c9quilibre\u201d to your cart\" aria-describedby=\"\" rel=\"nofollow\" data-no-translation-aria-label=\"\"><span class=\"title-cart\" data-no-translation=\"\" data-trp-gettext=\"\">Add to cart<\/span><\/a><\/div>\t\t    <\/div>\n\t\t\n\t\t    <\/div>\n    \n\t<\/div>\n\t\t\t<\/div>\n        <\/div>\n\n    \n        <div class=\"item\">\n\t\t\t<div class=\"products-grid product type-product post-7030 status-publish instock product_cat-infusions has-post-thumbnail shipping-taxable purchasable product-type-simple\">\n\t\t\t<div class=\"product-block grid product v1\" data-product-id=\"7030\">\n\t\t<div class=\"product-content\">\n\t\t\n\t\t<div class=\"block-inner\">\n\t\t\t<figure class=\"image\">\n\t\t\t\t<a title=\"Blend Vitalit\u00e9\" href=\"https:\/\/www.izahobotanicals.com\/en\/product\/blend-vitalite\/\" class=\"product-image\">\n\t\t\t\t\t<img decoding=\"async\" width=\"440\" height=\"586\" src=\"https:\/\/www.izahobotanicals.com\/wp-content\/uploads\/2024\/11\/Blend-Vitalite-440x586.jpg\" class=\"attachment-woocommerce_thumbnail size-woocommerce_thumbnail\" alt=\"Boite d&#039;infusion vitalit\u00e9 avec une mise en sc\u00e8ne sur un fond de nature\" data-xoowscfly=\"fly\" \/>\t\t\t\t<\/a>\n\t\t\t\t\n\t\t\t\t\t\t\t\n\t\t\t\t\t\t<\/figure>\n\n                        \n            <div class=\"group-quick-view\">\n                            <\/div>\n            \n\t\t\t\n\n\t\t<\/div>\n\t\t\n\t\t\t\t\n\t\t\n\t\t<div class=\"caption\">\n            \t\t\t\n                    <h3 class=\"name\"><a href=\"https:\/\/www.izahobotanicals.com\/en\/product\/blend-vitalite\/\">Blend Vitalit\u00e9<\/a><\/h3>\n        \n                        \n\t\t\t\n\n\t\t\t\n\t\t\t<div class=\"group-content\">\n                \t<div class=\"rating\">\n\t\t\t\t\t<div class=\"star-rating\" role=\"img\" aria-label=\"Rated 4.50 out of 5\" data-no-translation-aria-label=\"\"><span style=\"width:90%\" data-no-translation=\"\" data-trp-gettext=\"\">Rated <strong class=\"rating\">4.50<\/strong> out of 5<\/span><\/div>\t\t\t<div class=\"count\"><span>(10 Avis)<\/span><\/div>\n\t\t\t<\/div>\n\t\n\t\t\t\t\n\t\t\t\t\n            <\/div>\n\t\t\t\n\t\t\t\n            \t\n\n            \t\t\t\n\t\t\t\t\t<\/div>\n\n\t\t<div class=\"group-buttons\">\t\n\t\t\t\t<div class=\"add-cart\" title=\"Add to cart\" data-no-translation-title=\"\" ><a href=\"?add-to-cart=7030\" data-quantity=\"1\" class=\"button product_type_simple add_to_cart_button ajax_add_to_cart\" data-product_id=\"7030\" data-product_sku=\"FLOR09.INF.VTL.65G\" aria-label=\"Add \u201cBlend Vitalit\u00e9\u201d to your cart\" aria-describedby=\"\" rel=\"nofollow\" data-no-translation-aria-label=\"\"><span class=\"title-cart\" data-no-translation=\"\" data-trp-gettext=\"\">Add to cart<\/span><\/a><\/div>\t\t    <\/div>\n\t\t\n\t\t    <\/div>\n    \n\t<\/div>\n\t\t\t<\/div>\n        <\/div>\n\n    \n        <div class=\"item\">\n\t\t\t<div class=\"products-grid product type-product post-7031 status-publish last instock product_cat-infusions has-post-thumbnail shipping-taxable purchasable product-type-simple\">\n\t\t\t<div class=\"product-block grid product v1\" data-product-id=\"7031\">\n\t\t<div class=\"product-content\">\n\t\t\n\t\t<div class=\"block-inner\">\n\t\t\t<figure class=\"image\">\n\t\t\t\t<a title=\"Blend D\u00e9tox\" href=\"https:\/\/www.izahobotanicals.com\/en\/product\/blend-detox\/\" class=\"product-image\">\n\t\t\t\t\t<img decoding=\"async\" width=\"440\" height=\"586\" src=\"https:\/\/www.izahobotanicals.com\/wp-content\/uploads\/2024\/11\/Blend-Detox-1-440x586.jpg\" class=\"attachment-woocommerce_thumbnail size-woocommerce_thumbnail\" alt=\"Boite d&#039;une Infusion blend d\u00e9tox\" data-xoowscfly=\"fly\" \/>\t\t\t\t<\/a>\n\t\t\t\t\n\t\t\t\t\t\t\t\n\t\t\t\t\t\t<\/figure>\n\n                        \n            <div class=\"group-quick-view\">\n                            <\/div>\n            \n\t\t\t\n\n\t\t<\/div>\n\t\t\n\t\t\t\t\n\t\t\n\t\t<div class=\"caption\">\n            \t\t\t\n                    <h3 class=\"name\"><a href=\"https:\/\/www.izahobotanicals.com\/en\/product\/blend-detox\/\">Blend D\u00e9tox<\/a><\/h3>\n        \n                        \n\t\t\t\n\n\t\t\t\n\t\t\t<div class=\"group-content\">\n                \t<div class=\"rating\">\n\t\t\t\t\t<div class=\"star-rating\" role=\"img\" aria-label=\"Rated 4.82 out of 5\" data-no-translation-aria-label=\"\"><span style=\"width:96.4%\" data-no-translation=\"\" data-trp-gettext=\"\">Rated <strong class=\"rating\">4.82<\/strong> out of 5<\/span><\/div>\t\t\t<div class=\"count\"><span>(11 Avis)<\/span><\/div>\n\t\t\t<\/div>\n\t\n\t\t\t\t\n\t\t\t\t\n            <\/div>\n\t\t\t\n\t\t\t\n            \t\n\n            \t\t\t\n\t\t\t\t\t<\/div>\n\n\t\t<div class=\"group-buttons\">\t\n\t\t\t\t<div class=\"add-cart\" title=\"Add to cart\" data-no-translation-title=\"\" ><a href=\"?add-to-cart=7031\" data-quantity=\"1\" class=\"button product_type_simple add_to_cart_button ajax_add_to_cart\" data-product_id=\"7031\" data-product_sku=\"FLOR09.INF.DTX.40G\" aria-label=\"Add \u201cBlend D\u00e9tox\u201d to your cart\" aria-describedby=\"\" rel=\"nofollow\" data-no-translation-aria-label=\"\"><span class=\"title-cart\" data-no-translation=\"\" data-trp-gettext=\"\">Add to cart<\/span><\/a><\/div>\t\t    <\/div>\n\t\t\n\t\t    <\/div>\n    \n\t<\/div>\n\t\t\t<\/div>\n        <\/div>\n\n     \n\n    <\/div>        \n<\/div>\t\t<\/div>\n\t\t\t\t<\/div>\n\t\t\t\t\t<\/div>\n\t\t<\/div>\n\t\t\t\t\t\t\t<\/div>\n\t\t<\/section>\n\t\t\t\t\t\t\t<\/div>","protected":false},"excerpt":{"rendered":"<p><strong>Spray 50ml<\/strong><\/p>\n<p><b>D\u00e9tend les muscles et optimise la r\u00e9cup\u00e9ration en favorisant le confort musculaire.<\/b><\/p>\n<p><span style=\"font-weight: 400;\">Formul\u00e9e avec un complexe d\u2019actifs v\u00e9g\u00e9taux, cette huile s\u00e8che d\u00e9contractante favorise la<\/span><b> relaxation musculaire<\/b><span style=\"font-weight: 400;\"> et <\/span><b>optimise la r\u00e9cup\u00e9ration<\/b><span style=\"font-weight: 400;\"> apr\u00e8s l\u2019effort. Gr\u00e2ce \u00e0 ses propri\u00e9t\u00e9s apaisantes, elle procure un confort imm\u00e9diat et d\u00e9tend les tensions.\u00a0<\/span><\/p>\n<p style=\"text-align: center;\"><b>\u00a0+ \u00a0 Relaxation\u00a0 \u00a0 \u00a0 + \u00a0 R\u00e9cup\u00e9ration \u00a0 \u00a0 +\u00a0 Confort musculaire<\/b><\/p>\n<p><img loading=\"lazy\" decoding=\"async\" class=\"wp-image-328 alignnone\" src=\"http:\/\/www.izahobotanicals.com\/wp-content\/uploads\/2021\/06\/logo-bio.png\" alt=\"\" width=\"46\" height=\"50\" \/><img loading=\"lazy\" decoding=\"async\" class=\"wp-image-329 alignnone\" src=\"http:\/\/www.izahobotanicals.com\/wp-content\/uploads\/2021\/10\/logo-vegan.png\" alt=\"\" width=\"116\" height=\"30\" \/><\/p>","protected":false},"featured_media":6955,"comment_status":"open","ping_status":"closed","template":"","meta":{"inline_featured_image":false},"product_cat":[101],"product_tag":[],"class_list":["post-7028","product","type-product","status-publish","has-post-thumbnail","hentry","product_cat-soins-corps"],"_links":{"self":[{"href":"https:\/\/www.izahobotanicals.com\/en\/wp-json\/wp\/v2\/product\/7028","targetHints":{"allow":["GET"]}}],"collection":[{"href":"https:\/\/www.izahobotanicals.com\/en\/wp-json\/wp\/v2\/product"}],"about":[{"href":"https:\/\/www.izahobotanicals.com\/en\/wp-json\/wp\/v2\/types\/product"}],"replies":[{"embeddable":true,"href":"https:\/\/www.izahobotanicals.com\/en\/wp-json\/wp\/v2\/comments?post=7028"}],"version-history":[{"count":11,"href":"https:\/\/www.izahobotanicals.com\/en\/wp-json\/wp\/v2\/product\/7028\/revisions"}],"predecessor-version":[{"id":7455,"href":"https:\/\/www.izahobotanicals.com\/en\/wp-json\/wp\/v2\/product\/7028\/revisions\/7455"}],"wp:featuredmedia":[{"embeddable":true,"href":"https:\/\/www.izahobotanicals.com\/en\/wp-json\/wp\/v2\/media\/6955"}],"wp:attachment":[{"href":"https:\/\/www.izahobotanicals.com\/en\/wp-json\/wp\/v2\/media?parent=7028"}],"wp:term":[{"taxonomy":"product_cat","embeddable":true,"href":"https:\/\/www.izahobotanicals.com\/en\/wp-json\/wp\/v2\/product_cat?post=7028"},{"taxonomy":"product_tag","embeddable":true,"href":"https:\/\/www.izahobotanicals.com\/en\/wp-json\/wp\/v2\/product_tag?post=7028"}],"curies":[{"name":"wp","href":"https:\/\/api.w.org\/{rel}","templated":true}]}}