{"id":7027,"date":"2024-11-15T06:33:33","date_gmt":"2024-11-15T06:33:33","guid":{"rendered":"https:\/\/www.izahobotanicals.com\/?post_type=product&#038;p=7027"},"modified":"2026-04-21T14:18:05","modified_gmt":"2026-04-21T14:18:05","slug":"blend-relipidant-apaisant","status":"publish","type":"product","link":"https:\/\/www.izahobotanicals.com\/en\/product\/blend-relipidant-apaisant\/","title":{"rendered":"Blend Relipidant &#038; Apaisant"},"content":{"rendered":"<div data-elementor-type=\"wp-post\" data-elementor-id=\"7027\" class=\"elementor elementor-7027\" data-elementor-post-type=\"product\">\n\t\t\t\t\t\t\t\t\t<section class=\"elementor-section elementor-top-section elementor-element elementor-element-3d6e06d elementor-section-boxed elementor-section-height-default elementor-section-height-default\" data-id=\"3d6e06d\" data-element_type=\"section\">\n\t\t\t\t\t\t<div class=\"elementor-container elementor-column-gap-default\">\n\t\t\t\t\t<div class=\"elementor-column elementor-col-50 elementor-top-column elementor-element elementor-element-7bd7df3b\" data-id=\"7bd7df3b\" data-element_type=\"column\">\n\t\t\t<div class=\"elementor-widget-wrap\">\n\t\t\t\t\t\t\t\t\t<\/div>\n\t\t<\/div>\n\t\t\t\t<div class=\"elementor-column elementor-col-50 elementor-top-column elementor-element elementor-element-53498a14\" data-id=\"53498a14\" data-element_type=\"column\">\n\t\t\t<div class=\"elementor-widget-wrap elementor-element-populated\">\n\t\t\t\t\t\t\t\t<div class=\"elementor-element elementor-element-75c9743f elementor-widget elementor-widget-htmega-accordion-addons\" data-id=\"75c9743f\" data-element_type=\"widget\" id=\"reviews\" data-widget_type=\"htmega-accordion-addons.default\">\n\t\t\t\t<div class=\"elementor-widget-container\">\n\t\t\t<div class=\"accordion\" id=\"accordionExample75c9743f\">                            <div class=\"single_accourdion htmega-icon-align-right\">\n\n                                <div class=\"htmega-accourdion-title\">\n                                    <h2 data-toggle=\"htbcollapse\" data-target=\"#htmega-collapse175c9743f\" class=\"htmega-items-hedding\">SENSORALITE <span class=\"accourdion-icon close-accourdion\"><i class=\"fas fa-minus\"><\/i><\/span><span class=\"accourdion-icon open-accourdion\"><i class=\"fas fa-plus\"><\/i><\/span><\/h2>                                <\/div>\n\n                                <div id=\"htmega-collapse175c9743f\" class=\"htb-collapse htb-show\" data-parent=\"#accordionExample75c9743f\" >\n                                    <div class=\"accordion-content\">\n                                        <p>Offre un fini satin\u00e9 et non gras.<br \/>Subtile touche ambr\u00e9e de vanille de Madagascar.<\/p>                                    <\/div>\n                                <\/div>\n\n                            <\/div>\n\n                                                    <div class=\"single_accourdion htmega-icon-align-right\">\n\n                                <div class=\"htmega-accourdion-title\">\n                                    <h2 data-toggle=\"htbcollapse\" data-target=\"#htmega-collapse275c9743f\" class=\"htb-collapsed htmega-items-hedding\">CONSEILS D\u2019UTILISATION  <span class=\"accourdion-icon close-accourdion\"><i class=\"fas fa-minus\"><\/i><\/span><span class=\"accourdion-icon open-accourdion\"><i class=\"fas fa-plus\"><\/i><\/span><\/h2>                                <\/div>\n\n                                <div id=\"htmega-collapse275c9743f\" class=\"htb-collapse\" data-parent=\"#accordionExample75c9743f\" >\n                                    <div class=\"accordion-content\">\n                                        <p><span style=\"font-weight: 400\">Appliquer matin et soir en massages circulaires sur une peau l\u00e9g\u00e8rement humide.<br \/><\/span>Non recommand\u00e9 pour les femmes enceintes\/allaitantes et les enfants de moins de 7 ans.<\/p>                                    <\/div>\n                                <\/div>\n\n                            <\/div>\n\n                                                    <div class=\"single_accourdion htmega-icon-align-right\">\n\n                                <div class=\"htmega-accourdion-title\">\n                                    <h2 data-toggle=\"htbcollapse\" data-target=\"#htmega-collapse375c9743f\" class=\"htb-collapsed htmega-items-hedding\">INGREDIENTS  <span class=\"accourdion-icon close-accourdion\"><i class=\"fas fa-minus\"><\/i><\/span><span class=\"accourdion-icon open-accourdion\"><i class=\"fas fa-plus\"><\/i><\/span><\/h2>                                <\/div>\n\n                                <div id=\"htmega-collapse375c9743f\" class=\"htb-collapse\" data-parent=\"#accordionExample75c9743f\" >\n                                    <div class=\"accordion-content\">\n                                        <p><span style=\"font-weight: 400\">Nos ingr\u00e9dients, s\u00e9lectionn\u00e9s avec soin, sont tra\u00e7ables \u00e0 chaque \u00e9tape, du champ au flacon, pour garantir leur origine et qualit\u00e9.<\/span><i><i><\/i><\/i><\/p><ul><li><b>Centella asiatica<\/b><span style=\"font-weight: 400\"> : extraits v\u00e9g\u00e9taux aux vertus r\u00e9g\u00e9n\u00e9ratrices et r\u00e9paratrices.<\/span><\/li><li><b><i>Cinnamosma fragrans<\/i><\/b><b> (\u00ab Saro \u00bb end\u00e9mique de Madagascar), <\/b><b><i>Hedychium coronarium<\/i><\/b><b> (\u00ab Gingembre papillon \u00bb) et <\/b><b><i>Cananga odorata<\/i><\/b><b> (\u00ab Ylang-Ylang \u00bb)<\/b> : huiles essentielles aux propri\u00e9t\u00e9s \u00a0anti-irritations et calmantes cutan\u00e9es.<\/li><li><b>Moringa drouhardii (end\u00e9mique de Madagascar), Simmondsia chinensis (\u00ab Jojoba \u00bb), Opuntia stricta (\u00ab Figue de Barbarie \u00bb) et Aleurites moluccanus (\u00ab Kukui \u00bb<\/b>) : huiles v\u00e9g\u00e9tales riches en om\u00e9gas 3, 6 et 9, ultra-nourrissantes et revitalisantes.<\/li><li>Un parfum d\u2019origine naturelle<\/li><\/ul><p>INGREDIENTS : COCONUT ALKANES**, SIMMONDSIA CHINENSIS SEED OIL*, ALEURITES MOLUCCANUS SEED OIL*, MORINGA DROUHARDII SEED OIL*, OPUNTIA STRICTA SEED OIL*, COCO-CAPRYLATE\/CAPRATE**, CENTELLA ASIATICA LEAF EXTRACT*, HEDYCHIUM CORONARIUM FLOWER\/LEAF\/STEM EXTRACT, PARFUM\/FRAGRANCE**, CANANGA ODORATA FLOWER OIL*, CINNAMOSMA FRAGRANS LEAF OIL*, TOCOPHEROL, BENZYL BENZOATE, BENZYL SALICYLATE, LINALOOL, LIMONENE, BENZYL CINNAMATE, FARNESOL, CITRAL, EUGENOL, GERANIOL, BENZYL ALCOHOL<\/p><p>100 % des ingr\u00e9dients sont d\u2019origine naturelle.<\/p>                                    <\/div>\n                                <\/div>\n\n                            <\/div>\n\n                                                    <div class=\"single_accourdion htmega-icon-align-right\">\n\n                                <div class=\"htmega-accourdion-title\">\n                                    <h2 data-toggle=\"htbcollapse\" data-target=\"#htmega-collapse475c9743f\" class=\"htb-collapsed htmega-items-hedding\">OBSERVATIONS CLINIQUES  <span class=\"accourdion-icon close-accourdion\"><i class=\"fas fa-minus\"><\/i><\/span><span class=\"accourdion-icon open-accourdion\"><i class=\"fas fa-plus\"><\/i><\/span><\/h2>                                <\/div>\n\n                                <div id=\"htmega-collapse475c9743f\" class=\"htb-collapse\" data-parent=\"#accordionExample75c9743f\" >\n                                    <div class=\"accordion-content\">\n                                        <p>Test\u00e9 sous contr\u00f4le m\u00e9dical.<br \/>95% am\u00e9lioration visible de l\u2019apparence de la peau (1)<br \/>95% peau hydrat\u00e9e et nourrie (1), +46% d\u2019hydratation (2)<br \/>100% peau confortable et plus douce (1)<\/p><p><em>(1) Tests de satisfaction, n=22 (73% de femmes et 27% d\u2019hommes), dur\u00e9e 28 jours, application quotidienne sur tous types de peaux<\/em><\/p><p><em>(2) Mesure instrumentale d\u2019hydratation, dur\u00e9e 28 jours, application quotidienne.<\/em><\/p>                                    <\/div>\n                                <\/div>\n\n                            <\/div>\n\n                                                    <div class=\"single_accourdion htmega-icon-align-right\">\n\n                                <div class=\"htmega-accourdion-title\">\n                                    <h2 data-toggle=\"htbcollapse\" data-target=\"#htmega-collapse575c9743f\" class=\"htb-collapsed htmega-items-hedding\">AVIS D'UTILISATEURS <span class=\"accourdion-icon close-accourdion\"><i class=\"fas fa-minus\"><\/i><\/span><span class=\"accourdion-icon open-accourdion\"><i class=\"fas fa-plus\"><\/i><\/span><\/h2>                                <\/div>\n\n                                <div id=\"htmega-collapse575c9743f\" class=\"htb-collapse\" data-parent=\"#accordionExample75c9743f\" >\n                                    <div class=\"accordion-content\">\n                                        <p><\/p>                                    <\/div>\n                                <\/div>\n\n                            <\/div>\n\n                        <\/div>\t\t<\/div>\n\t\t\t\t<\/div>\n\t\t\t\t\t<\/div>\n\t\t<\/div>\n\t\t\t\t\t\t\t<\/div>\n\t\t<\/section>\n\t\t\t\t<section class=\"elementor-section elementor-top-section elementor-element elementor-element-4858062d elementor-section-boxed elementor-section-height-default elementor-section-height-default\" data-id=\"4858062d\" data-element_type=\"section\">\n\t\t\t\t\t\t<div class=\"elementor-container elementor-column-gap-default\">\n\t\t\t\t\t<div class=\"elementor-column elementor-col-100 elementor-top-column elementor-element elementor-element-1d48a029\" data-id=\"1d48a029\" data-element_type=\"column\">\n\t\t\t<div class=\"elementor-widget-wrap elementor-element-populated\">\n\t\t\t\t\t\t\t\t<div class=\"elementor-element elementor-element-1557c1a align-center elementor-widget elementor-widget-tbay-heading\" data-id=\"1557c1a\" data-element_type=\"widget\" data-widget_type=\"tbay-heading.default\">\n\t\t\t\t<div class=\"elementor-widget-container\">\n\t\t\t\n<div class=\"tbay-element tbay-element-heading\">\n\t            <h3 class=\"heading-tbay-title style-1\">\n                <span class=\"title\">Vous aimerez aussi<\/span>            <\/h3>\n        <\/div>\t\t<\/div>\n\t\t\t\t<\/div>\n\t\t\t\t<div class=\"elementor-element elementor-element-6f0ca588 align-center elementor-product-inner elementor-widget elementor-widget-tbay-products\" data-id=\"6f0ca588\" data-element_type=\"widget\" data-widget_type=\"tbay-products.default\">\n\t\t\t\t<div class=\"elementor-widget-container\">\n\t\t\t\n<div class=\"tbay-element tbay-element-products\">\n\n    \n    <div class=\"products row grid products\" data-xlgdesktop=\"3\" data-desktop=\"3\" data-desktopsmall=\"1\" data-tablet=\"2\" data-landscape=\"1\" data-mobile=\"1\">\n\n    \n        <div class=\"item\">\n\t\t\t<div class=\"products-grid product type-product post-7031 status-publish first instock product_cat-infusions has-post-thumbnail shipping-taxable purchasable product-type-simple\">\n\t\t\t<div class=\"product-block grid product v1\" data-product-id=\"7031\">\n\t\t<div class=\"product-content\">\n\t\t\n\t\t<div class=\"block-inner\">\n\t\t\t<figure class=\"image\">\n\t\t\t\t<a title=\"Blend D\u00e9tox\" href=\"https:\/\/www.izahobotanicals.com\/en\/product\/blend-detox\/\" class=\"product-image\">\n\t\t\t\t\t<img fetchpriority=\"high\" decoding=\"async\" width=\"440\" height=\"586\" src=\"https:\/\/www.izahobotanicals.com\/wp-content\/uploads\/2024\/11\/Blend-Detox-1-440x586.jpg\" class=\"attachment-woocommerce_thumbnail size-woocommerce_thumbnail\" alt=\"Boite d&#039;une Infusion blend d\u00e9tox\" data-xoowscfly=\"fly\" \/>\t\t\t\t<\/a>\n\t\t\t\t\n\t\t\t\t\t\t\t\n\t\t\t\t\t\t<\/figure>\n\n                        \n            <div class=\"group-quick-view\">\n                            <\/div>\n            \n\t\t\t\n\n\t\t<\/div>\n\t\t\n\t\t\t\t\n\t\t\n\t\t<div class=\"caption\">\n            \t\t\t\n                    <h3 class=\"name\"><a href=\"https:\/\/www.izahobotanicals.com\/en\/product\/blend-detox\/\">Blend D\u00e9tox<\/a><\/h3>\n        \n                        \n\t\t\t\n\n\t\t\t\n\t\t\t<div class=\"group-content\">\n                \t<div class=\"rating\">\n\t\t\t\t\t<div class=\"star-rating\" role=\"img\" aria-label=\"Rated 4.82 out of 5\" data-no-translation-aria-label=\"\"><span style=\"width:96.4%\" data-no-translation=\"\" data-trp-gettext=\"\">Rated <strong class=\"rating\">4.82<\/strong> out of 5<\/span><\/div>\t\t\t<div class=\"count\"><span>(11 Avis)<\/span><\/div>\n\t\t\t<\/div>\n\t\n\t\t\t\t\n\t\t\t\t\n            <\/div>\n\t\t\t\n\t\t\t\n            \t\n\n            \t\t\t\n\t\t\t\t\t<\/div>\n\n\t\t<div class=\"group-buttons\">\t\n\t\t\t\t<div class=\"add-cart\" title=\"Add to cart\" data-no-translation-title=\"\" ><a href=\"?add-to-cart=7031\" data-quantity=\"1\" class=\"button product_type_simple add_to_cart_button ajax_add_to_cart\" data-product_id=\"7031\" data-product_sku=\"FLOR09.INF.DTX.40G\" aria-label=\"Add \u201cBlend D\u00e9tox\u201d to your cart\" aria-describedby=\"\" rel=\"nofollow\" data-no-translation-aria-label=\"\"><span class=\"title-cart\" data-no-translation=\"\" data-trp-gettext=\"\">Add to cart<\/span><\/a><\/div>\t\t    <\/div>\n\t\t\n\t\t    <\/div>\n    \n\t<\/div>\n\t\t\t<\/div>\n        <\/div>\n\n    \n        <div class=\"item\">\n\t\t\t<div class=\"products-grid product type-product post-7030 status-publish instock product_cat-infusions has-post-thumbnail shipping-taxable purchasable product-type-simple\">\n\t\t\t<div class=\"product-block grid product v1\" data-product-id=\"7030\">\n\t\t<div class=\"product-content\">\n\t\t\n\t\t<div class=\"block-inner\">\n\t\t\t<figure class=\"image\">\n\t\t\t\t<a title=\"Blend Vitalit\u00e9\" href=\"https:\/\/www.izahobotanicals.com\/en\/product\/blend-vitalite\/\" class=\"product-image\">\n\t\t\t\t\t<img decoding=\"async\" width=\"440\" height=\"586\" src=\"https:\/\/www.izahobotanicals.com\/wp-content\/uploads\/2024\/11\/Blend-Vitalite-440x586.jpg\" class=\"attachment-woocommerce_thumbnail size-woocommerce_thumbnail\" alt=\"Boite d&#039;infusion vitalit\u00e9 avec une mise en sc\u00e8ne sur un fond de nature\" data-xoowscfly=\"fly\" \/>\t\t\t\t<\/a>\n\t\t\t\t\n\t\t\t\t\t\t\t\n\t\t\t\t\t\t<\/figure>\n\n                        \n            <div class=\"group-quick-view\">\n                            <\/div>\n            \n\t\t\t\n\n\t\t<\/div>\n\t\t\n\t\t\t\t\n\t\t\n\t\t<div class=\"caption\">\n            \t\t\t\n                    <h3 class=\"name\"><a href=\"https:\/\/www.izahobotanicals.com\/en\/product\/blend-vitalite\/\">Blend Vitalit\u00e9<\/a><\/h3>\n        \n                        \n\t\t\t\n\n\t\t\t\n\t\t\t<div class=\"group-content\">\n                \t<div class=\"rating\">\n\t\t\t\t\t<div class=\"star-rating\" role=\"img\" aria-label=\"Rated 4.50 out of 5\" data-no-translation-aria-label=\"\"><span style=\"width:90%\" data-no-translation=\"\" data-trp-gettext=\"\">Rated <strong class=\"rating\">4.50<\/strong> out of 5<\/span><\/div>\t\t\t<div class=\"count\"><span>(10 Avis)<\/span><\/div>\n\t\t\t<\/div>\n\t\n\t\t\t\t\n\t\t\t\t\n            <\/div>\n\t\t\t\n\t\t\t\n            \t\n\n            \t\t\t\n\t\t\t\t\t<\/div>\n\n\t\t<div class=\"group-buttons\">\t\n\t\t\t\t<div class=\"add-cart\" title=\"Add to cart\" data-no-translation-title=\"\" ><a href=\"?add-to-cart=7030\" data-quantity=\"1\" class=\"button product_type_simple add_to_cart_button ajax_add_to_cart\" data-product_id=\"7030\" data-product_sku=\"FLOR09.INF.VTL.65G\" aria-label=\"Add \u201cBlend Vitalit\u00e9\u201d to your cart\" aria-describedby=\"\" rel=\"nofollow\" data-no-translation-aria-label=\"\"><span class=\"title-cart\" data-no-translation=\"\" data-trp-gettext=\"\">Add to cart<\/span><\/a><\/div>\t\t    <\/div>\n\t\t\n\t\t    <\/div>\n    \n\t<\/div>\n\t\t\t<\/div>\n        <\/div>\n\n    \n        <div class=\"item\">\n\t\t\t<div class=\"products-grid product type-product post-7029 status-publish last instock product_cat-infusions has-post-thumbnail featured shipping-taxable purchasable product-type-simple\">\n\t\t\t<div class=\"product-block grid product v1\" data-product-id=\"7029\">\n\t\t<div class=\"product-content\">\n\t\t\n\t\t<div class=\"block-inner\">\n\t\t\t<figure class=\"image\">\n\t\t\t\t<a title=\"Blend \u00c9quilibre\" href=\"https:\/\/www.izahobotanicals.com\/en\/product\/blend-equilibre\/\" class=\"product-image\">\n\t\t\t\t\t<img decoding=\"async\" width=\"440\" height=\"586\" src=\"https:\/\/www.izahobotanicals.com\/wp-content\/uploads\/2024\/11\/Blend-Equilibre-1-440x586.jpg\" class=\"attachment-woocommerce_thumbnail size-woocommerce_thumbnail\" alt=\"Boite d&#039;une Infusion blend \u00e9quilibre\" data-xoowscfly=\"fly\" \/>\t\t\t\t<\/a>\n\t\t\t\t\n\t\t\t\t\t\t\t\n\t\t\t\t\t\t<\/figure>\n\n                        \n            <div class=\"group-quick-view\">\n                            <\/div>\n            \n\t\t\t\n\n\t\t<\/div>\n\t\t\n\t\t<span class=\"only-featured onsale\"><span class=\"featured\">Featured<\/span><\/span>\t\t\n\t\t\n\t\t<div class=\"caption\">\n            \t\t\t\n                    <h3 class=\"name\"><a href=\"https:\/\/www.izahobotanicals.com\/en\/product\/blend-equilibre\/\">Blend \u00c9quilibre<\/a><\/h3>\n        \n                        \n\t\t\t\n\n\t\t\t\n\t\t\t<div class=\"group-content\">\n                \t<div class=\"rating\">\n\t\t\t\t\t<div class=\"star-rating\" role=\"img\" aria-label=\"Rated 4.20 out of 5\" data-no-translation-aria-label=\"\"><span style=\"width:84%\" data-no-translation=\"\" data-trp-gettext=\"\">Rated <strong class=\"rating\">4.20<\/strong> out of 5<\/span><\/div>\t\t\t<div class=\"count\"><span>(10 Avis)<\/span><\/div>\n\t\t\t<\/div>\n\t\n\t\t\t\t\n\t\t\t\t\n            <\/div>\n\t\t\t\n\t\t\t\n            \t\n\n            \t\t\t\n\t\t\t\t\t<\/div>\n\n\t\t<div class=\"group-buttons\">\t\n\t\t\t\t<div class=\"add-cart\" title=\"Add to cart\" data-no-translation-title=\"\" ><a href=\"?add-to-cart=7029\" data-quantity=\"1\" class=\"button product_type_simple add_to_cart_button ajax_add_to_cart\" data-product_id=\"7029\" data-product_sku=\"FLOR09.INF.EQL.50G\" aria-label=\"Add \u201cBlend \u00c9quilibre\u201d to your cart\" aria-describedby=\"\" rel=\"nofollow\" data-no-translation-aria-label=\"\"><span class=\"title-cart\" data-no-translation=\"\" data-trp-gettext=\"\">Add to cart<\/span><\/a><\/div>\t\t    <\/div>\n\t\t\n\t\t    <\/div>\n    \n\t<\/div>\n\t\t\t<\/div>\n        <\/div>\n\n     \n\n    <\/div>        \n<\/div>\t\t<\/div>\n\t\t\t\t<\/div>\n\t\t\t\t\t<\/div>\n\t\t<\/div>\n\t\t\t\t\t\t\t<\/div>\n\t\t<\/section>\n\t\t\t\t\t\t\t<\/div>","protected":false},"excerpt":{"rendered":"<p><strong>Spray 100ML<\/strong><\/p>\n<p><b>Nourrit et r\u00e9g\u00e9n\u00e8re la peau en restaurant son \u00e9quilibre et sa douceur.<\/b><\/p>\n<p><span style=\"font-weight: 400;\">Formul\u00e9e avec un complexe d\u2019huiles v\u00e9g\u00e9tales pr\u00e9cieuses, cette huile botanique r\u00e9g\u00e9n\u00e9rante <\/span><b>nourrit intens\u00e9ment<\/b><span style=\"font-weight: 400;\"> la peau et <\/span><b>restaure son \u00e9quilibre.<\/b><span style=\"font-weight: 400;\"> Enrichie en huile brute de Moringa drouhardii, aux vertus hautement <\/span><b>r\u00e9paratrices<\/b><span style=\"font-weight: 400;\">, elle revitalise l\u2019\u00e9piderme tout en procurant douceur et confort.<\/span><\/p>\n<p><b>\u00a0\u00a0\u00a0+ \u00a0 R\u00e9g\u00e9n\u00e9ration\u00a0 \u00a0 \u00a0 + \u00a0 Nourrissant \u00a0 \u00a0 + \u00a0 Confort<\/b><\/p>\n<p>Optimisez son activit\u00e9 et compl\u00e9tez le rituel avec l\u2019infusion Blend Equilibre.<\/p>\n<p><img loading=\"lazy\" decoding=\"async\" class=\"wp-image-328 alignleft\" src=\"http:\/\/www.izahobotanicals.com\/wp-content\/uploads\/2021\/06\/logo-bio.png\" alt=\"\" width=\"55\" height=\"61\" \/><img loading=\"lazy\" decoding=\"async\" class=\"wp-image-329 alignleft\" src=\"http:\/\/www.izahobotanicals.com\/wp-content\/uploads\/2021\/10\/logo-vegan.png\" alt=\"\" width=\"135\" height=\"33\" \/><\/p>","protected":false},"featured_media":7006,"comment_status":"open","ping_status":"closed","template":"","meta":{"inline_featured_image":false},"product_cat":[101],"product_tag":[],"class_list":["post-7027","product","type-product","status-publish","has-post-thumbnail","hentry","product_cat-soins-corps"],"_links":{"self":[{"href":"https:\/\/www.izahobotanicals.com\/en\/wp-json\/wp\/v2\/product\/7027","targetHints":{"allow":["GET"]}}],"collection":[{"href":"https:\/\/www.izahobotanicals.com\/en\/wp-json\/wp\/v2\/product"}],"about":[{"href":"https:\/\/www.izahobotanicals.com\/en\/wp-json\/wp\/v2\/types\/product"}],"replies":[{"embeddable":true,"href":"https:\/\/www.izahobotanicals.com\/en\/wp-json\/wp\/v2\/comments?post=7027"}],"version-history":[{"count":12,"href":"https:\/\/www.izahobotanicals.com\/en\/wp-json\/wp\/v2\/product\/7027\/revisions"}],"predecessor-version":[{"id":7747,"href":"https:\/\/www.izahobotanicals.com\/en\/wp-json\/wp\/v2\/product\/7027\/revisions\/7747"}],"wp:featuredmedia":[{"embeddable":true,"href":"https:\/\/www.izahobotanicals.com\/en\/wp-json\/wp\/v2\/media\/7006"}],"wp:attachment":[{"href":"https:\/\/www.izahobotanicals.com\/en\/wp-json\/wp\/v2\/media?parent=7027"}],"wp:term":[{"taxonomy":"product_cat","embeddable":true,"href":"https:\/\/www.izahobotanicals.com\/en\/wp-json\/wp\/v2\/product_cat?post=7027"},{"taxonomy":"product_tag","embeddable":true,"href":"https:\/\/www.izahobotanicals.com\/en\/wp-json\/wp\/v2\/product_tag?post=7027"}],"curies":[{"name":"wp","href":"https:\/\/api.w.org\/{rel}","templated":true}]}}