{"id":7026,"date":"2024-11-15T06:33:33","date_gmt":"2024-11-15T06:33:33","guid":{"rendered":"https:\/\/www.izahobotanicals.com\/?post_type=product&#038;p=7026"},"modified":"2026-03-29T23:29:55","modified_gmt":"2026-03-29T23:29:55","slug":"blend-fermete-fraicheur","status":"publish","type":"product","link":"https:\/\/www.izahobotanicals.com\/en\/product\/blend-fermete-fraicheur\/","title":{"rendered":"Blend Fermet\u00e9 &amp; Fra\u00eecheur"},"content":{"rendered":"<div data-elementor-type=\"wp-post\" data-elementor-id=\"7026\" class=\"elementor elementor-7026\" data-elementor-post-type=\"product\">\n\t\t\t\t\t\t\t\t\t<section class=\"elementor-section elementor-top-section elementor-element elementor-element-34af3543 elementor-section-boxed elementor-section-height-default elementor-section-height-default\" data-id=\"34af3543\" data-element_type=\"section\">\n\t\t\t\t\t\t<div class=\"elementor-container elementor-column-gap-default\">\n\t\t\t\t\t<div class=\"elementor-column elementor-col-50 elementor-top-column elementor-element elementor-element-2ef808a2\" data-id=\"2ef808a2\" data-element_type=\"column\">\n\t\t\t<div class=\"elementor-widget-wrap\">\n\t\t\t\t\t\t\t\t\t<\/div>\n\t\t<\/div>\n\t\t\t\t<div class=\"elementor-column elementor-col-50 elementor-top-column elementor-element elementor-element-67b2724c\" data-id=\"67b2724c\" data-element_type=\"column\">\n\t\t\t<div class=\"elementor-widget-wrap elementor-element-populated\">\n\t\t\t\t\t\t\t\t<div class=\"elementor-element elementor-element-2996e99e elementor-widget elementor-widget-htmega-accordion-addons\" data-id=\"2996e99e\" data-element_type=\"widget\" id=\"reviews\" data-widget_type=\"htmega-accordion-addons.default\">\n\t\t\t\t<div class=\"elementor-widget-container\">\n\t\t\t<div class=\"accordion\" id=\"accordionExample2996e99e\">                            <div class=\"single_accourdion htmega-icon-align-right\">\n\n                                <div class=\"htmega-accourdion-title\">\n                                    <h2 data-toggle=\"htbcollapse\" data-target=\"#htmega-collapse12996e99e\" class=\"htmega-items-hedding\">CONSEILS D\u2019UTILISATION  <span class=\"accourdion-icon close-accourdion\"><i class=\"fas fa-minus\"><\/i><\/span><span class=\"accourdion-icon open-accourdion\"><i class=\"fas fa-plus\"><\/i><\/span><\/h2>                                <\/div>\n\n                                <div id=\"htmega-collapse12996e99e\" class=\"htb-collapse htb-show\" data-parent=\"#accordionExample2996e99e\" >\n                                    <div class=\"accordion-content\">\n                                        <p><span style=\"font-weight: 400\">Agiter avant l'utilisation. Appliquer sur peau l\u00e9g\u00e8rement humide en massages circulaires.<\/span><span style=\"font-weight: 400\"><br \/><\/span><span style=\"font-weight: 400\">Non recommand\u00e9 pour les femmes enceintes\/allaitantes et les enfants de moins de 7 ans<\/span><span style=\"font-weight: 400\">.<\/span><\/p>                                    <\/div>\n                                <\/div>\n\n                            <\/div>\n\n                                                    <div class=\"single_accourdion htmega-icon-align-right\">\n\n                                <div class=\"htmega-accourdion-title\">\n                                    <h2 data-toggle=\"htbcollapse\" data-target=\"#htmega-collapse22996e99e\" class=\"htb-collapsed htmega-items-hedding\">INGREDIENTS  <span class=\"accourdion-icon close-accourdion\"><i class=\"fas fa-minus\"><\/i><\/span><span class=\"accourdion-icon open-accourdion\"><i class=\"fas fa-plus\"><\/i><\/span><\/h2>                                <\/div>\n\n                                <div id=\"htmega-collapse22996e99e\" class=\"htb-collapse\" data-parent=\"#accordionExample2996e99e\" >\n                                    <div class=\"accordion-content\">\n                                        <p><span style=\"font-weight: 400\">Nos ingr\u00e9dients, s\u00e9lectionn\u00e9s avec soin, sont tra\u00e7ables \u00e0 chaque \u00e9tape, du champ au flacon, pour garantir leur origine et qualit\u00e9.<\/span><\/p><ul><li><b>Sigesbeckia orientalis (\u00ab Gu\u00e9rit-vite \u00bb), Centella asiatica, Acmella oleracea (\u00ab Br\u00e8de Mafane \u00bb), Aframomum angustifolium (\u00ab Longoza \u00bb) <\/b><b>et Aloe Barbadensis<\/b><span style=\"font-weight: 400\"> : Extraits v\u00e9g\u00e9taux aux propri\u00e9t\u00e9s raffermissantes et stimulantes du collag\u00e8ne.<\/span><\/li><li><b>Cymbopogon martinii <\/b><b>(\u00ab Palmarosa \u00bb), <\/b><b>Vetiveria zizanoides (\u00ab <\/b><b>V\u00e9tiver \u00bb)<\/b><b> et Aframomum angustifolium<\/b><b> (\u00ab Maniguette fine \u00bb)<\/b> :\u00a0 huiles essentielles aux propri\u00e9t\u00e9s raffermissantes et tonifiantes.<\/li><li><b>Moringa drouhardii (end\u00e9mique de Madagascar), Simmondsia chinensis (\u00ab Jojoba \u00bb), Opuntia stricta (\u00ab Figue de Barbarie \u00bb) et Aleurites moluccanus (\u00ab Kukui \u00bb<\/b>) : huiles v\u00e9g\u00e9tales riches en om\u00e9gas 3, 6 et 9, ultra-nourrissantes et revitalisantes.<\/li><\/ul><p>INGREDIENTS: AQUA (WATER), COCONUT ALKANES, SIMMONDSIA CHINENSIS SEED OIL*, ACMELLA OLERACEA EXTRACT*, MORINGA DROUHARDII SEED OIL*, COCO-CAPRYLATE\/CAPRATE, ALEURITES MOLUCCANUS SEED OIL*, OPUNTIA STRICTA SEED OIL*, GLYCERIN, PARFUM\/FRAGRANCE, CENTELLA ASIATICA LEAF EXTRACT, SIGESBECKIA ORIENTALIS EXTRACT, AFRAMOMUM ANGUSTIFOLIUM LEAF OIL*, ALOE BARBADENSIS LEAF JUICE POWDER*, CYMBOPOGON MARTINI OIL*, VETIVERIA ZIZANOIDES ROOT OIL*, SODIUM CHLORIDE, SODIUM BENZOATE, TOCOPHEROL, CITRAL, COUMARIN, FARNESOL, GERANIOL, LIMONENE, LINALOOL<\/p><p>99.75% des ingr\u00e9dients sont d\u2019origine naturelle.<\/p>                                    <\/div>\n                                <\/div>\n\n                            <\/div>\n\n                                                    <div class=\"single_accourdion htmega-icon-align-right\">\n\n                                <div class=\"htmega-accourdion-title\">\n                                    <h2 data-toggle=\"htbcollapse\" data-target=\"#htmega-collapse32996e99e\" class=\"htb-collapsed htmega-items-hedding\">OBSERVATIONS CLINIQUES  <span class=\"accourdion-icon close-accourdion\"><i class=\"fas fa-minus\"><\/i><\/span><span class=\"accourdion-icon open-accourdion\"><i class=\"fas fa-plus\"><\/i><\/span><\/h2>                                <\/div>\n\n                                <div id=\"htmega-collapse32996e99e\" class=\"htb-collapse\" data-parent=\"#accordionExample2996e99e\" >\n                                    <div class=\"accordion-content\">\n                                        <p>Test\u00e9 sous contr\u00f4le m\u00e9dical.<\/p><p>96% am\u00e9lioration visible de l\u2019apparence en g\u00e9n\u00e9rale de la peau (1)<\/p><p>100% peau douce et plus hydrat\u00e9e, +43% d\u2019hydratation (2)<\/p><p>96% peau plus souple et ferme (1), +11% \u00e9lasticit\u00e9 (2)<\/p><p><i>(1)Tests de satisfaction, n=23 (78% de femmes et 22% d\u2019hommes), dur\u00e9e 28 jours, application biquotidienne<\/i><\/p><p><i>(2)<\/i><i> Mesure instrumentale d\u2019hydratation et \u00e9lasticit\u00e9, apr\u00e8s 28 jours, application biquotidienne<\/i><\/p>                                    <\/div>\n                                <\/div>\n\n                            <\/div>\n\n                                                    <div class=\"single_accourdion htmega-icon-align-right\">\n\n                                <div class=\"htmega-accourdion-title\">\n                                    <h2 data-toggle=\"htbcollapse\" data-target=\"#htmega-collapse42996e99e\" class=\"htb-collapsed htmega-items-hedding\">AVIS D'UTILISATEURS <span class=\"accourdion-icon close-accourdion\"><i class=\"fas fa-minus\"><\/i><\/span><span class=\"accourdion-icon open-accourdion\"><i class=\"fas fa-plus\"><\/i><\/span><\/h2>                                <\/div>\n\n                                <div id=\"htmega-collapse42996e99e\" class=\"htb-collapse\" data-parent=\"#accordionExample2996e99e\" >\n                                    <div class=\"accordion-content\">\n                                        <p><\/p>                                    <\/div>\n                                <\/div>\n\n                            <\/div>\n\n                        <\/div>\t\t<\/div>\n\t\t\t\t<\/div>\n\t\t\t\t\t<\/div>\n\t\t<\/div>\n\t\t\t\t\t\t\t<\/div>\n\t\t<\/section>\n\t\t\t\t<section class=\"elementor-section elementor-top-section elementor-element elementor-element-1479a8f3 elementor-section-boxed elementor-section-height-default elementor-section-height-default\" data-id=\"1479a8f3\" data-element_type=\"section\">\n\t\t\t\t\t\t<div class=\"elementor-container elementor-column-gap-default\">\n\t\t\t\t\t<div class=\"elementor-column elementor-col-100 elementor-top-column elementor-element elementor-element-2f3db036\" data-id=\"2f3db036\" data-element_type=\"column\">\n\t\t\t<div class=\"elementor-widget-wrap elementor-element-populated\">\n\t\t\t\t\t\t\t\t<div class=\"elementor-element elementor-element-7be02fbd align-center elementor-widget elementor-widget-tbay-heading\" data-id=\"7be02fbd\" data-element_type=\"widget\" data-widget_type=\"tbay-heading.default\">\n\t\t\t\t<div class=\"elementor-widget-container\">\n\t\t\t\n<div class=\"tbay-element tbay-element-heading\">\n\t            <h3 class=\"heading-tbay-title style-1\">\n                <span class=\"title\">Vous aimerez aussi<\/span>            <\/h3>\n        <\/div>\t\t<\/div>\n\t\t\t\t<\/div>\n\t\t\t\t<div class=\"elementor-element elementor-element-51f6493 align-center elementor-product-inner elementor-widget elementor-widget-tbay-products\" data-id=\"51f6493\" data-element_type=\"widget\" data-widget_type=\"tbay-products.default\">\n\t\t\t\t<div class=\"elementor-widget-container\">\n\t\t\t\n<div class=\"tbay-element tbay-element-products\">\n\n    \n    <div class=\"products row grid products\" data-xlgdesktop=\"3\" data-desktop=\"3\" data-desktopsmall=\"1\" data-tablet=\"2\" data-landscape=\"1\" data-mobile=\"1\">\n\n    \n        <div class=\"item\">\n\t\t\t<div class=\"products-grid product type-product post-7030 status-publish first instock product_cat-infusions has-post-thumbnail shipping-taxable purchasable product-type-simple\">\n\t\t\t<div class=\"product-block grid product v1\" data-product-id=\"7030\">\n\t\t<div class=\"product-content\">\n\t\t\n\t\t<div class=\"block-inner\">\n\t\t\t<figure class=\"image\">\n\t\t\t\t<a title=\"Blend Vitalit\u00e9\" href=\"https:\/\/www.izahobotanicals.com\/en\/product\/blend-vitalite\/\" class=\"product-image\">\n\t\t\t\t\t<img fetchpriority=\"high\" decoding=\"async\" width=\"440\" height=\"586\" src=\"https:\/\/www.izahobotanicals.com\/wp-content\/uploads\/2024\/11\/Blend-Vitalite-440x586.jpg\" class=\"attachment-woocommerce_thumbnail size-woocommerce_thumbnail\" alt=\"Boite d&#039;infusion vitalit\u00e9 avec une mise en sc\u00e8ne sur un fond de nature\" data-xoowscfly=\"fly\" \/>\t\t\t\t<\/a>\n\t\t\t\t\n\t\t\t\t\t\t\t\n\t\t\t\t\t\t<\/figure>\n\n                        \n            <div class=\"group-quick-view\">\n                            <\/div>\n            \n\t\t\t\n\n\t\t<\/div>\n\t\t\n\t\t\t\t\n\t\t\n\t\t<div class=\"caption\">\n            \t\t\t\n                    <h3 class=\"name\"><a href=\"https:\/\/www.izahobotanicals.com\/en\/product\/blend-vitalite\/\">Blend Vitalit\u00e9<\/a><\/h3>\n        \n                        \n\t\t\t\n\n\t\t\t\n\t\t\t<div class=\"group-content\">\n                \t<div class=\"rating\">\n\t\t\t\t\t<div class=\"star-rating\" role=\"img\" aria-label=\"Rated 4.50 out of 5\" data-no-translation-aria-label=\"\"><span style=\"width:90%\" data-no-translation=\"\" data-trp-gettext=\"\">Rated <strong class=\"rating\">4.50<\/strong> out of 5<\/span><\/div>\t\t\t<div class=\"count\"><span>(10 Avis)<\/span><\/div>\n\t\t\t<\/div>\n\t\n\t\t\t\t\n\t\t\t\t\n            <\/div>\n\t\t\t\n\t\t\t\n            \t\n\n            \t\t\t\n\t\t\t\t\t<\/div>\n\n\t\t<div class=\"group-buttons\">\t\n\t\t\t\t<div class=\"add-cart\" title=\"Add to cart\" data-no-translation-title=\"\" ><a href=\"?add-to-cart=7030\" data-quantity=\"1\" class=\"button product_type_simple add_to_cart_button ajax_add_to_cart\" data-product_id=\"7030\" data-product_sku=\"FLOR09.INF.VTL.65G\" aria-label=\"Add \u201cBlend Vitalit\u00e9\u201d to your cart\" aria-describedby=\"\" rel=\"nofollow\" data-no-translation-aria-label=\"\"><span class=\"title-cart\" data-no-translation=\"\" data-trp-gettext=\"\">Add to cart<\/span><\/a><\/div>\t\t    <\/div>\n\t\t\n\t\t    <\/div>\n    \n\t<\/div>\n\t\t\t<\/div>\n        <\/div>\n\n    \n        <div class=\"item\">\n\t\t\t<div class=\"products-grid product type-product post-7029 status-publish instock product_cat-infusions has-post-thumbnail featured shipping-taxable purchasable product-type-simple\">\n\t\t\t<div class=\"product-block grid product v1\" data-product-id=\"7029\">\n\t\t<div class=\"product-content\">\n\t\t\n\t\t<div class=\"block-inner\">\n\t\t\t<figure class=\"image\">\n\t\t\t\t<a title=\"Blend \u00c9quilibre\" href=\"https:\/\/www.izahobotanicals.com\/en\/product\/blend-equilibre\/\" class=\"product-image\">\n\t\t\t\t\t<img decoding=\"async\" width=\"440\" height=\"586\" src=\"https:\/\/www.izahobotanicals.com\/wp-content\/uploads\/2024\/11\/Blend-Equilibre-1-440x586.jpg\" class=\"attachment-woocommerce_thumbnail size-woocommerce_thumbnail\" alt=\"Boite d&#039;une Infusion blend \u00e9quilibre\" data-xoowscfly=\"fly\" \/>\t\t\t\t<\/a>\n\t\t\t\t\n\t\t\t\t\t\t\t\n\t\t\t\t\t\t<\/figure>\n\n                        \n            <div class=\"group-quick-view\">\n                            <\/div>\n            \n\t\t\t\n\n\t\t<\/div>\n\t\t\n\t\t<span class=\"only-featured onsale\"><span class=\"featured\">Featured<\/span><\/span>\t\t\n\t\t\n\t\t<div class=\"caption\">\n            \t\t\t\n                    <h3 class=\"name\"><a href=\"https:\/\/www.izahobotanicals.com\/en\/product\/blend-equilibre\/\">Blend \u00c9quilibre<\/a><\/h3>\n        \n                        \n\t\t\t\n\n\t\t\t\n\t\t\t<div class=\"group-content\">\n                \t<div class=\"rating\">\n\t\t\t\t\t<div class=\"star-rating\" role=\"img\" aria-label=\"Rated 4.20 out of 5\" data-no-translation-aria-label=\"\"><span style=\"width:84%\" data-no-translation=\"\" data-trp-gettext=\"\">Rated <strong class=\"rating\">4.20<\/strong> out of 5<\/span><\/div>\t\t\t<div class=\"count\"><span>(10 Avis)<\/span><\/div>\n\t\t\t<\/div>\n\t\n\t\t\t\t\n\t\t\t\t\n            <\/div>\n\t\t\t\n\t\t\t\n            \t\n\n            \t\t\t\n\t\t\t\t\t<\/div>\n\n\t\t<div class=\"group-buttons\">\t\n\t\t\t\t<div class=\"add-cart\" title=\"Add to cart\" data-no-translation-title=\"\" ><a href=\"?add-to-cart=7029\" data-quantity=\"1\" class=\"button product_type_simple add_to_cart_button ajax_add_to_cart\" data-product_id=\"7029\" data-product_sku=\"FLOR09.INF.EQL.50G\" aria-label=\"Add \u201cBlend \u00c9quilibre\u201d to your cart\" aria-describedby=\"\" rel=\"nofollow\" data-no-translation-aria-label=\"\"><span class=\"title-cart\" data-no-translation=\"\" data-trp-gettext=\"\">Add to cart<\/span><\/a><\/div>\t\t    <\/div>\n\t\t\n\t\t    <\/div>\n    \n\t<\/div>\n\t\t\t<\/div>\n        <\/div>\n\n    \n        <div class=\"item\">\n\t\t\t<div class=\"products-grid product type-product post-7031 status-publish last instock product_cat-infusions has-post-thumbnail shipping-taxable purchasable product-type-simple\">\n\t\t\t<div class=\"product-block grid product v1\" data-product-id=\"7031\">\n\t\t<div class=\"product-content\">\n\t\t\n\t\t<div class=\"block-inner\">\n\t\t\t<figure class=\"image\">\n\t\t\t\t<a title=\"Blend D\u00e9tox\" href=\"https:\/\/www.izahobotanicals.com\/en\/product\/blend-detox\/\" class=\"product-image\">\n\t\t\t\t\t<img decoding=\"async\" width=\"440\" height=\"586\" src=\"https:\/\/www.izahobotanicals.com\/wp-content\/uploads\/2024\/11\/Blend-Detox-1-440x586.jpg\" class=\"attachment-woocommerce_thumbnail size-woocommerce_thumbnail\" alt=\"Boite d&#039;une Infusion blend d\u00e9tox\" data-xoowscfly=\"fly\" \/>\t\t\t\t<\/a>\n\t\t\t\t\n\t\t\t\t\t\t\t\n\t\t\t\t\t\t<\/figure>\n\n                        \n            <div class=\"group-quick-view\">\n                            <\/div>\n            \n\t\t\t\n\n\t\t<\/div>\n\t\t\n\t\t\t\t\n\t\t\n\t\t<div class=\"caption\">\n            \t\t\t\n                    <h3 class=\"name\"><a href=\"https:\/\/www.izahobotanicals.com\/en\/product\/blend-detox\/\">Blend D\u00e9tox<\/a><\/h3>\n        \n                        \n\t\t\t\n\n\t\t\t\n\t\t\t<div class=\"group-content\">\n                \t<div class=\"rating\">\n\t\t\t\t\t<div class=\"star-rating\" role=\"img\" aria-label=\"Rated 4.82 out of 5\" data-no-translation-aria-label=\"\"><span style=\"width:96.4%\" data-no-translation=\"\" data-trp-gettext=\"\">Rated <strong class=\"rating\">4.82<\/strong> out of 5<\/span><\/div>\t\t\t<div class=\"count\"><span>(11 Avis)<\/span><\/div>\n\t\t\t<\/div>\n\t\n\t\t\t\t\n\t\t\t\t\n            <\/div>\n\t\t\t\n\t\t\t\n            \t\n\n            \t\t\t\n\t\t\t\t\t<\/div>\n\n\t\t<div class=\"group-buttons\">\t\n\t\t\t\t<div class=\"add-cart\" title=\"Add to cart\" data-no-translation-title=\"\" ><a href=\"?add-to-cart=7031\" data-quantity=\"1\" class=\"button product_type_simple add_to_cart_button ajax_add_to_cart\" data-product_id=\"7031\" data-product_sku=\"FLOR09.INF.DTX.40G\" aria-label=\"Add \u201cBlend D\u00e9tox\u201d to your cart\" aria-describedby=\"\" rel=\"nofollow\" data-no-translation-aria-label=\"\"><span class=\"title-cart\" data-no-translation=\"\" data-trp-gettext=\"\">Add to cart<\/span><\/a><\/div>\t\t    <\/div>\n\t\t\n\t\t    <\/div>\n    \n\t<\/div>\n\t\t\t<\/div>\n        <\/div>\n\n     \n\n    <\/div>        \n<\/div>\t\t<\/div>\n\t\t\t\t<\/div>\n\t\t\t\t\t<\/div>\n\t\t<\/div>\n\t\t\t\t\t\t\t<\/div>\n\t\t<\/section>\n\t\t\t\t\t\t\t<\/div>","protected":false},"excerpt":{"rendered":"<p><strong>Spray 100ml<br \/>\n<\/strong><\/p>\n<p><b>Tonifie et raffermit les zones sujettes au rel\u00e2chement cutan\u00e9.<\/b><\/p>\n<p><i><span style=\"font-weight: 400;\">Efficacit\u00e9 cliniquement prouv\u00e9e : 96 % des utilisateurs constatent une peau plus souple et ferme.<\/span><\/i><\/p>\n<p><span style=\"font-weight: 400;\">Lotion biphase formul\u00e9e pour tonifier et gainer les zones sujettes au rel\u00e2chement cutan\u00e9. Gr\u00e2ce \u00e0 la centella asiatica, booster de collag\u00e8ne, aux huiles essentielles de palmarosa et v\u00e9tiver aux <\/span><b>propri\u00e9t\u00e9s<\/b> <b>raffermissantes<\/b><span style=\"font-weight: 400;\">, ainsi qu&#8217;aux huiles v\u00e9g\u00e9tales<\/span><b> revitalisantes<\/b><span style=\"font-weight: 400;\">, elle <\/span><b>am\u00e9liore la souplesse, la tonicit\u00e9 et l\u2019hydratation <\/b><span style=\"font-weight: 400;\">de la peau.\u00a0<\/span><\/p>\n<p><b>\u00a0\u00a0\u00a0+ \u00a0 Collag\u00e8ne\u00a0 \u00a0 \u00a0 + \u00a0 Hydratation \u00a0 \u00a0 + \u00a0 Fermet\u00e9\u00a0<\/b><\/p>\n<p>Optimisez son activit\u00e9 et compl\u00e9tez le rituel avec l\u2019infusion Blend Vitalit\u00e9.<\/p>\n<p><img loading=\"lazy\" decoding=\"async\" class=\"wp-image-328 alignleft\" src=\"http:\/\/www.izahobotanicals.com\/wp-content\/uploads\/2021\/06\/logo-bio.png\" alt=\"\" width=\"53\" height=\"56\" \/><img loading=\"lazy\" decoding=\"async\" class=\"wp-image-329 alignleft\" src=\"http:\/\/www.izahobotanicals.com\/wp-content\/uploads\/2021\/10\/logo-vegan.png\" alt=\"\" width=\"130\" height=\"33\" \/><\/p>","protected":false},"featured_media":6945,"comment_status":"open","ping_status":"closed","template":"","meta":{"inline_featured_image":false},"product_cat":[101],"product_tag":[],"class_list":["post-7026","product","type-product","status-publish","has-post-thumbnail","hentry","product_cat-soins-corps"],"_links":{"self":[{"href":"https:\/\/www.izahobotanicals.com\/en\/wp-json\/wp\/v2\/product\/7026","targetHints":{"allow":["GET"]}}],"collection":[{"href":"https:\/\/www.izahobotanicals.com\/en\/wp-json\/wp\/v2\/product"}],"about":[{"href":"https:\/\/www.izahobotanicals.com\/en\/wp-json\/wp\/v2\/types\/product"}],"replies":[{"embeddable":true,"href":"https:\/\/www.izahobotanicals.com\/en\/wp-json\/wp\/v2\/comments?post=7026"}],"version-history":[{"count":15,"href":"https:\/\/www.izahobotanicals.com\/en\/wp-json\/wp\/v2\/product\/7026\/revisions"}],"predecessor-version":[{"id":7498,"href":"https:\/\/www.izahobotanicals.com\/en\/wp-json\/wp\/v2\/product\/7026\/revisions\/7498"}],"wp:featuredmedia":[{"embeddable":true,"href":"https:\/\/www.izahobotanicals.com\/en\/wp-json\/wp\/v2\/media\/6945"}],"wp:attachment":[{"href":"https:\/\/www.izahobotanicals.com\/en\/wp-json\/wp\/v2\/media?parent=7026"}],"wp:term":[{"taxonomy":"product_cat","embeddable":true,"href":"https:\/\/www.izahobotanicals.com\/en\/wp-json\/wp\/v2\/product_cat?post=7026"},{"taxonomy":"product_tag","embeddable":true,"href":"https:\/\/www.izahobotanicals.com\/en\/wp-json\/wp\/v2\/product_tag?post=7026"}],"curies":[{"name":"wp","href":"https:\/\/api.w.org\/{rel}","templated":true}]}}