{"id":7666,"date":"2025-10-03T06:30:11","date_gmt":"2025-10-03T06:30:11","guid":{"rendered":"https:\/\/www.izahobotanicals.com\/?page_id=7666"},"modified":"2025-10-03T06:32:43","modified_gmt":"2025-10-03T06:32:43","slug":"a-propos","status":"publish","type":"page","link":"https:\/\/www.izahobotanicals.com\/en\/a-propos\/","title":{"rendered":"A propos"},"content":{"rendered":"\t\t<div data-elementor-type=\"wp-page\" data-elementor-id=\"7666\" class=\"elementor elementor-7666\" data-elementor-post-type=\"page\">\n\t\t\t\t\t\t\t\t\t<section class=\"elementor-section elementor-top-section elementor-element elementor-element-3968ed8 elementor-section-boxed elementor-section-height-default elementor-section-height-default\" data-id=\"3968ed8\" data-element_type=\"section\">\n\t\t\t\t\t\t<div class=\"elementor-container elementor-column-gap-no\">\n\t\t\t\t\t<div class=\"elementor-column elementor-col-100 elementor-top-column elementor-element elementor-element-0aa7e5c\" data-id=\"0aa7e5c\" data-element_type=\"column\">\n\t\t\t<div class=\"elementor-widget-wrap elementor-element-populated\">\n\t\t\t\t\t\t\t\t<div class=\"elementor-element elementor-element-da3defb align-left elementor-widget elementor-widget-tbay-heading\" data-id=\"da3defb\" data-element_type=\"widget\" data-widget_type=\"tbay-heading.default\">\n\t\t\t\t<div class=\"elementor-widget-container\">\n\t\t\t\n<div class=\"tbay-element tbay-element-heading\">\n\t            <h1 class=\"heading-tbay-title style-1\">\n                <span class=\"title\">A propos<\/span>            <\/h1>\n        <\/div>\t\t<\/div>\n\t\t\t\t<\/div>\n\t\t\t\t<div class=\"elementor-element elementor-element-f3d036b elementor-widget__width-auto elementor-widget elementor-widget-text-editor\" data-id=\"f3d036b\" data-element_type=\"widget\" data-widget_type=\"text-editor.default\">\n\t\t\t\t<div class=\"elementor-widget-container\">\n\t\t\t<style>\/*! elementor - v3.18.0 - 08-12-2023 *\/\n.elementor-widget-text-editor.elementor-drop-cap-view-stacked .elementor-drop-cap{background-color:#69727d;color:#fff}.elementor-widget-text-editor.elementor-drop-cap-view-framed .elementor-drop-cap{color:#69727d;border:3px solid;background-color:transparent}.elementor-widget-text-editor:not(.elementor-drop-cap-view-default) .elementor-drop-cap{margin-top:8px}.elementor-widget-text-editor:not(.elementor-drop-cap-view-default) .elementor-drop-cap-letter{width:1em;height:1em}.elementor-widget-text-editor .elementor-drop-cap{float:left;text-align:center;line-height:1;font-size:50px}.elementor-widget-text-editor .elementor-drop-cap-letter{display:inline-block}<\/style>\t\t\t\t<h5>&#8220;Quand la nature \u00e9l\u00e8ve notre Bien-\u00catre&#8221;<\/h5><p>Au c\u0153ur de <strong data-start=\"199\" data-end=\"213\">Madagascar<\/strong>, terre de <strong data-start=\"224\" data-end=\"255\">biodiversit\u00e9 exceptionnelle<\/strong>, se cultive un <strong data-start=\"271\" data-end=\"295\">bien-\u00eatre holistique<\/strong>, enracin\u00e9 dans des plantes m\u00e9dicinales end\u00e9miques et des traditions ancestrales.<br \/>Anim\u00e9s par une passion pour les <strong data-start=\"410\" data-end=\"441\">plantes rares de Madagascar<\/strong> et leur potentiel th\u00e9rapeutique, deux producteurs \u2014 malgache et fran\u00e7ais \u2014 s&#8217;engagent depuis plus de 15 ans dans la <strong data-start=\"558\" data-end=\"602\">pr\u00e9servation de la biodiversit\u00e9 v\u00e9g\u00e9tale<\/strong> et le d\u00e9veloppement de <strong data-start=\"626\" data-end=\"654\">soins naturels efficaces<\/strong>.<br \/>Aux c\u00f4t\u00e9s d\u2019<strong data-start=\"669\" data-end=\"689\">ethno-botanistes<\/strong>, d\u2019<strong data-start=\"693\" data-end=\"717\">ing\u00e9nieurs chimistes<\/strong> et d\u2019artisans locaux, ils con\u00e7oivent des <strong data-start=\"759\" data-end=\"791\">soins bien-\u00eatre \u00ab In &amp; Out \u00bb<\/strong>,\u00a0formul\u00e9s dans un circuit court, \u00e0 partir d\u2019<strong data-start=\"913\" data-end=\"945\">esp\u00e8ces v\u00e9g\u00e9tales end\u00e9miques<\/strong> soigneusement s\u00e9lectionn\u00e9es.<\/p><p class=\"\" data-start=\"657\" data-end=\"974\">\u00a0<\/p>\t\t\t\t\t\t<\/div>\n\t\t\t\t<\/div>\n\t\t\t\t\t<\/div>\n\t\t<\/div>\n\t\t\t\t\t\t\t<\/div>\n\t\t<\/section>\n\t\t\t\t<section class=\"elementor-section elementor-top-section elementor-element elementor-element-c5291e8 elementor-section-content-middle elementor-section-boxed elementor-section-height-default elementor-section-height-default\" data-id=\"c5291e8\" data-element_type=\"section\">\n\t\t\t\t\t\t<div class=\"elementor-container elementor-column-gap-no\">\n\t\t\t\t\t<div class=\"elementor-column elementor-col-50 elementor-top-column elementor-element elementor-element-23d2809\" data-id=\"23d2809\" data-element_type=\"column\">\n\t\t\t<div class=\"elementor-widget-wrap elementor-element-populated\">\n\t\t\t\t\t\t\t\t<div class=\"elementor-element elementor-element-694699c elementor-widget elementor-widget-image\" data-id=\"694699c\" data-element_type=\"widget\" data-widget_type=\"image.default\">\n\t\t\t\t<div class=\"elementor-widget-container\">\n\t\t\t<style>\/*! elementor - v3.18.0 - 08-12-2023 *\/\n.elementor-widget-image{text-align:center}.elementor-widget-image a{display:inline-block}.elementor-widget-image a img[src$=\".svg\"]{width:48px}.elementor-widget-image img{vertical-align:middle;display:inline-block}<\/style>\t\t\t\t\t\t\t\t\t\t\t\t<img fetchpriority=\"high\" decoding=\"async\" width=\"1433\" height=\"955\" src=\"https:\/\/www.izahobotanicals.com\/wp-content\/uploads\/2023\/09\/Serre-multi-chapelle.jpg\" class=\"attachment-full size-full wp-image-6486\" alt=\"Photo d&#039;une serre avec deux femmes qui r\u00e9coltent\" \/>\t\t\t\t\t\t\t\t\t\t\t\t\t\t\t<\/div>\n\t\t\t\t<\/div>\n\t\t\t\t\t<\/div>\n\t\t<\/div>\n\t\t\t\t<div class=\"elementor-column elementor-col-50 elementor-top-column elementor-element elementor-element-4ca6915\" data-id=\"4ca6915\" data-element_type=\"column\">\n\t\t\t<div class=\"elementor-widget-wrap elementor-element-populated\">\n\t\t\t\t\t\t\t\t<div class=\"elementor-element elementor-element-d388121 align-left elementor-widget elementor-widget-tbay-heading\" data-id=\"d388121\" data-element_type=\"widget\" data-widget_type=\"tbay-heading.default\">\n\t\t\t\t<div class=\"elementor-widget-container\">\n\t\t\t\n<div class=\"tbay-element tbay-element-heading\">\n\t            <h2 class=\"heading-tbay-title style-1\">\n                <span class=\"title\">Madagascar, terre de biodiversit\u00e9 v\u00e9g\u00e9tale end\u00e9miques et pr\u00e9cieuses<\/span>            <\/h2>\n        <\/div>\t\t<\/div>\n\t\t\t\t<\/div>\n\t\t\t\t<div class=\"elementor-element elementor-element-2de4657 elementor-widget elementor-widget-text-editor\" data-id=\"2de4657\" data-element_type=\"widget\" data-widget_type=\"text-editor.default\">\n\t\t\t\t<div class=\"elementor-widget-container\">\n\t\t\t\t\t\t\t<p>Madagascar est un <strong data-start=\"369\" data-end=\"417\">terroir d\u2019exception en biodiversit\u00e9 v\u00e9g\u00e9tale<\/strong>, abritant une grande vari\u00e9t\u00e9 d\u2019<strong data-start=\"449\" data-end=\"488\">esp\u00e8ces botaniques end\u00e9miques rares<\/strong>, aux usages traditionnels et cosm\u00e9tiques reconnus.<br data-start=\"539\" data-end=\"542\" \/>Port\u00e9s par une passion commune pour les <strong data-start=\"582\" data-end=\"634\">plantes m\u00e9dicinales et aromatiques de Madagascar<\/strong>, nous sommes deux producteurs \u2013 malgache et fran\u00e7ais \u2013 engag\u00e9s depuis plus de 20 ans dans la <strong data-start=\"728\" data-end=\"777\">pr\u00e9servation des ressources v\u00e9g\u00e9tales locales<\/strong> et la <strong data-start=\"784\" data-end=\"830\">production responsable d\u2019actifs botaniques<\/strong>.<br data-start=\"831\" data-end=\"834\" \/>Entour\u00e9s d\u2019<strong data-start=\"845\" data-end=\"865\">ethno-botanistes<\/strong> et d\u2019<strong data-start=\"871\" data-end=\"895\">ing\u00e9nieurs agronomes<\/strong>, nous valorisons ce patrimoine naturel unique \u00e0 travers des soins alliant <strong data-start=\"970\" data-end=\"1006\">science, tradition et efficacit\u00e9<\/strong>.<\/p>\t\t\t\t\t\t<\/div>\n\t\t\t\t<\/div>\n\t\t\t\t\t<\/div>\n\t\t<\/div>\n\t\t\t\t\t\t\t<\/div>\n\t\t<\/section>\n\t\t\t\t<section class=\"elementor-section elementor-top-section elementor-element elementor-element-d13eccd elementor-section-content-middle elementor-reverse-mobile elementor-section-boxed elementor-section-height-default elementor-section-height-default\" data-id=\"d13eccd\" data-element_type=\"section\">\n\t\t\t\t\t\t<div class=\"elementor-container elementor-column-gap-no\">\n\t\t\t\t\t<div class=\"elementor-column elementor-col-50 elementor-top-column elementor-element elementor-element-be262ba\" data-id=\"be262ba\" data-element_type=\"column\">\n\t\t\t<div class=\"elementor-widget-wrap elementor-element-populated\">\n\t\t\t\t\t\t\t\t<div class=\"elementor-element elementor-element-489fd78 align-left elementor-widget elementor-widget-tbay-heading\" data-id=\"489fd78\" data-element_type=\"widget\" data-widget_type=\"tbay-heading.default\">\n\t\t\t\t<div class=\"elementor-widget-container\">\n\t\t\t\n<div class=\"tbay-element tbay-element-heading\">\n\t            <h2 class=\"heading-tbay-title style-1\">\n                <span class=\"title\">Notre laboratoire cosm\u00e9tique naturel \u00e0 Madagascar : la science au rythme de la nature<\/span>            <\/h2>\n        <\/div>\t\t<\/div>\n\t\t\t\t<\/div>\n\t\t\t\t<div class=\"elementor-element elementor-element-1ea8d41 elementor-widget elementor-widget-text-editor\" data-id=\"1ea8d41\" data-element_type=\"widget\" data-widget_type=\"text-editor.default\">\n\t\t\t\t<div class=\"elementor-widget-container\">\n\t\t\t\t\t\t\t<p>Gr\u00e2ce \u00e0 nos travaux de recherche scientifique en biochimie sur des <strong data-start=\"1398\" data-end=\"1471\">actifs botaniques puissants issus de plantes end\u00e9miques de Madagascar<\/strong>, nous avons r\u00e9ussi \u00e0 d\u00e9montrer scientifiquement un effet \u00ab terroir \u00bb :\u00a0l\u2019origine particuli\u00e8re de chaque plante conf\u00e8re \u00e0 ses principes actifs une concentration et une efficacit\u00e9 uniques au monde.<br data-start=\"1667\" data-end=\"1670\" \/>Engag\u00e9s pour une <strong data-start=\"1689\" data-end=\"1725\">cosm\u00e9tique naturelle responsable<\/strong>, nous avons implant\u00e9 \u00e0 Madagascar le premier <strong data-start=\"1771\" data-end=\"1823\">laboratoire de soins naturels certifi\u00e9 ISO 22716<\/strong>, garantissant des produits \u00e0 base d\u2019<strong data-start=\"1860\" data-end=\"1909\">huiles v\u00e9g\u00e9tales et extraits de plantes rares<\/strong>.<\/p><blockquote data-start=\"1329\" data-end=\"1910\"><p class=\"\" data-start=\"1331\" data-end=\"1910\">\u00a0<\/p><\/blockquote>\t\t\t\t\t\t<\/div>\n\t\t\t\t<\/div>\n\t\t\t\t\t<\/div>\n\t\t<\/div>\n\t\t\t\t<div class=\"elementor-column elementor-col-50 elementor-top-column elementor-element elementor-element-14772db\" data-id=\"14772db\" data-element_type=\"column\">\n\t\t\t<div class=\"elementor-widget-wrap elementor-element-populated\">\n\t\t\t\t\t\t\t\t<div class=\"elementor-element elementor-element-014db99 elementor-widget elementor-widget-image\" data-id=\"014db99\" data-element_type=\"widget\" data-widget_type=\"image.default\">\n\t\t\t\t<div class=\"elementor-widget-container\">\n\t\t\t\t\t\t\t\t\t\t\t\t\t\t\t<img decoding=\"async\" width=\"1433\" height=\"955\" src=\"https:\/\/www.izahobotanicals.com\/wp-content\/uploads\/2023\/09\/Laboratoire-Vetiver.jpg\" class=\"attachment-full size-full wp-image-6488\" alt=\"Photo d&#039;une femme dans un laboratoire de v\u00e9tiver\" \/>\t\t\t\t\t\t\t\t\t\t\t\t\t\t\t<\/div>\n\t\t\t\t<\/div>\n\t\t\t\t\t<\/div>\n\t\t<\/div>\n\t\t\t\t\t\t\t<\/div>\n\t\t<\/section>\n\t\t\t\t<section class=\"elementor-section elementor-top-section elementor-element elementor-element-a6ec1de elementor-section-content-middle elementor-section-boxed elementor-section-height-default elementor-section-height-default\" data-id=\"a6ec1de\" data-element_type=\"section\">\n\t\t\t\t\t\t<div class=\"elementor-container elementor-column-gap-no\">\n\t\t\t\t\t<div class=\"elementor-column elementor-col-50 elementor-top-column elementor-element elementor-element-623a7b5\" data-id=\"623a7b5\" data-element_type=\"column\">\n\t\t\t<div class=\"elementor-widget-wrap elementor-element-populated\">\n\t\t\t\t\t\t\t\t<div class=\"elementor-element elementor-element-57e08f8 elementor-widget elementor-widget-video\" data-id=\"57e08f8\" data-element_type=\"widget\" data-settings=\"{&quot;video_type&quot;:&quot;hosted&quot;,&quot;loop&quot;:&quot;yes&quot;,&quot;show_image_overlay&quot;:&quot;yes&quot;,&quot;image_overlay&quot;:{&quot;url&quot;:&quot;http:\\\/\\\/www.izahobotanicals.com\\\/wp-content\\\/uploads\\\/2023\\\/09\\\/izahovideo.jpg&quot;,&quot;id&quot;:6601,&quot;size&quot;:&quot;&quot;,&quot;alt&quot;:&quot;&quot;,&quot;source&quot;:&quot;library&quot;},&quot;controls&quot;:&quot;yes&quot;}\" data-widget_type=\"video.default\">\n\t\t\t\t<div class=\"elementor-widget-container\">\n\t\t\t<style>\/*! elementor - v3.18.0 - 08-12-2023 *\/\n.elementor-widget-video .elementor-widget-container{overflow:hidden;transform:translateZ(0)}.elementor-widget-video .elementor-wrapper{aspect-ratio:var(--video-aspect-ratio)}.elementor-widget-video .elementor-wrapper iframe,.elementor-widget-video .elementor-wrapper video{height:100%;width:100%;display:flex;border:none;background-color:#000}@supports not (aspect-ratio:1\/1){.elementor-widget-video .elementor-wrapper{position:relative;overflow:hidden;height:0;padding-bottom:calc(100% \/ var(--video-aspect-ratio))}.elementor-widget-video .elementor-wrapper iframe,.elementor-widget-video .elementor-wrapper video{position:absolute;top:0;right:0;bottom:0;left:0}}.elementor-widget-video .elementor-open-inline .elementor-custom-embed-image-overlay{position:absolute;top:0;right:0;bottom:0;left:0;background-size:cover;background-position:50%}.elementor-widget-video .elementor-custom-embed-image-overlay{cursor:pointer;text-align:center}.elementor-widget-video .elementor-custom-embed-image-overlay:hover .elementor-custom-embed-play i{opacity:1}.elementor-widget-video .elementor-custom-embed-image-overlay img{display:block;width:100%;aspect-ratio:var(--video-aspect-ratio);-o-object-fit:cover;object-fit:cover;-o-object-position:center center;object-position:center center}@supports not (aspect-ratio:1\/1){.elementor-widget-video .elementor-custom-embed-image-overlay{position:relative;overflow:hidden;height:0;padding-bottom:calc(100% \/ var(--video-aspect-ratio))}.elementor-widget-video .elementor-custom-embed-image-overlay img{position:absolute;top:0;right:0;bottom:0;left:0}}.elementor-widget-video .e-hosted-video .elementor-video{-o-object-fit:cover;object-fit:cover}.e-con-inner>.elementor-widget-video,.e-con>.elementor-widget-video{width:var(--container-widget-width);--flex-grow:var(--container-widget-flex-grow)}<\/style>\t\t<div class=\"e-hosted-video elementor-wrapper elementor-open-inline\">\n\t\t\t\t\t<video class=\"elementor-video\" src=\"http:\/\/www.izahobotanicals.com\/wp-content\/uploads\/izaho_tuto_sarah_01.mp4\" loop=\"\" controls=\"\" preload=\"metadata\" controlsList=\"nodownload\"><\/video>\n\t\t\t\t\t\t<div class=\"elementor-custom-embed-image-overlay\" style=\"background-image: url(https:\/\/www.izahobotanicals.com\/wp-content\/uploads\/2023\/09\/izahovideo.jpg);\">\n\t\t\t\t\t\t\t\t\t\t\t\t\t\t\t\t<div class=\"elementor-custom-embed-play\" role=\"button\" aria-label=\"Play Video\" tabindex=\"0\">\n\t\t\t\t\t\t\t<i aria-hidden=\"true\" class=\"eicon-play\"><\/i>\t\t\t\t\t\t\t<span class=\"elementor-screen-only\">Play Video<\/span>\n\t\t\t\t\t\t<\/div>\n\t\t\t\t\t\t\t\t\t<\/div>\n\t\t\t\t\t<\/div>\n\t\t\t\t<\/div>\n\t\t\t\t<\/div>\n\t\t\t\t\t<\/div>\n\t\t<\/div>\n\t\t\t\t<div class=\"elementor-column elementor-col-50 elementor-top-column elementor-element elementor-element-ee6f6e6\" data-id=\"ee6f6e6\" data-element_type=\"column\">\n\t\t\t<div class=\"elementor-widget-wrap elementor-element-populated\">\n\t\t\t\t\t\t\t\t<div class=\"elementor-element elementor-element-3c01fc0 align-left elementor-widget elementor-widget-tbay-heading\" data-id=\"3c01fc0\" data-element_type=\"widget\" data-widget_type=\"tbay-heading.default\">\n\t\t\t\t<div class=\"elementor-widget-container\">\n\t\t\t\n<div class=\"tbay-element tbay-element-heading\">\n\t            <h2 class=\"heading-tbay-title style-1\">\n                <span class=\"title\">Notre philosophie : l\u2019harmonie du bien-\u00eatre physique et spirituel<\/span>            <\/h2>\n        <\/div>\t\t<\/div>\n\t\t\t\t<\/div>\n\t\t\t\t<div class=\"elementor-element elementor-element-9337bd1 elementor-widget elementor-widget-text-editor\" data-id=\"9337bd1\" data-element_type=\"widget\" data-widget_type=\"text-editor.default\">\n\t\t\t\t<div class=\"elementor-widget-container\">\n\t\t\t\t\t\t\t<p>Dans la langue malgache, <strong data-start=\"344\" data-end=\"370\">&#8220;Izaho&#8221; signifie &#8220;Moi&#8221;<\/strong> \u2013 un mot qui refl\u00e8te une vision de la beaut\u00e9 propre \u00e0 son peuple et \u00e0 sa culture. Cette culture profond\u00e9ment connect\u00e9e \u00e0 la <strong data-start=\"529\" data-end=\"539\">nature<\/strong> honore les anciens, les traditions et le <strong data-start=\"581\" data-end=\"615\">savoir des plantes m\u00e9dicinales<\/strong>, transmis de g\u00e9n\u00e9ration en g\u00e9n\u00e9ration. Ce savoir ancien et pr\u00e9cieux de nos plantes d\u2019exception nous sert \u00e0<strong> gu\u00e9rir<\/strong>, <strong data-start=\"733\" data-end=\"747\">d\u00e9toxifier<\/strong> et <strong data-start=\"751\" data-end=\"772\">raffermir la peau<\/strong>, tout en <strong data-start=\"782\" data-end=\"803\">apaisant l\u2019esprit<\/strong> dans une communion harmonieuse avec la nature.<\/p><p>N\u00e9e de cette terre riche et inspirante, IZAHO Botanicals est une gamme de soins bien-\u00eatre \u00ab In &amp; Out \u00bb, alliant <strong data-start=\"961\" data-end=\"995\">huiles v\u00e9g\u00e9tales pour le corps<\/strong> et <strong data-start=\"999\" data-end=\"1022\">infusions bien-\u00eatre<\/strong> aux <strong data-start=\"1027\" data-end=\"1067\">vertus fortifiantes et d\u00e9toxifiantes<\/strong>.<\/p><p>Inspir\u00e9s des pratiques de nos anciens, nous avons mis au point des <strong>formulations courtes<\/strong> limitant les interm\u00e9diaires pour <strong data-start=\"1210\" data-end=\"1273\">rapprocher la culture, la transformation et la consommation.<\/strong><\/p><p class=\"\" data-start=\"845\" data-end=\"1328\">\u00a0<\/p>\t\t\t\t\t\t<\/div>\n\t\t\t\t<\/div>\n\t\t\t\t\t<\/div>\n\t\t<\/div>\n\t\t\t\t\t\t\t<\/div>\n\t\t<\/section>\n\t\t\t\t<section class=\"elementor-section elementor-top-section elementor-element elementor-element-ae0c6f7 elementor-section-content-middle elementor-reverse-mobile elementor-section-boxed elementor-section-height-default elementor-section-height-default\" data-id=\"ae0c6f7\" data-element_type=\"section\">\n\t\t\t\t\t\t<div class=\"elementor-container elementor-column-gap-no\">\n\t\t\t\t\t<div class=\"elementor-column elementor-col-50 elementor-top-column elementor-element elementor-element-f82d9b6\" data-id=\"f82d9b6\" data-element_type=\"column\">\n\t\t\t<div class=\"elementor-widget-wrap elementor-element-populated\">\n\t\t\t\t\t\t\t\t<div class=\"elementor-element elementor-element-8b014a4 align-left elementor-widget elementor-widget-tbay-heading\" data-id=\"8b014a4\" data-element_type=\"widget\" data-widget_type=\"tbay-heading.default\">\n\t\t\t\t<div class=\"elementor-widget-container\">\n\t\t\t\n<div class=\"tbay-element tbay-element-heading\">\n\t            <h2 class=\"heading-tbay-title style-1\">\n                <span class=\"title\">Un projet d\u2019excellence au service des hommes et de la nature<\/span>            <\/h2>\n        <\/div>\t\t<\/div>\n\t\t\t\t<\/div>\n\t\t\t\t<div class=\"elementor-element elementor-element-dbc4061 elementor-widget elementor-widget-text-editor\" data-id=\"dbc4061\" data-element_type=\"widget\" data-widget_type=\"text-editor.default\">\n\t\t\t\t<div class=\"elementor-widget-container\">\n\t\t\t\t\t\t\t<p>Au c\u0153ur de notre vision, se trouve <strong data-start=\"367\" data-end=\"406\">un projet environnemental et social<\/strong> qui vise \u00e0 <strong data-start=\"414\" data-end=\"456\">prot\u00e9ger la biodiversit\u00e9 de Madagascar<\/strong> et \u00e0 soutenir un <strong data-start=\"474\" data-end=\"532\">mod\u00e8le \u00e9conomique durable pour les communaut\u00e9s locales<\/strong>.<\/p><p>Face \u00e0 la <strong data-start=\"545\" data-end=\"570\">d\u00e9forestation massive<\/strong> qui menace la pr\u00e9cieuse biodiversit\u00e9 de Madagascar, nous croyons qu\u2019il est essentiel de proposer une <strong data-start=\"648\" data-end=\"673\">alternative vertueuse<\/strong> : une <strong data-start=\"680\" data-end=\"698\">\u00e9conomie verte<\/strong>, cr\u00e9atrice de valeur, fond\u00e9e sur des <strong data-start=\"736\" data-end=\"773\">cultures responsables et durables<\/strong>.<\/p><p>Mus par cette conviction de changement soci\u00e9tal, nous sommes engag\u00e9s depuis 15 ans aupr\u00e8s des <strong>producteurs locaux<\/strong> dans diff\u00e9rentes r\u00e9gions de l\u2019\u00eele.<\/p><p>Ce partenariat de long terme nous permet aujourd\u2019hui d\u2019<strong data-start=\"958\" data-end=\"999\">accompagner plus de 1600 cultivateurs<\/strong>, en les int\u00e9grant dans une <strong data-start=\"1027\" data-end=\"1071\">cha\u00eene de production \u00e9thique et tra\u00e7able<\/strong>.<\/p><p class=\"\" data-start=\"1074\" data-end=\"1413\">Notre <strong data-start=\"1080\" data-end=\"1103\">exigence de qualit\u00e9<\/strong> nous a conduits \u00e0 mettre en place des <strong data-start=\"1142\" data-end=\"1167\">fili\u00e8res d\u2019excellence<\/strong>, en <strong data-start=\"1172\" data-end=\"1189\">circuit court<\/strong>, afin de ma\u00eetriser chaque \u00e9tape \u2014 de la culture \u00e0 l\u2019extraction.<br \/><br \/><\/p><p>Pour garantir la <strong data-start=\"1273\" data-end=\"1307\">tra\u00e7abilit\u00e9 et la transparence<\/strong>, la liste compl\u00e8te des ingr\u00e9dients et leur origine est disponible sur chaque produit, via un <strong data-start=\"1401\" data-end=\"1412\">QR code<\/strong>.<br data-start=\"1253\" data-end=\"1256\" \/><br \/><\/p>\t\t\t\t\t\t<\/div>\n\t\t\t\t<\/div>\n\t\t\t\t\t<\/div>\n\t\t<\/div>\n\t\t\t\t<div class=\"elementor-column elementor-col-50 elementor-top-column elementor-element elementor-element-74dd672\" data-id=\"74dd672\" data-element_type=\"column\">\n\t\t\t<div class=\"elementor-widget-wrap elementor-element-populated\">\n\t\t\t\t\t\t\t\t<div class=\"elementor-element elementor-element-8b1cc0a elementor-widget elementor-widget-image\" data-id=\"8b1cc0a\" data-element_type=\"widget\" data-widget_type=\"image.default\">\n\t\t\t\t<div class=\"elementor-widget-container\">\n\t\t\t\t\t\t\t\t\t\t\t\t\t\t\t<img decoding=\"async\" width=\"955\" height=\"955\" src=\"https:\/\/www.izahobotanicals.com\/wp-content\/uploads\/2023\/09\/Vue-Aerienne-Gnidia.jpg\" class=\"attachment-full size-full wp-image-6490\" alt=\"Photo vue a\u00e9rienne Gnidia\" \/>\t\t\t\t\t\t\t\t\t\t\t\t\t\t\t<\/div>\n\t\t\t\t<\/div>\n\t\t\t\t\t<\/div>\n\t\t<\/div>\n\t\t\t\t\t\t\t<\/div>\n\t\t<\/section>\n\t\t\t\t\t\t\t<\/div>\n\t\t","protected":false},"excerpt":{"rendered":"<p>A propos &#8220;Quand la nature \u00e9l\u00e8ve notre Bien-\u00catre&#8221; Au c\u0153ur de Madagascar, terre de biodiversit\u00e9 exceptionnelle, se cultive un bien-\u00eatre holistique, enracin\u00e9 dans des plantes m\u00e9dicinales end\u00e9miques et des traditions ancestrales.Anim\u00e9s par une passion pour les plantes rares de Madagascar et leur potentiel th\u00e9rapeutique, deux producteurs \u2014 malgache et fran\u00e7ais \u2014 s&#8217;engagent depuis plus de &hellip; <a href=\"https:\/\/www.izahobotanicals.com\/en\/a-propos\/\" class=\"more-link\">Continue reading <span class=\"screen-reader-text\">A propos<\/span><\/a><\/p>","protected":false},"author":1,"featured_media":0,"parent":0,"menu_order":0,"comment_status":"closed","ping_status":"closed","template":"","meta":{"inline_featured_image":false,"footnotes":""},"class_list":["post-7666","page","type-page","status-publish","hentry"],"_links":{"self":[{"href":"https:\/\/www.izahobotanicals.com\/en\/wp-json\/wp\/v2\/pages\/7666","targetHints":{"allow":["GET"]}}],"collection":[{"href":"https:\/\/www.izahobotanicals.com\/en\/wp-json\/wp\/v2\/pages"}],"about":[{"href":"https:\/\/www.izahobotanicals.com\/en\/wp-json\/wp\/v2\/types\/page"}],"author":[{"embeddable":true,"href":"https:\/\/www.izahobotanicals.com\/en\/wp-json\/wp\/v2\/users\/1"}],"replies":[{"embeddable":true,"href":"https:\/\/www.izahobotanicals.com\/en\/wp-json\/wp\/v2\/comments?post=7666"}],"version-history":[{"count":3,"href":"https:\/\/www.izahobotanicals.com\/en\/wp-json\/wp\/v2\/pages\/7666\/revisions"}],"predecessor-version":[{"id":7669,"href":"https:\/\/www.izahobotanicals.com\/en\/wp-json\/wp\/v2\/pages\/7666\/revisions\/7669"}],"wp:attachment":[{"href":"https:\/\/www.izahobotanicals.com\/en\/wp-json\/wp\/v2\/media?parent=7666"}],"curies":[{"name":"wp","href":"https:\/\/api.w.org\/{rel}","templated":true}]}}