{"id":6818,"date":"2023-10-05T07:44:33","date_gmt":"2023-10-05T07:44:33","guid":{"rendered":"https:\/\/www.izahobotanicals.com\/?page_id=6818"},"modified":"2024-12-16T11:53:56","modified_gmt":"2024-12-16T11:53:56","slug":"conditions-generales-de-ventes","status":"publish","type":"page","link":"https:\/\/www.izahobotanicals.com\/en\/conditions-generales-de-ventes\/","title":{"rendered":"Conditions g\u00e9n\u00e9rales de ventes"},"content":{"rendered":"<div data-elementor-type=\"wp-page\" data-elementor-id=\"6818\" class=\"elementor elementor-6818\" data-elementor-post-type=\"page\">\n\t\t\t\t\t\t\t\t\t<section class=\"elementor-section elementor-top-section elementor-element elementor-element-3968ed8 elementor-section-boxed elementor-section-height-default elementor-section-height-default\" data-id=\"3968ed8\" data-element_type=\"section\">\n\t\t\t\t\t\t<div class=\"elementor-container elementor-column-gap-no\">\n\t\t\t\t\t<div class=\"elementor-column elementor-col-100 elementor-top-column elementor-element elementor-element-0aa7e5c\" data-id=\"0aa7e5c\" data-element_type=\"column\">\n\t\t\t<div class=\"elementor-widget-wrap elementor-element-populated\">\n\t\t\t\t\t\t\t\t<div class=\"elementor-element elementor-element-da3defb align-left elementor-widget elementor-widget-tbay-heading\" data-id=\"da3defb\" data-element_type=\"widget\" data-widget_type=\"tbay-heading.default\">\n\t\t\t\t<div class=\"elementor-widget-container\">\n\t\t\t\n<div class=\"tbay-element tbay-element-heading\">\n\t            <h2 class=\"heading-tbay-title style-1\">\n                <span class=\"title\">Conditions g\u00e9n\u00e9rales de ventes<\/span>            <\/h2>\n        <\/div>\t\t<\/div>\n\t\t\t\t<\/div>\n\t\t\t\t<div class=\"elementor-element elementor-element-ab2fda0 align-left elementor-widget elementor-widget-tbay-heading\" data-id=\"ab2fda0\" data-element_type=\"widget\" data-widget_type=\"tbay-heading.default\">\n\t\t\t\t<div class=\"elementor-widget-container\">\n\t\t\t\n<div class=\"tbay-element tbay-element-heading\">\n\t            <h2 class=\"heading-tbay-title style-1\">\n                <span class=\"title\">Article 1 \u2013 Objet<\/span>            <\/h2>\n        <\/div>\t\t<\/div>\n\t\t\t\t<\/div>\n\t\t\t\t<div class=\"elementor-element elementor-element-f3d036b elementor-widget elementor-widget-text-editor\" data-id=\"f3d036b\" data-element_type=\"widget\" data-widget_type=\"text-editor.default\">\n\t\t\t\t<div class=\"elementor-widget-container\">\n\t\t\t<style>\/*! elementor - v3.18.0 - 08-12-2023 *\/\n.elementor-widget-text-editor.elementor-drop-cap-view-stacked .elementor-drop-cap{background-color:#69727d;color:#fff}.elementor-widget-text-editor.elementor-drop-cap-view-framed .elementor-drop-cap{color:#69727d;border:3px solid;background-color:transparent}.elementor-widget-text-editor:not(.elementor-drop-cap-view-default) .elementor-drop-cap{margin-top:8px}.elementor-widget-text-editor:not(.elementor-drop-cap-view-default) .elementor-drop-cap-letter{width:1em;height:1em}.elementor-widget-text-editor .elementor-drop-cap{float:left;text-align:center;line-height:1;font-size:50px}.elementor-widget-text-editor .elementor-drop-cap-letter{display:inline-block}<\/style>\t\t\t\t<p>Le pr\u00e9sent site izahobotanicals.com est \u00e9dit\u00e9 par la soci\u00e9t\u00e9 FLORIBIS-FRANCE, SASU au capital de 10.000 euros dont le si\u00e8ge social : 87 Route de Saint Pancrace, 06100 NICE.<\/p><p>Num\u00e9ro de SIRET : 905002051 00019<br \/>Mail : contact@floribis-france.fr<\/p><p>Les pr\u00e9sentes conditions r\u00e9gissent les ventes par la soci\u00e9t\u00e9 FLORIBIS-FRANCE des produits alimentaires et cosm\u00e9tiques de la marque Izaho Botanicals.<\/p><p>Les CGV sont applicables exclusivement \u00e0 la vente en ligne sur le site izahobotanicals.com dont l\u2019acc\u00e8s est ouvert.<\/p><p>\u00a0<\/p>\t\t\t\t\t\t<\/div>\n\t\t\t\t<\/div>\n\t\t\t\t<div class=\"elementor-element elementor-element-7889233 align-left elementor-widget elementor-widget-tbay-heading\" data-id=\"7889233\" data-element_type=\"widget\" data-widget_type=\"tbay-heading.default\">\n\t\t\t\t<div class=\"elementor-widget-container\">\n\t\t\t\n<div class=\"tbay-element tbay-element-heading\">\n\t            <h2 class=\"heading-tbay-title style-1\">\n                <span class=\"title\">Article 2 \u2013 Prix<\/span>            <\/h2>\n        <\/div>\t\t<\/div>\n\t\t\t\t<\/div>\n\t\t\t\t<div class=\"elementor-element elementor-element-8ce7722 elementor-widget elementor-widget-text-editor\" data-id=\"8ce7722\" data-element_type=\"widget\" data-widget_type=\"text-editor.default\">\n\t\t\t\t<div class=\"elementor-widget-container\">\n\t\t\t\t\t\t\t<p>Les prix de nos produits sont indiqu\u00e9s en euros toutes taxes comprises (TVA et autres taxes applicables au jour de la commande), sauf indication contraire et hors frais de traitement et d\u2019exp\u00e9dition.<\/p><p>En cas de commande vers un pays autre que la France ou de l\u2019Union Europ\u00e9enne vous \u00eates l\u2019importateur du ou des produits concern\u00e9s. Des droits de douane ou autres taxes locales ou droits d\u2019importation ou taxes d\u2019\u00e9tat sont susceptibles d\u2019\u00eatre exigibles. Ces droits et sommes ne rel\u00e8vent pas du ressort de la soci\u00e9t\u00e9. Ils seront \u00e0 votre charge et rel\u00e8vent de votre enti\u00e8re responsabilit\u00e9, tant en termes de d\u00e9clarations que de paiements aux autorit\u00e9s et organismes comp\u00e9tents de votre pays. Nous vous conseillons de vous renseigner sur ces aspects aupr\u00e8s de vos autorit\u00e9s locales.<\/p><p>Toutes les commandes quelle que soit leur origine sont payables en euros.<\/p><p>Les frais de port ne sont pas compris dans les prix figurant au Tarif et sont payables en plus de ceux- ci; ils seront par la suite factur\u00e9s en fonction du montant total de la commande et du mode de livraison choisi par l\u2019Acheteur.<\/p><p>La soci\u00e9t\u00e9 FLORIBIS-FRANCE se r\u00e9serve le droit de modifier ses prix \u00e0 tout moment, mais le produit sera factur\u00e9 sur la base du tarif en vigueur au moment de la validation de la commande et sous r\u00e9serve de disponibilit\u00e9.<\/p><p>Les produits demeurent la propri\u00e9t\u00e9 de la soci\u00e9t\u00e9 FLORIBIS-FRANCE jusqu\u2019au paiement complet du prix.<\/p><p>Attention : d\u00e8s que vous prenez possession physiquement des produits command\u00e9s, les risques de perte ou d\u2019endommagement des produits vous sont transf\u00e9r\u00e9s.<\/p>\t\t\t\t\t\t<\/div>\n\t\t\t\t<\/div>\n\t\t\t\t<div class=\"elementor-element elementor-element-88d84fd align-left elementor-widget elementor-widget-tbay-heading\" data-id=\"88d84fd\" data-element_type=\"widget\" data-widget_type=\"tbay-heading.default\">\n\t\t\t\t<div class=\"elementor-widget-container\">\n\t\t\t\n<div class=\"tbay-element tbay-element-heading\">\n\t            <h2 class=\"heading-tbay-title style-1\">\n                <span class=\"title\">Article 3 \u2013 Commandes<\/span>            <\/h2>\n        <\/div>\t\t<\/div>\n\t\t\t\t<\/div>\n\t\t\t\t<div class=\"elementor-element elementor-element-5401699 elementor-widget elementor-widget-text-editor\" data-id=\"5401699\" data-element_type=\"widget\" data-widget_type=\"text-editor.default\">\n\t\t\t\t<div class=\"elementor-widget-container\">\n\t\t\t\t\t\t\t<p>Vous pouvez passer commande sur Internet : www.izahobotanicals.com Les informations contractuelles sont pr\u00e9sent\u00e9es en langue fran\u00e7aise et feront l\u2019objet d\u2019une confirmation au moment de la validation de votre commande. La soci\u00e9t\u00e9 FLORIBIS-FRANCE se r\u00e9serve le droit de ne pas enregistrer un paiement, et de ne pas confirmer une commande pour quelque raison que ce soit, et plus particuli\u00e8rement en cas de probl\u00e8me d\u2019approvisionnement, ou en cas de difficult\u00e9 concernant la commande re\u00e7ue.<\/p><p>\u00a0<\/p>\t\t\t\t\t\t<\/div>\n\t\t\t\t<\/div>\n\t\t\t\t<div class=\"elementor-element elementor-element-f11b38d align-left elementor-widget elementor-widget-tbay-heading\" data-id=\"f11b38d\" data-element_type=\"widget\" data-widget_type=\"tbay-heading.default\">\n\t\t\t\t<div class=\"elementor-widget-container\">\n\t\t\t\n<div class=\"tbay-element tbay-element-heading\">\n\t            <h2 class=\"heading-tbay-title style-1\">\n                <span class=\"title\">Article 4 \u2013 Validation de votre commande<\/span>            <\/h2>\n        <\/div>\t\t<\/div>\n\t\t\t\t<\/div>\n\t\t\t\t<div class=\"elementor-element elementor-element-96748e7 elementor-widget elementor-widget-text-editor\" data-id=\"96748e7\" data-element_type=\"widget\" data-widget_type=\"text-editor.default\">\n\t\t\t\t<div class=\"elementor-widget-container\">\n\t\t\t\t\t\t\t<p>Toute commande figurant sur le site Internet : www.izahobotanicals.com suppose l\u2019adh\u00e9sion aux pr\u00e9sentes Conditions G\u00e9n\u00e9rales. Toute confirmation de commande entra\u00eene votre adh\u00e9sion pleine et enti\u00e8re aux pr\u00e9sentes conditions g\u00e9n\u00e9rales de vente, sans exception ni r\u00e9serve. L\u2019ensemble des donn\u00e9es fournies, la confirmation et le paiement enregistr\u00e9e vaudront preuve de la transaction. Vous d\u00e9clarez en avoir parfaite connaissance.<\/p>\t\t\t\t\t\t<\/div>\n\t\t\t\t<\/div>\n\t\t\t\t<div class=\"elementor-element elementor-element-c7196e3 align-left elementor-widget elementor-widget-tbay-heading\" data-id=\"c7196e3\" data-element_type=\"widget\" data-widget_type=\"tbay-heading.default\">\n\t\t\t\t<div class=\"elementor-widget-container\">\n\t\t\t\n<div class=\"tbay-element tbay-element-heading\">\n\t            <h2 class=\"heading-tbay-title style-1\">\n                <span class=\"title\">Article 5 \u2013 Paiement<\/span>            <\/h2>\n        <\/div>\t\t<\/div>\n\t\t\t\t<\/div>\n\t\t\t\t<div class=\"elementor-element elementor-element-de38120 elementor-widget elementor-widget-text-editor\" data-id=\"de38120\" data-element_type=\"widget\" data-widget_type=\"text-editor.default\">\n\t\t\t\t<div class=\"elementor-widget-container\">\n\t\t\t\t\t\t\t<p>Le fait de valider votre commande implique pour vous l\u2019obligation de payer le prix indiqu\u00e9. Un choix de plusieurs modes de paiement est propos\u00e9.<\/p>\t\t\t\t\t\t<\/div>\n\t\t\t\t<\/div>\n\t\t\t\t<div class=\"elementor-element elementor-element-f098bc8 align-left elementor-widget elementor-widget-tbay-heading\" data-id=\"f098bc8\" data-element_type=\"widget\" data-widget_type=\"tbay-heading.default\">\n\t\t\t\t<div class=\"elementor-widget-container\">\n\t\t\t\n<div class=\"tbay-element tbay-element-heading\">\n\t            <h2 class=\"heading-tbay-title style-1\">\n                <span class=\"title\">Article 6 \u2013 R\u00e9tractation<\/span>            <\/h2>\n        <\/div>\t\t<\/div>\n\t\t\t\t<\/div>\n\t\t\t\t<div class=\"elementor-element elementor-element-db9d03d elementor-widget elementor-widget-text-editor\" data-id=\"db9d03d\" data-element_type=\"widget\" data-widget_type=\"text-editor.default\">\n\t\t\t\t<div class=\"elementor-widget-container\">\n\t\t\t\t\t\t\t<p>Conform\u00e9ment aux dispositions de l\u2019article L.121-21 du Code de la Consommation, vous disposez d\u2019un d\u00e9lai de r\u00e9tractation de 14 jours \u00e0 compter de la r\u00e9ception de vos produits pour exercer votre droit de r\u00e9traction sans avoir \u00e0 justifier de motifs ni \u00e0 payer de p\u00e9nalit\u00e9.<\/p><p>Les retours sont \u00e0 effectuer dans leur \u00e9tat d\u2019origine et complets (emballage, accessoires, notice), produit non ouvert. Dans ce cadre, votre responsabilit\u00e9 est engag\u00e9e. Tout dommage subi par le produit \u00e0 cette occasion peut \u00eatre de nature \u00e0 faire \u00e9chec au droit de r\u00e9tractation.<\/p><p>En cas d\u2019exercice du droit de r\u00e9tractation, la soci\u00e9t\u00e9 FLORIBIS-FRANCE proc\u00e9dera au remboursement des sommes vers\u00e9es au moment du retour par virement bancaire. Dans tous les cas, il interviendra selon les modalit\u00e9s suivantes :\u00a0<\/p><p>\u2013 Le colis est retourn\u00e9 dans son int\u00e9gralit\u00e9, nous vous remboursons le prix du colis et les frais d\u2019envoi \u00e9ventuels (tarif livraison standard), frais de retour \u00e0 votre charge.\u00a0<\/p><p>\u2013 Le colis n\u2019est pas retourn\u00e9 dans son int\u00e9gralit\u00e9 (vous conservez un ou plusieurs des articles command\u00e9s), nous vous remboursons le prix du (ou des) produit(s) retourn\u00e9(s), les frais d\u2019envoi \u00e9ventuels ne sont pas rembours\u00e9s, les frais de retour demeurant \u00e0 votre charge.<\/p><p>\u2013 Le produit est retourn\u00e9 du fait de notre responsabilit\u00e9, nous vous remboursons le produit, les frais d\u2019envoi et de retour \u00e9ventuels<\/p><p>En cas d\u2019exercice du droit de r\u00e9tractation, la soci\u00e9t\u00e9 FLORIBIS-FRANCE proc\u00e9dera au remboursement des sommes vers\u00e9es, dans un d\u00e9lai de 14 jours suivant la notification de votre demande et apr\u00e8s r\u00e9ception et contr\u00f4le des marchandises.<\/p>\t\t\t\t\t\t<\/div>\n\t\t\t\t<\/div>\n\t\t\t\t<div class=\"elementor-element elementor-element-67229f2 align-left elementor-widget elementor-widget-tbay-heading\" data-id=\"67229f2\" data-element_type=\"widget\" data-widget_type=\"tbay-heading.default\">\n\t\t\t\t<div class=\"elementor-widget-container\">\n\t\t\t\n<div class=\"tbay-element tbay-element-heading\">\n\t            <h2 class=\"heading-tbay-title style-1\">\n                <span class=\"title\">Article 7 \u2013 Disponibilit\u00e9<\/span>            <\/h2>\n        <\/div>\t\t<\/div>\n\t\t\t\t<\/div>\n\t\t\t\t<div class=\"elementor-element elementor-element-c2cc3ca elementor-widget elementor-widget-text-editor\" data-id=\"c2cc3ca\" data-element_type=\"widget\" data-widget_type=\"text-editor.default\">\n\t\t\t\t<div class=\"elementor-widget-container\">\n\t\t\t\t\t\t\t<p>Nos produits sont propos\u00e9s tant qu\u2019ils sont visibles et indiqu\u00e9s \u00ab DISPONIBLE \u00bb sur le site izahobotanicals.com et dans la limite des stocks disponibles.<\/p><p>\u00a0<\/p>\t\t\t\t\t\t<\/div>\n\t\t\t\t<\/div>\n\t\t\t\t<div class=\"elementor-element elementor-element-ea2576e align-left elementor-widget elementor-widget-tbay-heading\" data-id=\"ea2576e\" data-element_type=\"widget\" data-widget_type=\"tbay-heading.default\">\n\t\t\t\t<div class=\"elementor-widget-container\">\n\t\t\t\n<div class=\"tbay-element tbay-element-heading\">\n\t            <h2 class=\"heading-tbay-title style-1\">\n                <span class=\"title\">Article 8 \u2013 Livraison<\/span>            <\/h2>\n        <\/div>\t\t<\/div>\n\t\t\t\t<\/div>\n\t\t\t\t<div class=\"elementor-element elementor-element-83f73b3 elementor-widget elementor-widget-text-editor\" data-id=\"83f73b3\" data-element_type=\"widget\" data-widget_type=\"text-editor.default\">\n\t\t\t\t<div class=\"elementor-widget-container\">\n\t\t\t\t\t\t\t<p>Dans des conditions normales, le vendeur professionnel traitera la commande dans les plus brefs d\u00e9lais du lundi au vendredi, hors jours f\u00e9ri\u00e9s. La soci\u00e9t\u00e9 FLORIBIS-FRANCE s\u2019engage \u00e0 exp\u00e9dier les commandes dans les 24h ouvr\u00e9es suivant la validation de la commande et sous r\u00e9serve des stocks disponibles.\u00a0<\/p><p>Afin de faciliter la remise de la commande par le transporteur, le client s\u2019engage \u00e0 faire les efforts n\u00e9cessaires permettant la remise du colis: nom visible sur la bo\u00eete aux lettres, transmissions du digicode, du num\u00e9ro de t\u00e9l\u00e9phone.\u00a0<\/p><p>Les d\u00e9lais de livraison sont donn\u00e9s \u00e0 titre indicatifs et restent d\u00e9pendants des transporteurs. La soci\u00e9t\u00e9 FLORIBIS-FRANCE ne peut donc \u00eatre tenu responsable en cas de retard de livraison.<\/p><p>Veuillez noter que pour les livraisons en dehors de l\u2019espace \u00e9conomique europ\u00e9en les \u00e9ventuels frais de douane sont \u00e0 votre charge.<\/p><p>Par ailleurs en fonction du pays de livraison des restrictions par les services douaniers peuvent s\u2019appliquer.<\/p>\t\t\t\t\t\t<\/div>\n\t\t\t\t<\/div>\n\t\t\t\t<div class=\"elementor-element elementor-element-cce33be align-left elementor-widget elementor-widget-tbay-heading\" data-id=\"cce33be\" data-element_type=\"widget\" data-widget_type=\"tbay-heading.default\">\n\t\t\t\t<div class=\"elementor-widget-container\">\n\t\t\t\n<div class=\"tbay-element tbay-element-heading\">\n\t            <h2 class=\"heading-tbay-title style-1\">\n                <span class=\"title\">Article 9 \u2013 Garantie<\/span>            <\/h2>\n        <\/div>\t\t<\/div>\n\t\t\t\t<\/div>\n\t\t\t\t<div class=\"elementor-element elementor-element-17aa482 elementor-widget elementor-widget-text-editor\" data-id=\"17aa482\" data-element_type=\"widget\" data-widget_type=\"text-editor.default\">\n\t\t\t\t<div class=\"elementor-widget-container\">\n\t\t\t\t\t\t\t<p>Tous nos produits b\u00e9n\u00e9ficient de la garantie l\u00e9gale de conformit\u00e9 et de la garantie des vices cach\u00e9s, pr\u00e9vues par les articles 1641 et suivants du Code civil. En cas de non-conformit\u00e9 d\u2019un produit vendu, il pourra \u00eatre retourn\u00e9, \u00e9chang\u00e9 ou rembours\u00e9.<\/p><p>Toutes les r\u00e9clamations, demandes d\u2019\u00e9change ou de remboursement doivent s\u2019effectuer par mail dans le d\u00e9lai de 30 jours de la livraison.<\/p><p>Les produits doivent nous \u00eatre retourn\u00e9s dans l\u2019\u00e9tat dans lequel vous les avez re\u00e7us avec l\u2019ensemble des \u00e9l\u00e9ments (accessoires, emballage, notice\u2026). Les frais d\u2019envoi vous seront rembours\u00e9s sur la base du tarif factur\u00e9 et les frais de retour vous seront rembours\u00e9s sur pr\u00e9sentation des justificatifs.<\/p><p>\u00a0Les dispositions de cet Article ne vous emp\u00eachent pas de b\u00e9n\u00e9ficier du droit de r\u00e9tractation pr\u00e9vu \u00e0 l\u2019article 6.<\/p>\t\t\t\t\t\t<\/div>\n\t\t\t\t<\/div>\n\t\t\t\t<div class=\"elementor-element elementor-element-253c98b align-left elementor-widget elementor-widget-tbay-heading\" data-id=\"253c98b\" data-element_type=\"widget\" data-widget_type=\"tbay-heading.default\">\n\t\t\t\t<div class=\"elementor-widget-container\">\n\t\t\t\n<div class=\"tbay-element tbay-element-heading\">\n\t            <h2 class=\"heading-tbay-title style-1\">\n                <span class=\"title\">Article 10 \u2013 Responsabilit\u00e9<\/span>            <\/h2>\n        <\/div>\t\t<\/div>\n\t\t\t\t<\/div>\n\t\t\t\t<div class=\"elementor-element elementor-element-ff0a92f elementor-widget elementor-widget-text-editor\" data-id=\"ff0a92f\" data-element_type=\"widget\" data-widget_type=\"text-editor.default\">\n\t\t\t\t<div class=\"elementor-widget-container\">\n\t\t\t\t\t\t\t<p>Les produits propos\u00e9s sont conformes \u00e0 la l\u00e9gislation fran\u00e7aise en vigueur. La responsabilit\u00e9 de la soci\u00e9t\u00e9 ne saurait \u00eatre engag\u00e9e en cas de non-respect de la l\u00e9gislation du pays o\u00f9 le produit est livr\u00e9.<\/p><p>Il vous appartient de v\u00e9rifier aupr\u00e8s des autorit\u00e9s locales les possibilit\u00e9s d\u2019importation ou d\u2019utilisation des produits ou services que vous envisagez de commander.<\/p><p>Par ailleurs, la soci\u00e9t\u00e9 ne saurait \u00eatre tenue pour responsable des dommages r\u00e9sultant d\u2019une mauvaise utilisation du produit achet\u00e9.<\/p><p>Enfin la responsabilit\u00e9 de la soci\u00e9t\u00e9 ne saurait \u00eatre engag\u00e9e pour tous les inconv\u00e9nients ou dommages inh\u00e9rents \u00e0 l\u2019utilisation du r\u00e9seau Internet, notamment une rupture de service, une intrusion ext\u00e9rieure ou la pr\u00e9sence de virus informatiques.<\/p>\t\t\t\t\t\t<\/div>\n\t\t\t\t<\/div>\n\t\t\t\t<div class=\"elementor-element elementor-element-4c31f3c align-left elementor-widget elementor-widget-tbay-heading\" data-id=\"4c31f3c\" data-element_type=\"widget\" data-widget_type=\"tbay-heading.default\">\n\t\t\t\t<div class=\"elementor-widget-container\">\n\t\t\t\n<div class=\"tbay-element tbay-element-heading\">\n\t            <h2 class=\"heading-tbay-title style-1\">\n                <span class=\"title\">Article 11 \u2013 Droit applicable en cas de litiges<\/span>            <\/h2>\n        <\/div>\t\t<\/div>\n\t\t\t\t<\/div>\n\t\t\t\t<div class=\"elementor-element elementor-element-8a15314 elementor-widget elementor-widget-text-editor\" data-id=\"8a15314\" data-element_type=\"widget\" data-widget_type=\"text-editor.default\">\n\t\t\t\t<div class=\"elementor-widget-container\">\n\t\t\t\t\t\t\t<p>La langue du pr\u00e9sent contrat est la langue fran\u00e7aise. Les pr\u00e9sentes conditions de vente sont soumises \u00e0 la loi fran\u00e7aise. En cas de litige, les tribunaux fran\u00e7ais seront les seuls comp\u00e9tents.<\/p><p>\u00a0<\/p>\t\t\t\t\t\t<\/div>\n\t\t\t\t<\/div>\n\t\t\t\t<div class=\"elementor-element elementor-element-4f67602 align-left elementor-widget elementor-widget-tbay-heading\" data-id=\"4f67602\" data-element_type=\"widget\" data-widget_type=\"tbay-heading.default\">\n\t\t\t\t<div class=\"elementor-widget-container\">\n\t\t\t\n<div class=\"tbay-element tbay-element-heading\">\n\t            <h2 class=\"heading-tbay-title style-1\">\n                <span class=\"title\">Article 12 \u2013 Propri\u00e9t\u00e9 intellectuelle<\/span>            <\/h2>\n        <\/div>\t\t<\/div>\n\t\t\t\t<\/div>\n\t\t\t\t<div class=\"elementor-element elementor-element-df274a6 elementor-widget elementor-widget-text-editor\" data-id=\"df274a6\" data-element_type=\"widget\" data-widget_type=\"text-editor.default\">\n\t\t\t\t<div class=\"elementor-widget-container\">\n\t\t\t\t\t\t\t<p>Tous les \u00e9l\u00e9ments du site izahobotanicals.com sont et restent la propri\u00e9t\u00e9 intellectuelle et exclusive de la soci\u00e9t\u00e9 FLORIBIS-FRANCE. Nul n\u2019est autoris\u00e9 \u00e0 reproduire, exploiter, rediffuser, ou utiliser \u00e0 quelque titre que ce soit, m\u00eame partiellement, des \u00e9l\u00e9ments du site qu\u2019ils soient logiciels, visuels ou sonores. Tout lien simple ou par hypertexte est strictement interdit sans un accord \u00e9crit expr\u00e8s de la soci\u00e9t\u00e9 FLORIBIS-FRANCE.<\/p><p>\u00a0<\/p>\t\t\t\t\t\t<\/div>\n\t\t\t\t<\/div>\n\t\t\t\t<div class=\"elementor-element elementor-element-82723e9 align-left elementor-widget elementor-widget-tbay-heading\" data-id=\"82723e9\" data-element_type=\"widget\" data-widget_type=\"tbay-heading.default\">\n\t\t\t\t<div class=\"elementor-widget-container\">\n\t\t\t\n<div class=\"tbay-element tbay-element-heading\">\n\t            <h2 class=\"heading-tbay-title style-1\">\n                <span class=\"title\">Article 13 \u2013 Donn\u00e9es personnelles<\/span>            <\/h2>\n        <\/div>\t\t<\/div>\n\t\t\t\t<\/div>\n\t\t\t\t<div class=\"elementor-element elementor-element-dac301b elementor-widget elementor-widget-text-editor\" data-id=\"dac301b\" data-element_type=\"widget\" data-widget_type=\"text-editor.default\">\n\t\t\t\t<div class=\"elementor-widget-container\">\n\t\t\t\t\t\t\t<p>La soci\u00e9t\u00e9 FLORIBIS-FRANCE se r\u00e9serve le droit de collecter les informations nominatives et les donn\u00e9es personnelles vous concernant. Elles sont n\u00e9cessaires \u00e0 la gestion de votre commande, ainsi qu\u2019\u00e0 l\u2019am\u00e9lioration des services et des informations que nous vous adressons.<\/p><p>Elles peuvent aussi \u00eatre transmises aux soci\u00e9t\u00e9s qui contribuent \u00e0 ces relations, telles que celles charg\u00e9es de l\u2019ex\u00e9cution des services et commandes pour leur gestion, ex\u00e9cution, traitement et paiement.<\/p><p>Ces informations et donn\u00e9es sont \u00e9galement conserv\u00e9es \u00e0 des fins de s\u00e9curit\u00e9, afin de respecter les obligations l\u00e9gales et r\u00e9glementaires.<\/p><p>Conform\u00e9ment \u00e0 la loi du 6 janvier 1978, vous disposez d\u2019un droit d\u2019acc\u00e8s, de rectification et d\u2019opposition aux informations nominatives et aux donn\u00e9es personnelles vous concernant, directement sur le site Internet.<\/p>\t\t\t\t\t\t<\/div>\n\t\t\t\t<\/div>\n\t\t\t\t<div class=\"elementor-element elementor-element-a4b3512 align-left elementor-widget elementor-widget-tbay-heading\" data-id=\"a4b3512\" data-element_type=\"widget\" data-widget_type=\"tbay-heading.default\">\n\t\t\t\t<div class=\"elementor-widget-container\">\n\t\t\t\n<div class=\"tbay-element tbay-element-heading\">\n\t            <h2 class=\"heading-tbay-title style-1\">\n                <span class=\"title\">Article 14 \u2013 Archivage Preuve<\/span>            <\/h2>\n        <\/div>\t\t<\/div>\n\t\t\t\t<\/div>\n\t\t\t\t<div class=\"elementor-element elementor-element-41740a9 elementor-widget elementor-widget-text-editor\" data-id=\"41740a9\" data-element_type=\"widget\" data-widget_type=\"text-editor.default\">\n\t\t\t\t<div class=\"elementor-widget-container\">\n\t\t\t\t\t\t\t<p>La soci\u00e9t\u00e9 FLORIBIS-FRANCE archivera les bons de commandes et les factures sur un support fiable et durable constituant une copie fid\u00e8le conform\u00e9ment aux dispositions de l\u2019article 1348 du Code civil.<\/p><p>Les registres informatis\u00e9s de la soci\u00e9t\u00e9 FLORIBIS-FRANCE seront consid\u00e9r\u00e9s par toutes les parties concern\u00e9es comme preuve des communications, commandes, paiements et transactions intervenus entre les parties.<\/p>\t\t\t\t\t\t<\/div>\n\t\t\t\t<\/div>\n\t\t\t\t\t<\/div>\n\t\t<\/div>\n\t\t\t\t\t\t\t<\/div>\n\t\t<\/section>\n\t\t\t\t\t\t\t<\/div>","protected":false},"excerpt":{"rendered":"<p>Conditions g\u00e9n\u00e9rales de ventes Article 1 \u2013 Objet Le pr\u00e9sent site izahobotanicals.com est \u00e9dit\u00e9 par la soci\u00e9t\u00e9 FLORIBIS-FRANCE, SASU au capital de 10.000 euros dont le si\u00e8ge social : 87 Route de Saint Pancrace, 06100 NICE. Num\u00e9ro de SIRET : 905002051 00019Mail : contact@floribis-france.fr Les pr\u00e9sentes conditions r\u00e9gissent les ventes par la soci\u00e9t\u00e9 FLORIBIS-FRANCE des &hellip; <a href=\"https:\/\/www.izahobotanicals.com\/en\/conditions-generales-de-ventes\/\" class=\"more-link\">Continue reading <span class=\"screen-reader-text\">Conditions g\u00e9n\u00e9rales de ventes<\/span><\/a><\/p>","protected":false},"author":1,"featured_media":0,"parent":0,"menu_order":0,"comment_status":"closed","ping_status":"closed","template":"","meta":{"inline_featured_image":false,"footnotes":""},"class_list":["post-6818","page","type-page","status-publish","hentry"],"_links":{"self":[{"href":"https:\/\/www.izahobotanicals.com\/en\/wp-json\/wp\/v2\/pages\/6818","targetHints":{"allow":["GET"]}}],"collection":[{"href":"https:\/\/www.izahobotanicals.com\/en\/wp-json\/wp\/v2\/pages"}],"about":[{"href":"https:\/\/www.izahobotanicals.com\/en\/wp-json\/wp\/v2\/types\/page"}],"author":[{"embeddable":true,"href":"https:\/\/www.izahobotanicals.com\/en\/wp-json\/wp\/v2\/users\/1"}],"replies":[{"embeddable":true,"href":"https:\/\/www.izahobotanicals.com\/en\/wp-json\/wp\/v2\/comments?post=6818"}],"version-history":[{"count":10,"href":"https:\/\/www.izahobotanicals.com\/en\/wp-json\/wp\/v2\/pages\/6818\/revisions"}],"predecessor-version":[{"id":6829,"href":"https:\/\/www.izahobotanicals.com\/en\/wp-json\/wp\/v2\/pages\/6818\/revisions\/6829"}],"wp:attachment":[{"href":"https:\/\/www.izahobotanicals.com\/en\/wp-json\/wp\/v2\/media?parent=6818"}],"curies":[{"name":"wp","href":"https:\/\/api.w.org\/{rel}","templated":true}]}}