{"id":6808,"date":"2023-10-05T07:26:22","date_gmt":"2023-10-05T07:26:22","guid":{"rendered":"https:\/\/www.izahobotanicals.com\/?page_id=6808"},"modified":"2024-12-16T11:59:05","modified_gmt":"2024-12-16T11:59:05","slug":"paiement","status":"publish","type":"page","link":"https:\/\/www.izahobotanicals.com\/en\/paiement\/","title":{"rendered":"Paiement"},"content":{"rendered":"<div data-elementor-type=\"wp-page\" data-elementor-id=\"6808\" class=\"elementor elementor-6808\" data-elementor-post-type=\"page\">\n\t\t\t\t\t\t\t\t\t<section class=\"elementor-section elementor-top-section elementor-element elementor-element-3968ed8 elementor-section-boxed elementor-section-height-default elementor-section-height-default\" data-id=\"3968ed8\" data-element_type=\"section\">\n\t\t\t\t\t\t<div class=\"elementor-container elementor-column-gap-no\">\n\t\t\t\t\t<div class=\"elementor-column elementor-col-100 elementor-top-column elementor-element elementor-element-0aa7e5c\" data-id=\"0aa7e5c\" data-element_type=\"column\">\n\t\t\t<div class=\"elementor-widget-wrap elementor-element-populated\">\n\t\t\t\t\t\t\t\t<div class=\"elementor-element elementor-element-da3defb align-left elementor-widget elementor-widget-tbay-heading\" data-id=\"da3defb\" data-element_type=\"widget\" data-widget_type=\"tbay-heading.default\">\n\t\t\t\t<div class=\"elementor-widget-container\">\n\t\t\t\n<div class=\"tbay-element tbay-element-heading\">\n\t            <h2 class=\"heading-tbay-title style-1\">\n                <span class=\"title\">Paiement<\/span>            <\/h2>\n        <\/div>\t\t<\/div>\n\t\t\t\t<\/div>\n\t\t\t\t<div class=\"elementor-element elementor-element-f3d036b elementor-widget__width-initial elementor-widget elementor-widget-text-editor\" data-id=\"f3d036b\" data-element_type=\"widget\" data-widget_type=\"text-editor.default\">\n\t\t\t\t<div class=\"elementor-widget-container\">\n\t\t\t<style>\/*! elementor - v3.18.0 - 08-12-2023 *\/\n.elementor-widget-text-editor.elementor-drop-cap-view-stacked .elementor-drop-cap{background-color:#69727d;color:#fff}.elementor-widget-text-editor.elementor-drop-cap-view-framed .elementor-drop-cap{color:#69727d;border:3px solid;background-color:transparent}.elementor-widget-text-editor:not(.elementor-drop-cap-view-default) .elementor-drop-cap{margin-top:8px}.elementor-widget-text-editor:not(.elementor-drop-cap-view-default) .elementor-drop-cap-letter{width:1em;height:1em}.elementor-widget-text-editor .elementor-drop-cap{float:left;text-align:center;line-height:1;font-size:50px}.elementor-widget-text-editor .elementor-drop-cap-letter{display:inline-block}<\/style>\t\t\t\t<p>Le service s\u00e9curis\u00e9 de paiements utilis\u00e9 sur notre site est Cr\u00e9dit Agricole (<strong><a href=\"https:\/\/www.credit-agricole.fr\/\" target=\"_blank\" rel=\"noreferrer noopener\">https:\/\/www.credit-agricole.fr<\/a><\/strong><a href=\"https:\/\/www.payline.com\" target=\"_blank\" rel=\"noreferrer noopener\">\/<\/a>). Il garantit une totale confidentialit\u00e9 des informations personnelles transmises sur Internet. Ainsi, les informations relatives \u00e0 votre carte bancaire ne sont pas conserv\u00e9es sur le site et votre paiement peut \u00eatre consult\u00e9 uniquement sous forme crypt\u00e9 gr\u00e2ce au protocole SSL (confirm\u00e9 par l\u2019apparition du \u00ab https \u00bb dans l\u2019url affich\u00e9e de votre navigateur).<\/p>\t\t\t\t\t\t<\/div>\n\t\t\t\t<\/div>\n\t\t\t\t\t<\/div>\n\t\t<\/div>\n\t\t\t\t\t\t\t<\/div>\n\t\t<\/section>\n\t\t\t\t\t\t\t<\/div>","protected":false},"excerpt":{"rendered":"<p>Paiement Le service s\u00e9curis\u00e9 de paiements utilis\u00e9 sur notre site est Cr\u00e9dit Agricole (https:\/\/www.credit-agricole.fr\/). Il garantit une totale confidentialit\u00e9 des informations personnelles transmises sur Internet. Ainsi, les informations relatives \u00e0 votre carte bancaire ne sont pas conserv\u00e9es sur le site et votre paiement peut \u00eatre consult\u00e9 uniquement sous forme crypt\u00e9 gr\u00e2ce au protocole SSL (confirm\u00e9 &hellip; <a href=\"https:\/\/www.izahobotanicals.com\/en\/paiement\/\" class=\"more-link\">Continue reading <span class=\"screen-reader-text\">Paiement<\/span><\/a><\/p>","protected":false},"author":1,"featured_media":0,"parent":0,"menu_order":0,"comment_status":"closed","ping_status":"closed","template":"","meta":{"inline_featured_image":false,"footnotes":""},"class_list":["post-6808","page","type-page","status-publish","hentry"],"_links":{"self":[{"href":"https:\/\/www.izahobotanicals.com\/en\/wp-json\/wp\/v2\/pages\/6808","targetHints":{"allow":["GET"]}}],"collection":[{"href":"https:\/\/www.izahobotanicals.com\/en\/wp-json\/wp\/v2\/pages"}],"about":[{"href":"https:\/\/www.izahobotanicals.com\/en\/wp-json\/wp\/v2\/types\/page"}],"author":[{"embeddable":true,"href":"https:\/\/www.izahobotanicals.com\/en\/wp-json\/wp\/v2\/users\/1"}],"replies":[{"embeddable":true,"href":"https:\/\/www.izahobotanicals.com\/en\/wp-json\/wp\/v2\/comments?post=6808"}],"version-history":[{"count":3,"href":"https:\/\/www.izahobotanicals.com\/en\/wp-json\/wp\/v2\/pages\/6808\/revisions"}],"predecessor-version":[{"id":6815,"href":"https:\/\/www.izahobotanicals.com\/en\/wp-json\/wp\/v2\/pages\/6808\/revisions\/6815"}],"wp:attachment":[{"href":"https:\/\/www.izahobotanicals.com\/en\/wp-json\/wp\/v2\/media?parent=6808"}],"curies":[{"name":"wp","href":"https:\/\/api.w.org\/{rel}","templated":true}]}}