{"id":6803,"date":"2023-10-05T07:10:55","date_gmt":"2023-10-05T07:10:55","guid":{"rendered":"https:\/\/www.izahobotanicals.com\/?page_id=6803"},"modified":"2025-05-06T07:09:12","modified_gmt":"2025-05-06T07:09:12","slug":"livraison","status":"publish","type":"page","link":"https:\/\/www.izahobotanicals.com\/en\/livraison\/","title":{"rendered":"Livraison"},"content":{"rendered":"<div data-elementor-type=\"wp-page\" data-elementor-id=\"6803\" class=\"elementor elementor-6803\" data-elementor-post-type=\"page\">\n\t\t\t\t\t\t\t\t\t<section class=\"elementor-section elementor-top-section elementor-element elementor-element-3968ed8 elementor-section-boxed elementor-section-height-default elementor-section-height-default\" data-id=\"3968ed8\" data-element_type=\"section\">\n\t\t\t\t\t\t<div class=\"elementor-container elementor-column-gap-no\">\n\t\t\t\t\t<div class=\"elementor-column elementor-col-100 elementor-top-column elementor-element elementor-element-0aa7e5c\" data-id=\"0aa7e5c\" data-element_type=\"column\">\n\t\t\t<div class=\"elementor-widget-wrap elementor-element-populated\">\n\t\t\t\t\t\t\t\t<div class=\"elementor-element elementor-element-da3defb align-left elementor-widget elementor-widget-tbay-heading\" data-id=\"da3defb\" data-element_type=\"widget\" data-widget_type=\"tbay-heading.default\">\n\t\t\t\t<div class=\"elementor-widget-container\">\n\t\t\t\n<div class=\"tbay-element tbay-element-heading\">\n\t            <h2 class=\"heading-tbay-title style-1\">\n                <span class=\"title\">Livraison<\/span>            <\/h2>\n        <\/div>\t\t<\/div>\n\t\t\t\t<\/div>\n\t\t\t\t<div class=\"elementor-element elementor-element-f3d036b elementor-widget__width-initial elementor-widget elementor-widget-text-editor\" data-id=\"f3d036b\" data-element_type=\"widget\" data-widget_type=\"text-editor.default\">\n\t\t\t\t<div class=\"elementor-widget-container\">\n\t\t\t<style>\/*! elementor - v3.18.0 - 08-12-2023 *\/\n.elementor-widget-text-editor.elementor-drop-cap-view-stacked .elementor-drop-cap{background-color:#69727d;color:#fff}.elementor-widget-text-editor.elementor-drop-cap-view-framed .elementor-drop-cap{color:#69727d;border:3px solid;background-color:transparent}.elementor-widget-text-editor:not(.elementor-drop-cap-view-default) .elementor-drop-cap{margin-top:8px}.elementor-widget-text-editor:not(.elementor-drop-cap-view-default) .elementor-drop-cap-letter{width:1em;height:1em}.elementor-widget-text-editor .elementor-drop-cap{float:left;text-align:center;line-height:1;font-size:50px}.elementor-widget-text-editor .elementor-drop-cap-letter{display:inline-block}<\/style>\t\t\t\t<p>Dans des conditions normales, le vendeur professionnel traitera la commande dans les plus brefs d\u00e9lais du lundi au vendredi, hors jours f\u00e9ri\u00e9s. La soci\u00e9t\u00e9 FLORIBIS-FRANCE s\u2019engage \u00e0 exp\u00e9dier les commandes dans les 24h ouvr\u00e9es suivant la validation de la commande et sous r\u00e9serve des stocks disponibles.<br \/><br \/>Afin de faciliter la remise de la commande par le transporteur, le client s\u2019engage \u00e0 faire les efforts n\u00e9cessaires permettant la remise du colis: nom visible sur la bo\u00eete aux lettres, transmissions du digicode, du num\u00e9ro de t\u00e9l\u00e9phone.<\/p>\t\t\t\t\t\t<\/div>\n\t\t\t\t<\/div>\n\t\t\t\t<div class=\"elementor-element elementor-element-9926fa0 align-left elementor-widget elementor-widget-tbay-heading\" data-id=\"9926fa0\" data-element_type=\"widget\" data-widget_type=\"tbay-heading.default\">\n\t\t\t\t<div class=\"elementor-widget-container\">\n\t\t\t\n<div class=\"tbay-element tbay-element-heading\">\n\t            <h2 class=\"heading-tbay-title style-1\">\n                <span class=\"title\">Nos modes de livraison<\/span>            <\/h2>\n        <\/div>\t\t<\/div>\n\t\t\t\t<\/div>\n\t\t\t\t<div class=\"elementor-element elementor-element-5a13d76 elementor-widget elementor-widget-text-editor\" data-id=\"5a13d76\" data-element_type=\"widget\" data-widget_type=\"text-editor.default\">\n\t\t\t\t<div class=\"elementor-widget-container\">\n\t\t\t\t\t\t\t<p><!-- wp:heading {\"level\":4} --><\/p><p>Les d\u00e9lais de livraison sont donn\u00e9s \u00e0 titre indicatifs et restent d\u00e9pendants des transporteurs. La soci\u00e9t\u00e9 FLORIBIS-FRANCE ne peut \u00eatre tenu responsable en cas de retard de livraison.<\/p><p><!-- \/wp:paragraph --> <!-- wp:paragraph --><\/p><p>Veuillez noter que pour les livraisons en dehors de l&#8217;espace \u00e9conomique europ\u00e9en les \u00e9ventuels frais de douane sont \u00e0 votre charge. Par ailleurs en fonction du pays de livraison des restrictions par les services douaniers peuvent s&#8217;appliquer.<\/p><p><!-- \/wp:paragraph --> <!-- wp:heading {\"level\":5} --><\/p><p><br \/><!-- \/wp:paragraph --><\/p>\t\t\t\t\t\t<\/div>\n\t\t\t\t<\/div>\n\t\t\t\t<div class=\"elementor-element elementor-element-cb2fe13 align-left elementor-widget elementor-widget-tbay-heading\" data-id=\"cb2fe13\" data-element_type=\"widget\" data-widget_type=\"tbay-heading.default\">\n\t\t\t\t<div class=\"elementor-widget-container\">\n\t\t\t\n<div class=\"tbay-element tbay-element-heading\">\n\t            <h2 class=\"heading-tbay-title style-1\">\n                <span class=\"title\">1. France m\u00e9tropolitaine<\/span>            <\/h2>\n        <\/div>\t\t<\/div>\n\t\t\t\t<\/div>\n\t\t\t\t<div class=\"elementor-element elementor-element-105708c elementor-widget elementor-widget-text-editor\" data-id=\"105708c\" data-element_type=\"widget\" data-widget_type=\"text-editor.default\">\n\t\t\t\t<div class=\"elementor-widget-container\">\n\t\t\t\t\t\t\t<p><!-- wp:heading {\"level\":4} --><\/p><figure class=\"wp-block-table is-style-stripes\"><table><thead><tr><th>Mode de livraison<\/th><th>Frais de port<\/th><th>D\u00e9lai<\/th><th>Transporteur<\/th><th>Autres informations<\/th><\/tr><\/thead><tbody><tr><td>Standard<\/td><td>4,90 \u20ac<\/td><td>J+2\/3<\/td><td>Colis Priv\u00e9 ou Colissimo (*)<\/td><td>Offert d\u00e8s 70 \u20ac d\u2019achat<\/td><\/tr><tr><td>Express<\/td><td>10,95 \u20ac<\/td><td>J+1<\/td><td>Chronopost<\/td><td>6,05 \u20ac d\u00e8s 70 \u20ac d\u2019achat<\/td><\/tr><\/tbody><\/table><figcaption>(*) Selon les destinations<\/figcaption><\/figure><p><!-- \/wp:table --> <!-- wp:heading {\"level\":5} --><\/p><p><br \/><!-- \/wp:paragraph --><\/p>\t\t\t\t\t\t<\/div>\n\t\t\t\t<\/div>\n\t\t\t\t<div class=\"elementor-element elementor-element-78af875 align-left elementor-widget elementor-widget-tbay-heading\" data-id=\"78af875\" data-element_type=\"widget\" data-widget_type=\"tbay-heading.default\">\n\t\t\t\t<div class=\"elementor-widget-container\">\n\t\t\t\n<div class=\"tbay-element tbay-element-heading\">\n\t            <h2 class=\"heading-tbay-title style-1\">\n                <span class=\"title\">2. Europe<\/span>            <\/h2>\n        <\/div>\t\t<\/div>\n\t\t\t\t<\/div>\n\t\t\t\t<div class=\"elementor-element elementor-element-43a9c24 elementor-widget elementor-widget-text-editor\" data-id=\"43a9c24\" data-element_type=\"widget\" data-widget_type=\"text-editor.default\">\n\t\t\t\t<div class=\"elementor-widget-container\">\n\t\t\t\t\t\t\t<p><!-- wp:heading {\"level\":4} --><\/p><figure class=\"wp-block-table is-style-stripes\"><table><thead><tr><th>Pays de livraison livraison<\/th><th>Frais de port<\/th><th>D\u00e9lai<\/th><th>Transporteur<\/th><\/tr><\/thead><tbody><tr><td>Allemagne<\/td><td>6,80 \u20ac<\/td><td>J+2\/3<\/td><td>TransportEuropeB2C<\/td><\/tr><tr><td>Autriche<\/td><td>8,20 \u20ac<\/td><td>J+3\/4<\/td><td>TransportEuropeB2C<\/td><\/tr><tr><td>Belgique<\/td><td>6,40 \u20ac<\/td><td>J+3\/4<\/td><td>B Post Domicile<\/td><\/tr><tr><td>Danemark<\/td><td>10,10 \u20ac<\/td><td>J+4\/5<\/td><td>TransportEuropeB2C<\/td><\/tr><tr><td>Espagne<\/td><td>7,20 \u20ac<\/td><td>J+3\/4<\/td><td>TransportEuropeB2C<\/td><\/tr><tr><td>Irlande<\/td><td>8,70 \u20ac<\/td><td>J+3\/4<\/td><td>TransportEuropeB2C<\/td><\/tr><tr><td>Italie<\/td><td>7,90 \u20ac<\/td><td>J+3\/4<\/td><td>TransportEuropeB2C<\/td><\/tr><tr><td>Luxembourg<\/td><td>9,90 \u20ac<\/td><td>J+3\/4<\/td><td>TransportEuropeB2C<\/td><\/tr><tr><td>Pays Bas<\/td><td>7,80 \u20ac<\/td><td>J+2\/3<\/td><td>TransportEuropeB2C<\/td><\/tr><tr><td>Portugal<\/td><td>8,10 \u20ac<\/td><td>J+4\/5<\/td><td>TransportEuropeB2C<\/td><\/tr><tr><td>Su\u00e8de<\/td><td>9,30 \u20ac<\/td><td>J+4\/5<\/td><td>TransportEuropeB2C<\/td><\/tr><\/tbody><\/table><\/figure><p><!-- \/wp:table --> <!-- wp:heading {\"level\":5} --><\/p><p><br \/><!-- \/wp:paragraph --><\/p>\t\t\t\t\t\t<\/div>\n\t\t\t\t<\/div>\n\t\t\t\t<div class=\"elementor-element elementor-element-c3555d9 align-left elementor-widget elementor-widget-tbay-heading\" data-id=\"c3555d9\" data-element_type=\"widget\" data-widget_type=\"tbay-heading.default\">\n\t\t\t\t<div class=\"elementor-widget-container\">\n\t\t\t\n<div class=\"tbay-element tbay-element-heading\">\n\t            <h2 class=\"heading-tbay-title style-1\">\n                <span class=\"title\">V\u00e9rifiez vos colis \u00e0 r\u00e9ception<\/span>            <\/h2>\n        <\/div>\t\t<\/div>\n\t\t\t\t<\/div>\n\t\t\t\t<div class=\"elementor-element elementor-element-d4db29d elementor-widget elementor-widget-text-editor\" data-id=\"d4db29d\" data-element_type=\"widget\" data-widget_type=\"text-editor.default\">\n\t\t\t\t<div class=\"elementor-widget-container\">\n\t\t\t\t\t\t\t<p><!-- wp:heading {\"level\":4} --><\/p><p>Concernant la r\u00e9ception des colis, la soci\u00e9t\u00e9 FLORIBIS-FRANCE recommande vivement au client d\u2019ouvrir le(s) colis en pr\u00e9sence du livreur, de v\u00e9rifier l\u2019\u00e9tat apparent des produits et d\u2019\u00e9mettre toutes les r\u00e9serves n\u00e9cessaires sur le r\u00e9c\u00e9piss\u00e9 de livraison.<\/p><p><!-- \/wp:paragraph --> <!-- wp:paragraph --><\/p><p>En cas d\u2019anomalie (emballage ab\u00eem\u00e9, produits manquants, ab\u00eem\u00e9s ou cass\u00e9s) le client :<\/p><p><!-- \/wp:paragraph --> <!-- wp:list --><\/p><ul><li>devra refuser le(s) colis endommag\u00e9(s) ;<\/li><li>devra d\u00e9crire pr\u00e9cis\u00e9ment sur le bon de livraison l\u2019\u00e9tat du (des) colis justifiant son refus ;<\/li><li>devra dater et faire cosigner ces r\u00e9serves par le livreur ;<\/li><li>disposera d\u2019un d\u00e9lai de 24 heures pour signaler \u00e0 la soci\u00e9t\u00e9 FLORIBIS-FRANCE par e-mail ou t\u00e9l\u00e9phone tout probl\u00e8me rencontr\u00e9 \u00e0 la livraison.<\/li><\/ul><p><!-- \/wp:list --> <!-- wp:heading {\"level\":4} --><\/p><p><br \/><!-- \/wp:paragraph --><\/p>\t\t\t\t\t\t<\/div>\n\t\t\t\t<\/div>\n\t\t\t\t<div class=\"elementor-element elementor-element-96dd86b align-left elementor-widget elementor-widget-tbay-heading\" data-id=\"96dd86b\" data-element_type=\"widget\" data-widget_type=\"tbay-heading.default\">\n\t\t\t\t<div class=\"elementor-widget-container\">\n\t\t\t\n<div class=\"tbay-element tbay-element-heading\">\n\t            <h2 class=\"heading-tbay-title style-1\">\n                <span class=\"title\">Comment faire en cas d\u2019absence lors de la livraison ?<\/span>            <\/h2>\n        <\/div>\t\t<\/div>\n\t\t\t\t<\/div>\n\t\t\t\t<div class=\"elementor-element elementor-element-7f4d4da elementor-widget elementor-widget-text-editor\" data-id=\"7f4d4da\" data-element_type=\"widget\" data-widget_type=\"text-editor.default\">\n\t\t\t\t<div class=\"elementor-widget-container\">\n\t\t\t\t\t\t\t<p><!-- wp:heading {\"level\":4} --><\/p><p>En cas d\u2019absence lors de la livraison, le livreur avisera le client qui devra alors le recontacter pour reprogrammer une livraison.<\/p><p><!-- \/wp:paragraph --> <!-- wp:paragraph --><\/p><p>En cas de non retrait de la commande chez le livreur par le CLIENT, ou en cas de probl\u00e8me sur l\u2019adresse de livraison renseign\u00e9e par le CLIENT, la soci\u00e9t\u00e9 FLORIBIS-FRANCE prendra contact avec le CLIENT pour valider le renvoi de la commande. En l\u2019absence de r\u00e9ponse de la part du CLIENT dans les 3 jours suivant cette relance, la soci\u00e9t\u00e9 FLORIBIS-FRANCE consid\u00e9rera que le CLIENT a fait valoir son droit de r\u00e9tractation sur cette commande.<\/p><p><!-- \/wp:paragraph --><\/p>\t\t\t\t\t\t<\/div>\n\t\t\t\t<\/div>\n\t\t\t\t\t<\/div>\n\t\t<\/div>\n\t\t\t\t\t\t\t<\/div>\n\t\t<\/section>\n\t\t\t\t\t\t\t<\/div>","protected":false},"excerpt":{"rendered":"<p>Livraison Dans des conditions normales, le vendeur professionnel traitera la commande dans les plus brefs d\u00e9lais du lundi au vendredi, hors jours f\u00e9ri\u00e9s. La soci\u00e9t\u00e9 FLORIBIS-FRANCE s\u2019engage \u00e0 exp\u00e9dier les commandes dans les 24h ouvr\u00e9es suivant la validation de la commande et sous r\u00e9serve des stocks disponibles. Afin de faciliter la remise de la commande &hellip; <a href=\"https:\/\/www.izahobotanicals.com\/en\/livraison\/\" class=\"more-link\">Continue reading <span class=\"screen-reader-text\">Livraison<\/span><\/a><\/p>","protected":false},"author":1,"featured_media":0,"parent":0,"menu_order":0,"comment_status":"closed","ping_status":"closed","template":"","meta":{"inline_featured_image":false,"footnotes":""},"class_list":["post-6803","page","type-page","status-publish","hentry"],"_links":{"self":[{"href":"https:\/\/www.izahobotanicals.com\/en\/wp-json\/wp\/v2\/pages\/6803","targetHints":{"allow":["GET"]}}],"collection":[{"href":"https:\/\/www.izahobotanicals.com\/en\/wp-json\/wp\/v2\/pages"}],"about":[{"href":"https:\/\/www.izahobotanicals.com\/en\/wp-json\/wp\/v2\/types\/page"}],"author":[{"embeddable":true,"href":"https:\/\/www.izahobotanicals.com\/en\/wp-json\/wp\/v2\/users\/1"}],"replies":[{"embeddable":true,"href":"https:\/\/www.izahobotanicals.com\/en\/wp-json\/wp\/v2\/comments?post=6803"}],"version-history":[{"count":8,"href":"https:\/\/www.izahobotanicals.com\/en\/wp-json\/wp\/v2\/pages\/6803\/revisions"}],"predecessor-version":[{"id":6814,"href":"https:\/\/www.izahobotanicals.com\/en\/wp-json\/wp\/v2\/pages\/6803\/revisions\/6814"}],"wp:attachment":[{"href":"https:\/\/www.izahobotanicals.com\/en\/wp-json\/wp\/v2\/media?parent=6803"}],"curies":[{"name":"wp","href":"https:\/\/api.w.org\/{rel}","templated":true}]}}