{"id":5995,"date":"2023-09-04T18:57:01","date_gmt":"2023-09-04T18:57:01","guid":{"rendered":"https:\/\/www.izahobotanicals.com\/?page_id=5995"},"modified":"2025-05-07T13:01:43","modified_gmt":"2025-05-07T13:01:43","slug":"nos-routines-completes","status":"publish","type":"page","link":"https:\/\/www.izahobotanicals.com\/en\/nos-routines-completes\/","title":{"rendered":"Nos routines compl\u00e8tes"},"content":{"rendered":"<div data-elementor-type=\"wp-page\" data-elementor-id=\"5995\" class=\"elementor elementor-5995\" data-elementor-post-type=\"page\">\n\t\t\t\t\t\t\t\t\t<section class=\"elementor-section elementor-top-section elementor-element elementor-element-3968ed8 elementor-section-boxed elementor-section-height-default elementor-section-height-default\" data-id=\"3968ed8\" data-element_type=\"section\">\n\t\t\t\t\t\t<div class=\"elementor-container elementor-column-gap-no\">\n\t\t\t\t\t<div class=\"elementor-column elementor-col-100 elementor-top-column elementor-element elementor-element-0aa7e5c\" data-id=\"0aa7e5c\" data-element_type=\"column\">\n\t\t\t<div class=\"elementor-widget-wrap elementor-element-populated\">\n\t\t\t\t\t\t\t\t<div class=\"elementor-element elementor-element-da3defb align-left elementor-widget elementor-widget-tbay-heading\" data-id=\"da3defb\" data-element_type=\"widget\" data-widget_type=\"tbay-heading.default\">\n\t\t\t\t<div class=\"elementor-widget-container\">\n\t\t\t\n<div class=\"tbay-element tbay-element-heading\">\n\t            <h1 class=\"heading-tbay-title style-1\">\n                <span class=\"title\">Nos routines compl\u00e8tes<\/span><span class=\"description\">Les soins signatures : huiles pour le corps et infusions inspir\u00e9s des plantes de Madagascar.<\/span>            <\/h1>\n        <\/div>\t\t<\/div>\n\t\t\t\t<\/div>\n\t\t\t\t<div class=\"elementor-element elementor-element-f3d036b elementor-widget__width-inherit elementor-widget elementor-widget-text-editor\" data-id=\"f3d036b\" data-element_type=\"widget\" data-widget_type=\"text-editor.default\">\n\t\t\t\t<div class=\"elementor-widget-container\">\n\t\t\t<style>\/*! elementor - v3.18.0 - 08-12-2023 *\/\n.elementor-widget-text-editor.elementor-drop-cap-view-stacked .elementor-drop-cap{background-color:#69727d;color:#fff}.elementor-widget-text-editor.elementor-drop-cap-view-framed .elementor-drop-cap{color:#69727d;border:3px solid;background-color:transparent}.elementor-widget-text-editor:not(.elementor-drop-cap-view-default) .elementor-drop-cap{margin-top:8px}.elementor-widget-text-editor:not(.elementor-drop-cap-view-default) .elementor-drop-cap-letter{width:1em;height:1em}.elementor-widget-text-editor .elementor-drop-cap{float:left;text-align:center;line-height:1;font-size:50px}.elementor-widget-text-editor .elementor-drop-cap-letter{display:inline-block}<\/style>\t\t\t\t<p>Les huiles de soin pour le corps et les infusions bien-\u00eatre Izaho Botanicals ont \u00e9t\u00e9 con\u00e7ues en duo compl\u00e9mentaire pour offrir un rituel quotidien complet, <br \/>alliant soin corporel et \u00e9quilibre int\u00e9rieur.<br data-start=\"340\" data-end=\"343\" \/>Cette synergie d\u2019usage renforce les bienfaits des plantes m\u00e9dicinales et offre une exp\u00e9rience sensorielle naturelle, pour un esprit apais\u00e9 dans un corps sain.<\/p>\t\t\t\t\t\t<\/div>\n\t\t\t\t<\/div>\n\t\t\t\t<div class=\"elementor-element elementor-element-134751c align-center elementor-product-inner elementor-widget elementor-widget-tbay-products\" data-id=\"134751c\" data-element_type=\"widget\" data-widget_type=\"tbay-products.default\">\n\t\t\t\t<div class=\"elementor-widget-container\">\n\t\t\t\n<div class=\"tbay-element tbay-element-products\">\n\n    \n    <div class=\"products row grid products\" data-xlgdesktop=\"3\" data-desktop=\"3\" data-desktopsmall=\"3\" data-tablet=\"3\" data-landscape=\"1\" data-mobile=\"1\">\n\n    \n        <div class=\"item\">\n\t\t\t<div class=\"products-grid product type-product post-7033 status-publish first instock product_cat-routine-complete has-post-thumbnail shipping-taxable purchasable product-type-simple\">\n\t\t\t<div class=\"product-block grid product v1\" data-product-id=\"7033\">\n\t\t<div class=\"product-content\">\n\t\t\n\t\t<div class=\"block-inner\">\n\t\t\t<figure class=\"image\">\n\t\t\t\t<a title=\"Duo \u00c9quilibre\" href=\"https:\/\/www.izahobotanicals.com\/en\/product\/duo-equilibre\/\" class=\"product-image\">\n\t\t\t\t\t<img fetchpriority=\"high\" decoding=\"async\" width=\"440\" height=\"586\" src=\"https:\/\/www.izahobotanicals.com\/wp-content\/uploads\/2024\/11\/duoequilibre-440x586.jpg\" class=\"attachment-woocommerce_thumbnail size-woocommerce_thumbnail\" alt=\"Flacon d&#039;huile de soin relipidant et apaisant sur une boite d&#039;infusion blend \u00e9quilibre - Rituel \u00e9quilibre sur le corps et l&#039;esprit\" data-xoowscfly=\"fly\" \/>\t\t\t\t<\/a>\n\t\t\t\t\n\t\t\t\t\t\t\t\n\t\t\t\t\t\t<\/figure>\n\n                        \n            <div class=\"group-quick-view\">\n                            <\/div>\n            \n\t\t\t\n\n\t\t<\/div>\n\t\t\n\t\t\t\t\n\t\t\n\t\t<div class=\"caption\">\n            \t\t\t\n                    <h3 class=\"name\"><a href=\"https:\/\/www.izahobotanicals.com\/en\/product\/duo-equilibre\/\">Duo \u00c9quilibre<\/a><\/h3>\n        \n                        \n\t\t\t\n\n\t\t\t\n\t\t\t<div class=\"group-content\">\n                \t<div class=\"rating\">\n\t\t\t\t\t<div class=\"star-rating\" role=\"img\" aria-label=\"Rated 4.40 out of 5\" data-no-translation-aria-label=\"\"><span style=\"width:88%\" data-no-translation=\"\" data-trp-gettext=\"\">Rated <strong class=\"rating\">4.40<\/strong> out of 5<\/span><\/div>\t\t\t<div class=\"count\"><span>(10 Avis)<\/span><\/div>\n\t\t\t<\/div>\n\t\n\t\t\t\t\n\t\t\t\t\n            <\/div>\n\t\t\t\n\t\t\t\n            \t\n\n            \t\t\t\n\t\t\t\t\t<\/div>\n\n\t\t<div class=\"group-buttons\">\t\n\t\t\t\t<div class=\"add-cart\" title=\"Add to cart\" data-no-translation-title=\"\" ><a href=\"?add-to-cart=7033\" data-quantity=\"1\" class=\"button product_type_simple add_to_cart_button ajax_add_to_cart\" data-product_id=\"7033\" data-product_sku=\"\" aria-label=\"Add \u201cDuo \u00c9quilibre\u201d to your cart\" aria-describedby=\"\" rel=\"nofollow\" data-no-translation-aria-label=\"\"><span class=\"title-cart\" data-no-translation=\"\" data-trp-gettext=\"\">Add to cart<\/span><\/a><\/div>\t\t    <\/div>\n\t\t\n\t\t    <\/div>\n    \n\t<\/div>\n\t\t\t<\/div>\n        <\/div>\n\n    \n        <div class=\"item\">\n\t\t\t<div class=\"products-grid product type-product post-7034 status-publish instock product_cat-routine-complete has-post-thumbnail shipping-taxable purchasable product-type-simple\">\n\t\t\t<div class=\"product-block grid product v1\" data-product-id=\"7034\">\n\t\t<div class=\"product-content\">\n\t\t\n\t\t<div class=\"block-inner\">\n\t\t\t<figure class=\"image\">\n\t\t\t\t<a title=\"Duo D\u00e9tox\" href=\"https:\/\/www.izahobotanicals.com\/en\/product\/duo-detox\/\" class=\"product-image\">\n\t\t\t\t\t<img decoding=\"async\" width=\"440\" height=\"586\" src=\"https:\/\/www.izahobotanicals.com\/wp-content\/uploads\/2024\/11\/duodetox-440x586.jpg\" class=\"attachment-woocommerce_thumbnail size-woocommerce_thumbnail\" alt=\"Huile de soin d\u00e9tox et relaxation mise en sc\u00e8ne produit \u2013 soin d\u00e9toxifiant et relaxant\" data-xoowscfly=\"fly\" \/>\t\t\t\t<\/a>\n\t\t\t\t\n\t\t\t\t\t\t\t\n\t\t\t\t\t\t<\/figure>\n\n                        \n            <div class=\"group-quick-view\">\n                            <\/div>\n            \n\t\t\t\n\n\t\t<\/div>\n\t\t\n\t\t\t\t\n\t\t\n\t\t<div class=\"caption\">\n            \t\t\t\n                    <h3 class=\"name\"><a href=\"https:\/\/www.izahobotanicals.com\/en\/product\/duo-detox\/\">Duo D\u00e9tox<\/a><\/h3>\n        \n                        \n\t\t\t\n\n\t\t\t\n\t\t\t<div class=\"group-content\">\n                \t<div class=\"rating\">\n\t\t\t\t\t<div class=\"star-rating\" role=\"img\" aria-label=\"Rated 4.00 out of 5\" data-no-translation-aria-label=\"\"><span style=\"width:80%\" data-no-translation=\"\" data-trp-gettext=\"\">Rated <strong class=\"rating\">4.00<\/strong> out of 5<\/span><\/div>\t\t\t<div class=\"count\"><span>(10 Avis)<\/span><\/div>\n\t\t\t<\/div>\n\t\n\t\t\t\t\n\t\t\t\t\n            <\/div>\n\t\t\t\n\t\t\t\n            \t\n\n            \t\t\t\n\t\t\t\t\t<\/div>\n\n\t\t<div class=\"group-buttons\">\t\n\t\t\t\t<div class=\"add-cart\" title=\"Add to cart\" data-no-translation-title=\"\" ><a href=\"?add-to-cart=7034\" data-quantity=\"1\" class=\"button product_type_simple add_to_cart_button ajax_add_to_cart\" data-product_id=\"7034\" data-product_sku=\"\" aria-label=\"Add \u201cDuo D\u00e9tox\u201d to your cart\" aria-describedby=\"\" rel=\"nofollow\" data-no-translation-aria-label=\"\"><span class=\"title-cart\" data-no-translation=\"\" data-trp-gettext=\"\">Add to cart<\/span><\/a><\/div>\t\t    <\/div>\n\t\t\n\t\t    <\/div>\n    \n\t<\/div>\n\t\t\t<\/div>\n        <\/div>\n\n    \n        <div class=\"item\">\n\t\t\t<div class=\"products-grid product type-product post-7035 status-publish last instock product_cat-routine-complete has-post-thumbnail sold-individually shipping-taxable purchasable product-type-simple\">\n\t\t\t<div class=\"product-block grid product v1\" data-product-id=\"7035\">\n\t\t<div class=\"product-content\">\n\t\t\n\t\t<div class=\"block-inner\">\n\t\t\t<figure class=\"image\">\n\t\t\t\t<a title=\"Duo Vitalit\u00e9\" href=\"https:\/\/www.izahobotanicals.com\/en\/product\/duo-vitalite\/\" class=\"product-image\">\n\t\t\t\t\t<img decoding=\"async\" width=\"440\" height=\"586\" src=\"https:\/\/www.izahobotanicals.com\/wp-content\/uploads\/2024\/11\/duovitalite-440x586.jpg\" class=\"attachment-woocommerce_thumbnail size-woocommerce_thumbnail\" alt=\"Huile biphas\u00e9e fermet\u00e9 et fraicheur pour peaux en manque de fermet\u00e9 mise en sc\u00e8ne sur fond naturel \u2013 soin tonifiant\" data-xoowscfly=\"fly\" \/>\t\t\t\t<\/a>\n\t\t\t\t\n\t\t\t\t\t\t\t\n\t\t\t\t\t\t<\/figure>\n\n                        \n            <div class=\"group-quick-view\">\n                            <\/div>\n            \n\t\t\t\n\n\t\t<\/div>\n\t\t\n\t\t\t\t\n\t\t\n\t\t<div class=\"caption\">\n            \t\t\t\n                    <h3 class=\"name\"><a href=\"https:\/\/www.izahobotanicals.com\/en\/product\/duo-vitalite\/\">Duo Vitalit\u00e9<\/a><\/h3>\n        \n                        \n\t\t\t\n\n\t\t\t\n\t\t\t<div class=\"group-content\">\n                \t<div class=\"rating\">\n\t\t\t\t\t<div class=\"star-rating\" role=\"img\" aria-label=\"Rated 4.42 out of 5\" data-no-translation-aria-label=\"\"><span style=\"width:88.4%\" data-no-translation=\"\" data-trp-gettext=\"\">Rated <strong class=\"rating\">4.42<\/strong> out of 5<\/span><\/div>\t\t\t<div class=\"count\"><span>(12 Avis)<\/span><\/div>\n\t\t\t<\/div>\n\t\n\t\t\t\t\n\t\t\t\t\n            <\/div>\n\t\t\t\n\t\t\t\n            \t\n\n            \t\t\t\n\t\t\t\t\t<\/div>\n\n\t\t<div class=\"group-buttons\">\t\n\t\t\t\t<div class=\"add-cart\" title=\"Add to cart\" data-no-translation-title=\"\" ><a href=\"?add-to-cart=7035\" data-quantity=\"1\" class=\"button product_type_simple add_to_cart_button ajax_add_to_cart\" data-product_id=\"7035\" data-product_sku=\"\" aria-label=\"Add \u201cDuo Vitalit\u00e9\u201d to your cart\" aria-describedby=\"\" rel=\"nofollow\" data-no-translation-aria-label=\"\"><span class=\"title-cart\" data-no-translation=\"\" data-trp-gettext=\"\">Add to cart<\/span><\/a><\/div>\t\t    <\/div>\n\t\t\n\t\t    <\/div>\n    \n\t<\/div>\n\t\t\t<\/div>\n        <\/div>\n\n     \n\n    <\/div>        \n<\/div>\t\t<\/div>\n\t\t\t\t<\/div>\n\t\t\t\t\t<\/div>\n\t\t<\/div>\n\t\t\t\t\t\t\t<\/div>\n\t\t<\/section>\n\t\t\t\t\t\t\t<\/div>","protected":false},"excerpt":{"rendered":"<p>Nos routines compl\u00e8tesLes soins signatures : huiles pour le corps et infusions inspir\u00e9s des plantes de Madagascar. Les huiles de soin pour le corps et les infusions bien-\u00eatre Izaho Botanicals ont \u00e9t\u00e9 con\u00e7ues en duo compl\u00e9mentaire pour offrir un rituel quotidien complet, alliant soin corporel et \u00e9quilibre int\u00e9rieur.Cette synergie d\u2019usage renforce les bienfaits des plantes &hellip; <a href=\"https:\/\/www.izahobotanicals.com\/en\/product\/duo-vitalite\/\" class=\"more-link\">Continue reading <span class=\"screen-reader-text\">Duo Vitalit\u00e9<\/span><\/a><\/p>","protected":false},"author":1,"featured_media":0,"parent":0,"menu_order":0,"comment_status":"closed","ping_status":"closed","template":"","meta":{"inline_featured_image":false,"footnotes":""},"class_list":["post-5995","page","type-page","status-publish","hentry"],"_links":{"self":[{"href":"https:\/\/www.izahobotanicals.com\/en\/wp-json\/wp\/v2\/pages\/5995","targetHints":{"allow":["GET"]}}],"collection":[{"href":"https:\/\/www.izahobotanicals.com\/en\/wp-json\/wp\/v2\/pages"}],"about":[{"href":"https:\/\/www.izahobotanicals.com\/en\/wp-json\/wp\/v2\/types\/page"}],"author":[{"embeddable":true,"href":"https:\/\/www.izahobotanicals.com\/en\/wp-json\/wp\/v2\/users\/1"}],"replies":[{"embeddable":true,"href":"https:\/\/www.izahobotanicals.com\/en\/wp-json\/wp\/v2\/comments?post=5995"}],"version-history":[{"count":32,"href":"https:\/\/www.izahobotanicals.com\/en\/wp-json\/wp\/v2\/pages\/5995\/revisions"}],"predecessor-version":[{"id":7539,"href":"https:\/\/www.izahobotanicals.com\/en\/wp-json\/wp\/v2\/pages\/5995\/revisions\/7539"}],"wp:attachment":[{"href":"https:\/\/www.izahobotanicals.com\/en\/wp-json\/wp\/v2\/media?parent=5995"}],"curies":[{"name":"wp","href":"https:\/\/api.w.org\/{rel}","templated":true}]}}