{"id":5949,"date":"2023-09-04T15:47:32","date_gmt":"2023-09-04T15:47:32","guid":{"rendered":"https:\/\/www.izahobotanicals.com\/?page_id=5949"},"modified":"2025-05-07T12:51:24","modified_gmt":"2025-05-07T12:51:24","slug":"soins-corps","status":"publish","type":"page","link":"https:\/\/www.izahobotanicals.com\/en\/soins-corps\/","title":{"rendered":"Soins corps"},"content":{"rendered":"<div data-elementor-type=\"wp-page\" data-elementor-id=\"5949\" class=\"elementor elementor-5949\" data-elementor-post-type=\"page\">\n\t\t\t\t\t\t\t\t\t<section class=\"elementor-section elementor-top-section elementor-element elementor-element-3968ed8 elementor-section-boxed elementor-section-height-default elementor-section-height-default\" data-id=\"3968ed8\" data-element_type=\"section\">\n\t\t\t\t\t\t<div class=\"elementor-container elementor-column-gap-no\">\n\t\t\t\t\t<div class=\"elementor-column elementor-col-100 elementor-top-column elementor-element elementor-element-0aa7e5c\" data-id=\"0aa7e5c\" data-element_type=\"column\">\n\t\t\t<div class=\"elementor-widget-wrap elementor-element-populated\">\n\t\t\t\t\t\t\t\t<div class=\"elementor-element elementor-element-da3defb align-left elementor-widget elementor-widget-tbay-heading\" data-id=\"da3defb\" data-element_type=\"widget\" data-widget_type=\"tbay-heading.default\">\n\t\t\t\t<div class=\"elementor-widget-container\">\n\t\t\t\n<div class=\"tbay-element tbay-element-heading\">\n\t            <h1 class=\"heading-tbay-title style-1\">\n                <span class=\"title\">Soins corps<\/span><span class=\"description\">Les soins corporels \u00e0 spectre large et cibl\u00e9s<\/span>            <\/h1>\n        <\/div>\t\t<\/div>\n\t\t\t\t<\/div>\n\t\t\t\t<div class=\"elementor-element elementor-element-f3d036b elementor-widget__width-inherit elementor-widget elementor-widget-text-editor\" data-id=\"f3d036b\" data-element_type=\"widget\" data-widget_type=\"text-editor.default\">\n\t\t\t\t<div class=\"elementor-widget-container\">\n\t\t\t<style>\/*! elementor - v3.18.0 - 08-12-2023 *\/\n.elementor-widget-text-editor.elementor-drop-cap-view-stacked .elementor-drop-cap{background-color:#69727d;color:#fff}.elementor-widget-text-editor.elementor-drop-cap-view-framed .elementor-drop-cap{color:#69727d;border:3px solid;background-color:transparent}.elementor-widget-text-editor:not(.elementor-drop-cap-view-default) .elementor-drop-cap{margin-top:8px}.elementor-widget-text-editor:not(.elementor-drop-cap-view-default) .elementor-drop-cap-letter{width:1em;height:1em}.elementor-widget-text-editor .elementor-drop-cap{float:left;text-align:center;line-height:1;font-size:50px}.elementor-widget-text-editor .elementor-drop-cap-letter{display:inline-block}<\/style>\t\t\t\t<p>Une gamme de 5 blends d&#8217;huile bien-\u00eatre, con\u00e7ue pour offrir confort et soins cibl\u00e9s, formul\u00e9e \u00e0 partir d\u2019un complexe innovant de 4 huiles v\u00e9g\u00e9tales pures et enrichie en actifs naturels issus de plantes end\u00e9miques de Madagascar.<\/p>\t\t\t\t\t\t<\/div>\n\t\t\t\t<\/div>\n\t\t\t\t<div class=\"elementor-element elementor-element-134751c align-center elementor-product-inner elementor-widget elementor-widget-tbay-products\" data-id=\"134751c\" data-element_type=\"widget\" data-widget_type=\"tbay-products.default\">\n\t\t\t\t<div class=\"elementor-widget-container\">\n\t\t\t\n<div class=\"tbay-element tbay-element-products\">\n\n    \n    <div class=\"products row grid products\" data-xlgdesktop=\"3\" data-desktop=\"3\" data-desktopsmall=\"3\" data-tablet=\"3\" data-landscape=\"1\" data-mobile=\"1\">\n\n    \n        <div class=\"item\">\n\t\t\t<div class=\"products-grid product type-product post-7025 status-publish first instock product_cat-soins-corps has-post-thumbnail shipping-taxable purchasable product-type-simple\">\n\t\t\t<div class=\"product-block grid product v1\" data-product-id=\"7025\">\n\t\t<div class=\"product-content\">\n\t\t\n\t\t<div class=\"block-inner\">\n\t\t\t<figure class=\"image\">\n\t\t\t\t<a title=\"Blend D\u00e9tox &#038; Relaxation\" href=\"https:\/\/www.izahobotanicals.com\/en\/product\/blend-detox-relaxation\/\" class=\"product-image\">\n\t\t\t\t\t<img fetchpriority=\"high\" decoding=\"async\" width=\"440\" height=\"586\" src=\"https:\/\/www.izahobotanicals.com\/wp-content\/uploads\/2024\/11\/Blend-Detox-Relaxation-440x586.jpg\" class=\"attachment-woocommerce_thumbnail size-woocommerce_thumbnail\" alt=\"Flacon d&#039;huile de soin d\u00e9tox et relaxation - soin d\u00e9toxifiant et relaxant\" data-xoowscfly=\"fly\" \/>\t\t\t\t<\/a>\n\t\t\t\t\n\t\t\t\t\t\t\t\n\t\t\t\t\t\t<\/figure>\n\n                        \n            <div class=\"group-quick-view\">\n                            <\/div>\n            \n\t\t\t\n\n\t\t<\/div>\n\t\t\n\t\t\t\t\n\t\t\n\t\t<div class=\"caption\">\n            \t\t\t\n                    <h3 class=\"name\"><a href=\"https:\/\/www.izahobotanicals.com\/en\/product\/blend-detox-relaxation\/\">Blend D\u00e9tox &#038; Relaxation<\/a><\/h3>\n        \n                        \n\t\t\t\n\n\t\t\t\n\t\t\t<div class=\"group-content\">\n                \t<div class=\"rating\">\n\t\t\t\t\t<div class=\"star-rating\" role=\"img\" aria-label=\"Rated 4.85 out of 5\" data-no-translation-aria-label=\"\"><span style=\"width:97%\" data-no-translation=\"\" data-trp-gettext=\"\">Rated <strong class=\"rating\">4.85<\/strong> out of 5<\/span><\/div>\t\t\t<div class=\"count\"><span>(14 Avis)<\/span><\/div>\n\t\t\t<\/div>\n\t\n\t\t\t\t\n\t\t\t\t\n            <\/div>\n\t\t\t\n\t\t\t\n            \t\n\n            \t\t\t\n\t\t\t\t\t<\/div>\n\n\t\t<div class=\"group-buttons\">\t\n\t\t\t\t<div class=\"add-cart\" title=\"Add to cart\" data-no-translation-title=\"\" ><a href=\"?add-to-cart=7025\" data-quantity=\"1\" class=\"button product_type_simple add_to_cart_button ajax_add_to_cart\" data-product_id=\"7025\" data-product_sku=\"FLO09.BL.DR.100M\" aria-label=\"Add \u201cBlend D\u00e9tox &amp; Relaxation\u201d to your cart\" aria-describedby=\"\" rel=\"nofollow\" data-no-translation-aria-label=\"\"><span class=\"title-cart\" data-no-translation=\"\" data-trp-gettext=\"\">Add to cart<\/span><\/a><\/div>\t\t    <\/div>\n\t\t\n\t\t    <\/div>\n    \n\t<\/div>\n\t\t\t<\/div>\n        <\/div>\n\n    \n        <div class=\"item\">\n\t\t\t<div class=\"products-grid product type-product post-7027 status-publish instock product_cat-soins-corps has-post-thumbnail featured shipping-taxable purchasable product-type-simple\">\n\t\t\t<div class=\"product-block grid product v1\" data-product-id=\"7027\">\n\t\t<div class=\"product-content\">\n\t\t\n\t\t<div class=\"block-inner\">\n\t\t\t<figure class=\"image\">\n\t\t\t\t<a title=\"Blend Relipidant &#038; Apaisant\" href=\"https:\/\/www.izahobotanicals.com\/en\/product\/blend-relipidant-apaisant\/\" class=\"product-image\">\n\t\t\t\t\t<img decoding=\"async\" width=\"440\" height=\"586\" src=\"https:\/\/www.izahobotanicals.com\/wp-content\/uploads\/2024\/11\/Blend-Relipidant-Apaisant-1-440x586.jpg\" class=\"attachment-woocommerce_thumbnail size-woocommerce_thumbnail\" alt=\"Huile relipidante et apaisante pour peaux sensibles mise en sc\u00e8ne sur fond naturel avec de la vanille \u2013 soin apaisant et hydratant\" data-xoowscfly=\"fly\" \/>\t\t\t\t<\/a>\n\t\t\t\t\n\t\t\t\t\t\t\t\n\t\t\t\t\t\t<\/figure>\n\n                        \n            <div class=\"group-quick-view\">\n                            <\/div>\n            \n\t\t\t\n\n\t\t<\/div>\n\t\t\n\t\t<span class=\"only-featured onsale\"><span class=\"featured\">Featured<\/span><\/span>\t\t\n\t\t\n\t\t<div class=\"caption\">\n            \t\t\t\n                    <h3 class=\"name\"><a href=\"https:\/\/www.izahobotanicals.com\/en\/product\/blend-relipidant-apaisant\/\">Blend Relipidant &#038; Apaisant<\/a><\/h3>\n        \n                        \n\t\t\t\n\n\t\t\t\n\t\t\t<div class=\"group-content\">\n                \t<div class=\"rating\">\n\t\t\t\t\t<div class=\"star-rating\" role=\"img\" aria-label=\"Rated 4.27 out of 5\" data-no-translation-aria-label=\"\"><span style=\"width:85.4%\" data-no-translation=\"\" data-trp-gettext=\"\">Rated <strong class=\"rating\">4.27<\/strong> out of 5<\/span><\/div>\t\t\t<div class=\"count\"><span>(15 Avis)<\/span><\/div>\n\t\t\t<\/div>\n\t\n\t\t\t\t\n\t\t\t\t\n            <\/div>\n\t\t\t\n\t\t\t\n            \t\n\n            \t\t\t\n\t\t\t\t\t<\/div>\n\n\t\t<div class=\"group-buttons\">\t\n\t\t\t\t<div class=\"add-cart\" title=\"Add to cart\" data-no-translation-title=\"\" ><a href=\"?add-to-cart=7027\" data-quantity=\"1\" class=\"button product_type_simple add_to_cart_button ajax_add_to_cart\" data-product_id=\"7027\" data-product_sku=\"FLO09.BL.RA.100M\" aria-label=\"Add \u201cBlend Relipidant &amp; Apaisant\u201d to your cart\" aria-describedby=\"\" rel=\"nofollow\" data-no-translation-aria-label=\"\"><span class=\"title-cart\" data-no-translation=\"\" data-trp-gettext=\"\">Add to cart<\/span><\/a><\/div>\t\t    <\/div>\n\t\t\n\t\t    <\/div>\n    \n\t<\/div>\n\t\t\t<\/div>\n        <\/div>\n\n    \n        <div class=\"item\">\n\t\t\t<div class=\"products-grid product type-product post-7032 status-publish last instock product_cat-soins-corps has-post-thumbnail featured shipping-taxable purchasable product-type-simple\">\n\t\t\t<div class=\"product-block grid product v1\" data-product-id=\"7032\">\n\t\t<div class=\"product-content\">\n\t\t\n\t\t<div class=\"block-inner\">\n\t\t\t<figure class=\"image\">\n\t\t\t\t<a title=\"Blend Soin R\u00e9parateur\" href=\"https:\/\/www.izahobotanicals.com\/en\/product\/blend-soin-reparateur\/\" class=\"product-image\">\n\t\t\t\t\t<img decoding=\"async\" width=\"440\" height=\"586\" src=\"https:\/\/www.izahobotanicals.com\/wp-content\/uploads\/2024\/11\/Blend-Soin-Reparateur01-440x586.jpg\" class=\"attachment-woocommerce_thumbnail size-woocommerce_thumbnail\" alt=\"Flacon d\u2019huile r\u00e9parateur pos\u00e9 sur un fond naturel \u2013 soin pour vergetures et cicatrices \u00e0 base d\u2019ingr\u00e9dients naturels\" data-xoowscfly=\"fly\" \/>\t\t\t\t<\/a>\n\t\t\t\t\n\t\t\t\t\t\t\t\n\t\t\t\t\t\t<\/figure>\n\n                        \n            <div class=\"group-quick-view\">\n                            <\/div>\n            \n\t\t\t\n\n\t\t<\/div>\n\t\t\n\t\t<span class=\"only-featured onsale\"><span class=\"featured\">Featured<\/span><\/span>\t\t\n\t\t\n\t\t<div class=\"caption\">\n            \t\t\t\n                    <h3 class=\"name\"><a href=\"https:\/\/www.izahobotanicals.com\/en\/product\/blend-soin-reparateur\/\">Blend Soin R\u00e9parateur<\/a><\/h3>\n        \n                        \n\t\t\t\n\n\t\t\t\n\t\t\t<div class=\"group-content\">\n                \t<div class=\"rating\">\n\t\t\t\t\t<div class=\"star-rating\" role=\"img\" aria-label=\"Rated 4.98 out of 5\" data-no-translation-aria-label=\"\"><span style=\"width:99.6%\" data-no-translation=\"\" data-trp-gettext=\"\">Rated <strong class=\"rating\">4.98<\/strong> out of 5<\/span><\/div>\t\t\t<div class=\"count\"><span>(50 Avis)<\/span><\/div>\n\t\t\t<\/div>\n\t\n\t\t\t\t\n\t\t\t\t\n            <\/div>\n\t\t\t\n\t\t\t\n            \t\n\n            \t\t\t\n\t\t\t\t\t<\/div>\n\n\t\t<div class=\"group-buttons\">\t\n\t\t\t\t<div class=\"add-cart\" title=\"Add to cart\" data-no-translation-title=\"\" ><a href=\"?add-to-cart=7032\" data-quantity=\"1\" class=\"button product_type_simple add_to_cart_button ajax_add_to_cart\" data-product_id=\"7032\" data-product_sku=\"FLO09.BL.SRP.50M\" aria-label=\"Add \u201cBlend Soin R\u00e9parateur\u201d to your cart\" aria-describedby=\"\" rel=\"nofollow\" data-no-translation-aria-label=\"\"><span class=\"title-cart\" data-no-translation=\"\" data-trp-gettext=\"\">Add to cart<\/span><\/a><\/div>\t\t    <\/div>\n\t\t\n\t\t    <\/div>\n    \n\t<\/div>\n\t\t\t<\/div>\n        <\/div>\n\n    \n        <div class=\"item\">\n\t\t\t<div class=\"products-grid product type-product post-7026 status-publish first instock product_cat-soins-corps has-post-thumbnail shipping-taxable purchasable product-type-simple\">\n\t\t\t<div class=\"product-block grid product v1\" data-product-id=\"7026\">\n\t\t<div class=\"product-content\">\n\t\t\n\t\t<div class=\"block-inner\">\n\t\t\t<figure class=\"image\">\n\t\t\t\t<a title=\"Blend Fermet\u00e9 &amp; Fra\u00eecheur\" href=\"https:\/\/www.izahobotanicals.com\/en\/product\/blend-fermete-fraicheur\/\" class=\"product-image\">\n\t\t\t\t\t<img loading=\"lazy\" decoding=\"async\" width=\"440\" height=\"586\" src=\"https:\/\/www.izahobotanicals.com\/wp-content\/uploads\/2024\/11\/Blend-Fermete-Fraicheur-440x586.jpg\" class=\"attachment-woocommerce_thumbnail size-woocommerce_thumbnail\" alt=\"Flacon d&#039;huile de soin fermet\u00e9 et fraicheur pour peaux en manque de fermet\u00e9 - mise en sc\u00e8ne sur fond neutre \u2013 soin tonifiant\" data-xoowscfly=\"fly\" \/>\t\t\t\t<\/a>\n\t\t\t\t\n\t\t\t\t\t\t\t\n\t\t\t\t\t\t<\/figure>\n\n                        \n            <div class=\"group-quick-view\">\n                            <\/div>\n            \n\t\t\t\n\n\t\t<\/div>\n\t\t\n\t\t\t\t\n\t\t\n\t\t<div class=\"caption\">\n            \t\t\t\n                    <h3 class=\"name\"><a href=\"https:\/\/www.izahobotanicals.com\/en\/product\/blend-fermete-fraicheur\/\">Blend Fermet\u00e9 &amp; Fra\u00eecheur<\/a><\/h3>\n        \n                        \n\t\t\t\n\n\t\t\t\n\t\t\t<div class=\"group-content\">\n                \t<div class=\"rating\">\n\t\t\t\t\t<div class=\"star-rating\" role=\"img\" aria-label=\"Rated 4.84 out of 5\" data-no-translation-aria-label=\"\"><span style=\"width:96.8%\" data-no-translation=\"\" data-trp-gettext=\"\">Rated <strong class=\"rating\">4.84<\/strong> out of 5<\/span><\/div>\t\t\t<div class=\"count\"><span>(50 Avis)<\/span><\/div>\n\t\t\t<\/div>\n\t\n\t\t\t\t\n\t\t\t\t\n            <\/div>\n\t\t\t\n\t\t\t\n            \t\n\n            \t\t\t\n\t\t\t\t\t<\/div>\n\n\t\t<div class=\"group-buttons\">\t\n\t\t\t\t<div class=\"add-cart\" title=\"Add to cart\" data-no-translation-title=\"\" ><a href=\"?add-to-cart=7026\" data-quantity=\"1\" class=\"button product_type_simple add_to_cart_button ajax_add_to_cart\" data-product_id=\"7026\" data-product_sku=\"FLO09.BL.FF.100M\" aria-label=\"Add \u201cBlend Fermet\u00e9 &amp; Fra\u00eecheur\u201d to your cart\" aria-describedby=\"\" rel=\"nofollow\" data-no-translation-aria-label=\"\"><span class=\"title-cart\" data-no-translation=\"\" data-trp-gettext=\"\">Add to cart<\/span><\/a><\/div>\t\t    <\/div>\n\t\t\n\t\t    <\/div>\n    \n\t<\/div>\n\t\t\t<\/div>\n        <\/div>\n\n    \n        <div class=\"item\">\n\t\t\t<div class=\"products-grid product type-product post-7028 status-publish instock product_cat-soins-corps has-post-thumbnail shipping-taxable purchasable product-type-simple\">\n\t\t\t<div class=\"product-block grid product v1\" data-product-id=\"7028\">\n\t\t<div class=\"product-content\">\n\t\t\n\t\t<div class=\"block-inner\">\n\t\t\t<figure class=\"image\">\n\t\t\t\t<a title=\"Blend Soin R\u00e9cup\u00e9ration\" href=\"https:\/\/www.izahobotanicals.com\/en\/product\/blend-soin-recuperation\/\" class=\"product-image\">\n\t\t\t\t\t<img loading=\"lazy\" decoding=\"async\" width=\"440\" height=\"586\" src=\"https:\/\/www.izahobotanicals.com\/wp-content\/uploads\/2024\/11\/Blend-Soin-Recuperation-440x586.jpg\" class=\"attachment-woocommerce_thumbnail size-woocommerce_thumbnail\" alt=\"Flacon d&#039;huile de soin R\u00e9cup\u00e9ration mise en sc\u00e8ne - am\u00e9liore le confort musculaire apr\u00e8s l&#039;effort\" data-xoowscfly=\"fly\" \/>\t\t\t\t<\/a>\n\t\t\t\t\n\t\t\t\t\t\t\t\n\t\t\t\t\t\t<\/figure>\n\n                        \n            <div class=\"group-quick-view\">\n                            <\/div>\n            \n\t\t\t\n\n\t\t<\/div>\n\t\t\n\t\t\t\t\n\t\t\n\t\t<div class=\"caption\">\n            \t\t\t\n                    <h3 class=\"name\"><a href=\"https:\/\/www.izahobotanicals.com\/en\/product\/blend-soin-recuperation\/\">Blend Soin R\u00e9cup\u00e9ration<\/a><\/h3>\n        \n                        \n\t\t\t\n\n\t\t\t\n\t\t\t<div class=\"group-content\">\n                \t<div class=\"rating\">\n\t\t\t\t\t<div class=\"star-rating\" role=\"img\" aria-label=\"Rated 4.57 out of 5\" data-no-translation-aria-label=\"\"><span style=\"width:91.4%\" data-no-translation=\"\" data-trp-gettext=\"\">Rated <strong class=\"rating\">4.57<\/strong> out of 5<\/span><\/div>\t\t\t<div class=\"count\"><span>(14 Avis)<\/span><\/div>\n\t\t\t<\/div>\n\t\n\t\t\t\t\n\t\t\t\t\n            <\/div>\n\t\t\t\n\t\t\t\n            \t\n\n            \t\t\t\n\t\t\t\t\t<\/div>\n\n\t\t<div class=\"group-buttons\">\t\n\t\t\t\t<div class=\"add-cart\" title=\"Add to cart\" data-no-translation-title=\"\" ><a href=\"?add-to-cart=7028\" data-quantity=\"1\" class=\"button product_type_simple add_to_cart_button ajax_add_to_cart\" data-product_id=\"7028\" data-product_sku=\"FLO09.BL.SRC.50M\" aria-label=\"Add \u201cBlend Soin R\u00e9cup\u00e9ration\u201d to your cart\" aria-describedby=\"\" rel=\"nofollow\" data-no-translation-aria-label=\"\"><span class=\"title-cart\" data-no-translation=\"\" data-trp-gettext=\"\">Add to cart<\/span><\/a><\/div>\t\t    <\/div>\n\t\t\n\t\t    <\/div>\n    \n\t<\/div>\n\t\t\t<\/div>\n        <\/div>\n\n     \n\n    <\/div>        \n<\/div>\t\t<\/div>\n\t\t\t\t<\/div>\n\t\t\t\t\t<\/div>\n\t\t<\/div>\n\t\t\t\t\t\t\t<\/div>\n\t\t<\/section>\n\t\t\t\t\t\t\t<\/div>","protected":false},"excerpt":{"rendered":"<p>Soins corpsLes soins corporels \u00e0 spectre large et cibl\u00e9s Une gamme de 5 blends d&#8217;huile bien-\u00eatre, con\u00e7ue pour offrir confort et soins cibl\u00e9s, formul\u00e9e \u00e0 partir d\u2019un complexe innovant de 4 huiles v\u00e9g\u00e9tales pures et enrichie en actifs naturels issus de plantes end\u00e9miques de Madagascar. Blend Fermet\u00e9 &amp; Fra\u00eecheur Rated 4.84 out of 5 (50 &hellip; <a href=\"https:\/\/www.izahobotanicals.com\/en\/product\/blend-soin-recuperation\/\" class=\"more-link\">Continue reading <span class=\"screen-reader-text\">Blend Soin R\u00e9cup\u00e9ration<\/span><\/a><\/p>","protected":false},"author":1,"featured_media":0,"parent":0,"menu_order":0,"comment_status":"closed","ping_status":"closed","template":"","meta":{"inline_featured_image":false,"footnotes":""},"class_list":["post-5949","page","type-page","status-publish","hentry"],"_links":{"self":[{"href":"https:\/\/www.izahobotanicals.com\/en\/wp-json\/wp\/v2\/pages\/5949","targetHints":{"allow":["GET"]}}],"collection":[{"href":"https:\/\/www.izahobotanicals.com\/en\/wp-json\/wp\/v2\/pages"}],"about":[{"href":"https:\/\/www.izahobotanicals.com\/en\/wp-json\/wp\/v2\/types\/page"}],"author":[{"embeddable":true,"href":"https:\/\/www.izahobotanicals.com\/en\/wp-json\/wp\/v2\/users\/1"}],"replies":[{"embeddable":true,"href":"https:\/\/www.izahobotanicals.com\/en\/wp-json\/wp\/v2\/comments?post=5949"}],"version-history":[{"count":44,"href":"https:\/\/www.izahobotanicals.com\/en\/wp-json\/wp\/v2\/pages\/5949\/revisions"}],"predecessor-version":[{"id":7527,"href":"https:\/\/www.izahobotanicals.com\/en\/wp-json\/wp\/v2\/pages\/5949\/revisions\/7527"}],"wp:attachment":[{"href":"https:\/\/www.izahobotanicals.com\/en\/wp-json\/wp\/v2\/media?parent=5949"}],"curies":[{"name":"wp","href":"https:\/\/api.w.org\/{rel}","templated":true}]}}