{"id":5927,"date":"2023-09-04T15:27:15","date_gmt":"2023-09-04T15:27:15","guid":{"rendered":"https:\/\/www.izahobotanicals.com\/?page_id=5927"},"modified":"2025-05-07T12:54:34","modified_gmt":"2025-05-07T12:54:34","slug":"infusions","status":"publish","type":"page","link":"https:\/\/www.izahobotanicals.com\/en\/infusions\/","title":{"rendered":"Infusions"},"content":{"rendered":"<div data-elementor-type=\"wp-page\" data-elementor-id=\"5927\" class=\"elementor elementor-5927\" data-elementor-post-type=\"page\">\n\t\t\t\t\t\t\t\t\t<section class=\"elementor-section elementor-top-section elementor-element elementor-element-3968ed8 elementor-section-boxed elementor-section-height-default elementor-section-height-default\" data-id=\"3968ed8\" data-element_type=\"section\">\n\t\t\t\t\t\t<div class=\"elementor-container elementor-column-gap-no\">\n\t\t\t\t\t<div class=\"elementor-column elementor-col-100 elementor-top-column elementor-element elementor-element-0aa7e5c\" data-id=\"0aa7e5c\" data-element_type=\"column\">\n\t\t\t<div class=\"elementor-widget-wrap elementor-element-populated\">\n\t\t\t\t\t\t\t\t<div class=\"elementor-element elementor-element-da3defb align-left elementor-widget elementor-widget-tbay-heading\" data-id=\"da3defb\" data-element_type=\"widget\" data-widget_type=\"tbay-heading.default\">\n\t\t\t\t<div class=\"elementor-widget-container\">\n\t\t\t\n<div class=\"tbay-element tbay-element-heading\">\n\t            <h1 class=\"heading-tbay-title style-1\">\n                <span class=\"title\">Infusions<\/span><span class=\"description\">M\u00e9lange de plantes, fleurs et d'\u00e9pices<\/span>            <\/h1>\n        <\/div>\t\t<\/div>\n\t\t\t\t<\/div>\n\t\t\t\t<div class=\"elementor-element elementor-element-f3d036b elementor-widget__width-inherit elementor-widget elementor-widget-text-editor\" data-id=\"f3d036b\" data-element_type=\"widget\" data-widget_type=\"text-editor.default\">\n\t\t\t\t<div class=\"elementor-widget-container\">\n\t\t\t<style>\/*! elementor - v3.18.0 - 08-12-2023 *\/\n.elementor-widget-text-editor.elementor-drop-cap-view-stacked .elementor-drop-cap{background-color:#69727d;color:#fff}.elementor-widget-text-editor.elementor-drop-cap-view-framed .elementor-drop-cap{color:#69727d;border:3px solid;background-color:transparent}.elementor-widget-text-editor:not(.elementor-drop-cap-view-default) .elementor-drop-cap{margin-top:8px}.elementor-widget-text-editor:not(.elementor-drop-cap-view-default) .elementor-drop-cap-letter{width:1em;height:1em}.elementor-widget-text-editor .elementor-drop-cap{float:left;text-align:center;line-height:1;font-size:50px}.elementor-widget-text-editor .elementor-drop-cap-letter{display:inline-block}<\/style>\t\t\t\t<p>Une gamme de 3 infusions bien-\u00eatre, \u00e0 base de plantes, fleurs et \u00e9pices rigoureusement s\u00e9lectionn\u00e9es, con\u00e7ue pour favoriser le bien-\u00eatre int\u00e9rieur.<br \/>Chaque infusion est un m\u00e9lange unique d\u2019ar\u00f4mes et d\u2019ingr\u00e9dients naturels, issus du terroir exceptionnel de Madagascar.<\/p>\t\t\t\t\t\t<\/div>\n\t\t\t\t<\/div>\n\t\t\t\t<div class=\"elementor-element elementor-element-134751c align-center elementor-product-inner elementor-widget elementor-widget-tbay-products\" data-id=\"134751c\" data-element_type=\"widget\" data-widget_type=\"tbay-products.default\">\n\t\t\t\t<div class=\"elementor-widget-container\">\n\t\t\t\n<div class=\"tbay-element tbay-element-products\">\n\n    \n    <div class=\"products row grid products\" data-xlgdesktop=\"3\" data-desktop=\"3\" data-desktopsmall=\"3\" data-tablet=\"2\" data-landscape=\"1\" data-mobile=\"1\">\n\n    \n        <div class=\"item\">\n\t\t\t<div class=\"products-grid product type-product post-7029 status-publish first instock product_cat-infusions has-post-thumbnail featured shipping-taxable purchasable product-type-simple\">\n\t\t\t<div class=\"product-block grid product v1\" data-product-id=\"7029\">\n\t\t<div class=\"product-content\">\n\t\t\n\t\t<div class=\"block-inner\">\n\t\t\t<figure class=\"image\">\n\t\t\t\t<a title=\"Blend \u00c9quilibre\" href=\"https:\/\/www.izahobotanicals.com\/en\/product\/blend-equilibre\/\" class=\"product-image\">\n\t\t\t\t\t<img fetchpriority=\"high\" decoding=\"async\" width=\"440\" height=\"586\" src=\"https:\/\/www.izahobotanicals.com\/wp-content\/uploads\/2024\/11\/Blend-Equilibre-1-440x586.jpg\" class=\"attachment-woocommerce_thumbnail size-woocommerce_thumbnail\" alt=\"Boite d&#039;une Infusion blend \u00e9quilibre\" data-xoowscfly=\"fly\" \/>\t\t\t\t<\/a>\n\t\t\t\t\n\t\t\t\t\t\t\t\n\t\t\t\t\t\t<\/figure>\n\n                        \n            <div class=\"group-quick-view\">\n                            <\/div>\n            \n\t\t\t\n\n\t\t<\/div>\n\t\t\n\t\t<span class=\"only-featured onsale\"><span class=\"featured\">Featured<\/span><\/span>\t\t\n\t\t\n\t\t<div class=\"caption\">\n            \t\t\t\n                    <h3 class=\"name\"><a href=\"https:\/\/www.izahobotanicals.com\/en\/product\/blend-equilibre\/\">Blend \u00c9quilibre<\/a><\/h3>\n        \n                        \n\t\t\t\n\n\t\t\t\n\t\t\t<div class=\"group-content\">\n                \t<div class=\"rating\">\n\t\t\t\t\t<div class=\"star-rating\" role=\"img\" aria-label=\"Rated 4.20 out of 5\" data-no-translation-aria-label=\"\"><span style=\"width:84%\" data-no-translation=\"\" data-trp-gettext=\"\">Rated <strong class=\"rating\">4.20<\/strong> out of 5<\/span><\/div>\t\t\t<div class=\"count\"><span>(10 Avis)<\/span><\/div>\n\t\t\t<\/div>\n\t\n\t\t\t\t\n\t\t\t\t\n            <\/div>\n\t\t\t\n\t\t\t\n            \t\n\n            \t\t\t\n\t\t\t\t\t<\/div>\n\n\t\t<div class=\"group-buttons\">\t\n\t\t\t\t<div class=\"add-cart\" title=\"Add to cart\" data-no-translation-title=\"\" ><a href=\"?add-to-cart=7029\" data-quantity=\"1\" class=\"button product_type_simple add_to_cart_button ajax_add_to_cart\" data-product_id=\"7029\" data-product_sku=\"FLOR09.INF.EQL.50G\" aria-label=\"Add \u201cBlend \u00c9quilibre\u201d to your cart\" aria-describedby=\"\" rel=\"nofollow\" data-no-translation-aria-label=\"\"><span class=\"title-cart\" data-no-translation=\"\" data-trp-gettext=\"\">Add to cart<\/span><\/a><\/div>\t\t    <\/div>\n\t\t\n\t\t    <\/div>\n    \n\t<\/div>\n\t\t\t<\/div>\n        <\/div>\n\n    \n        <div class=\"item\">\n\t\t\t<div class=\"products-grid product type-product post-7030 status-publish instock product_cat-infusions has-post-thumbnail shipping-taxable purchasable product-type-simple\">\n\t\t\t<div class=\"product-block grid product v1\" data-product-id=\"7030\">\n\t\t<div class=\"product-content\">\n\t\t\n\t\t<div class=\"block-inner\">\n\t\t\t<figure class=\"image\">\n\t\t\t\t<a title=\"Blend Vitalit\u00e9\" href=\"https:\/\/www.izahobotanicals.com\/en\/product\/blend-vitalite\/\" class=\"product-image\">\n\t\t\t\t\t<img decoding=\"async\" width=\"440\" height=\"586\" src=\"https:\/\/www.izahobotanicals.com\/wp-content\/uploads\/2024\/11\/Blend-Vitalite-440x586.jpg\" class=\"attachment-woocommerce_thumbnail size-woocommerce_thumbnail\" alt=\"Boite d&#039;infusion vitalit\u00e9 avec une mise en sc\u00e8ne sur un fond de nature\" data-xoowscfly=\"fly\" \/>\t\t\t\t<\/a>\n\t\t\t\t\n\t\t\t\t\t\t\t\n\t\t\t\t\t\t<\/figure>\n\n                        \n            <div class=\"group-quick-view\">\n                            <\/div>\n            \n\t\t\t\n\n\t\t<\/div>\n\t\t\n\t\t\t\t\n\t\t\n\t\t<div class=\"caption\">\n            \t\t\t\n                    <h3 class=\"name\"><a href=\"https:\/\/www.izahobotanicals.com\/en\/product\/blend-vitalite\/\">Blend Vitalit\u00e9<\/a><\/h3>\n        \n                        \n\t\t\t\n\n\t\t\t\n\t\t\t<div class=\"group-content\">\n                \t<div class=\"rating\">\n\t\t\t\t\t<div class=\"star-rating\" role=\"img\" aria-label=\"Rated 4.50 out of 5\" data-no-translation-aria-label=\"\"><span style=\"width:90%\" data-no-translation=\"\" data-trp-gettext=\"\">Rated <strong class=\"rating\">4.50<\/strong> out of 5<\/span><\/div>\t\t\t<div class=\"count\"><span>(10 Avis)<\/span><\/div>\n\t\t\t<\/div>\n\t\n\t\t\t\t\n\t\t\t\t\n            <\/div>\n\t\t\t\n\t\t\t\n            \t\n\n            \t\t\t\n\t\t\t\t\t<\/div>\n\n\t\t<div class=\"group-buttons\">\t\n\t\t\t\t<div class=\"add-cart\" title=\"Add to cart\" data-no-translation-title=\"\" ><a href=\"?add-to-cart=7030\" data-quantity=\"1\" class=\"button product_type_simple add_to_cart_button ajax_add_to_cart\" data-product_id=\"7030\" data-product_sku=\"FLOR09.INF.VTL.65G\" aria-label=\"Add \u201cBlend Vitalit\u00e9\u201d to your cart\" aria-describedby=\"\" rel=\"nofollow\" data-no-translation-aria-label=\"\"><span class=\"title-cart\" data-no-translation=\"\" data-trp-gettext=\"\">Add to cart<\/span><\/a><\/div>\t\t    <\/div>\n\t\t\n\t\t    <\/div>\n    \n\t<\/div>\n\t\t\t<\/div>\n        <\/div>\n\n    \n        <div class=\"item\">\n\t\t\t<div class=\"products-grid product type-product post-7031 status-publish last instock product_cat-infusions has-post-thumbnail shipping-taxable purchasable product-type-simple\">\n\t\t\t<div class=\"product-block grid product v1\" data-product-id=\"7031\">\n\t\t<div class=\"product-content\">\n\t\t\n\t\t<div class=\"block-inner\">\n\t\t\t<figure class=\"image\">\n\t\t\t\t<a title=\"Blend D\u00e9tox\" href=\"https:\/\/www.izahobotanicals.com\/en\/product\/blend-detox\/\" class=\"product-image\">\n\t\t\t\t\t<img decoding=\"async\" width=\"440\" height=\"586\" src=\"https:\/\/www.izahobotanicals.com\/wp-content\/uploads\/2024\/11\/Blend-Detox-1-440x586.jpg\" class=\"attachment-woocommerce_thumbnail size-woocommerce_thumbnail\" alt=\"Boite d&#039;une Infusion blend d\u00e9tox\" data-xoowscfly=\"fly\" \/>\t\t\t\t<\/a>\n\t\t\t\t\n\t\t\t\t\t\t\t\n\t\t\t\t\t\t<\/figure>\n\n                        \n            <div class=\"group-quick-view\">\n                            <\/div>\n            \n\t\t\t\n\n\t\t<\/div>\n\t\t\n\t\t\t\t\n\t\t\n\t\t<div class=\"caption\">\n            \t\t\t\n                    <h3 class=\"name\"><a href=\"https:\/\/www.izahobotanicals.com\/en\/product\/blend-detox\/\">Blend D\u00e9tox<\/a><\/h3>\n        \n                        \n\t\t\t\n\n\t\t\t\n\t\t\t<div class=\"group-content\">\n                \t<div class=\"rating\">\n\t\t\t\t\t<div class=\"star-rating\" role=\"img\" aria-label=\"Rated 4.82 out of 5\" data-no-translation-aria-label=\"\"><span style=\"width:96.4%\" data-no-translation=\"\" data-trp-gettext=\"\">Rated <strong class=\"rating\">4.82<\/strong> out of 5<\/span><\/div>\t\t\t<div class=\"count\"><span>(11 Avis)<\/span><\/div>\n\t\t\t<\/div>\n\t\n\t\t\t\t\n\t\t\t\t\n            <\/div>\n\t\t\t\n\t\t\t\n            \t\n\n            \t\t\t\n\t\t\t\t\t<\/div>\n\n\t\t<div class=\"group-buttons\">\t\n\t\t\t\t<div class=\"add-cart\" title=\"Add to cart\" data-no-translation-title=\"\" ><a href=\"?add-to-cart=7031\" data-quantity=\"1\" class=\"button product_type_simple add_to_cart_button ajax_add_to_cart\" data-product_id=\"7031\" data-product_sku=\"FLOR09.INF.DTX.40G\" aria-label=\"Add \u201cBlend D\u00e9tox\u201d to your cart\" aria-describedby=\"\" rel=\"nofollow\" data-no-translation-aria-label=\"\"><span class=\"title-cart\" data-no-translation=\"\" data-trp-gettext=\"\">Add to cart<\/span><\/a><\/div>\t\t    <\/div>\n\t\t\n\t\t    <\/div>\n    \n\t<\/div>\n\t\t\t<\/div>\n        <\/div>\n\n     \n\n    <\/div>        \n<\/div>\t\t<\/div>\n\t\t\t\t<\/div>\n\t\t\t\t\t<\/div>\n\t\t<\/div>\n\t\t\t\t\t\t\t<\/div>\n\t\t<\/section>\n\t\t\t\t\t\t\t<\/div>","protected":false},"excerpt":{"rendered":"<p>InfusionsM\u00e9lange de plantes, fleurs et d&#8217;\u00e9pices Une gamme de 3 infusions bien-\u00eatre, \u00e0 base de plantes, fleurs et \u00e9pices rigoureusement s\u00e9lectionn\u00e9es, con\u00e7ue pour favoriser le bien-\u00eatre int\u00e9rieur.Chaque infusion est un m\u00e9lange unique d\u2019ar\u00f4mes et d\u2019ingr\u00e9dients naturels, issus du terroir exceptionnel de Madagascar. Blend D\u00e9tox Rated 4.82 out of 5 (11 Avis) 13.00&nbsp;&euro; Add to cart &hellip; <a href=\"https:\/\/www.izahobotanicals.com\/en\/product\/blend-detox\/\" class=\"more-link\">Continue reading <span class=\"screen-reader-text\">Blend D\u00e9tox<\/span><\/a><\/p>","protected":false},"author":1,"featured_media":0,"parent":0,"menu_order":0,"comment_status":"closed","ping_status":"closed","template":"","meta":{"inline_featured_image":false,"footnotes":""},"class_list":["post-5927","page","type-page","status-publish","hentry"],"_links":{"self":[{"href":"https:\/\/www.izahobotanicals.com\/en\/wp-json\/wp\/v2\/pages\/5927","targetHints":{"allow":["GET"]}}],"collection":[{"href":"https:\/\/www.izahobotanicals.com\/en\/wp-json\/wp\/v2\/pages"}],"about":[{"href":"https:\/\/www.izahobotanicals.com\/en\/wp-json\/wp\/v2\/types\/page"}],"author":[{"embeddable":true,"href":"https:\/\/www.izahobotanicals.com\/en\/wp-json\/wp\/v2\/users\/1"}],"replies":[{"embeddable":true,"href":"https:\/\/www.izahobotanicals.com\/en\/wp-json\/wp\/v2\/comments?post=5927"}],"version-history":[{"count":48,"href":"https:\/\/www.izahobotanicals.com\/en\/wp-json\/wp\/v2\/pages\/5927\/revisions"}],"predecessor-version":[{"id":7533,"href":"https:\/\/www.izahobotanicals.com\/en\/wp-json\/wp\/v2\/pages\/5927\/revisions\/7533"}],"wp:attachment":[{"href":"https:\/\/www.izahobotanicals.com\/en\/wp-json\/wp\/v2\/media?parent=5927"}],"curies":[{"name":"wp","href":"https:\/\/api.w.org\/{rel}","templated":true}]}}